{"id":4482,"date":"2011-10-06T18:22:05","date_gmt":"2011-10-06T21:22:05","guid":{"rendered":"http:\/\/ajupe.com.uy\/web\/?post_type=product&#038;p=4482"},"modified":"2011-10-06T18:22:05","modified_gmt":"2011-10-06T21:22:05","slug":"no-hay-un-amor-mas-grande","status":"publish","type":"product","link":"https:\/\/ajupe.com.uy\/web\/biblioteca\/no-hay-un-amor-mas-grande\/","title":{"rendered":"NO HAY UN AMOR MAS GRANDE"},"content":{"rendered":"<p>Edwina tuvo la suerte de sobrevivir al hundimiento del Titanic. Pero su coraz\u00f3n se hundi\u00f3 con \u00e9l y tuvo que aprender a recuperarlo.<br \/>\nLa noche del 14 de abril de 1912 fue una noche fat\u00eddica para Edwina Winfield. Mucho m\u00e1s en cuanto que se encontraba en su mjor momento: rodeada del cari\u00f1o de sus padres, Bert y Kate, y de su prometido Charles, satisfecha de sus cinco hermanos, alojada en el transatl\u00e1ntico m\u00e1s grande y lujoso de todos los tiempos.<br \/>\nPero el barco se hundi\u00f3. Y arrastr\u00f3 con \u00e9l a los padres y el prometido de Edwina. Ella pas\u00f3 de ilusionada novia a cabeza de una familia, de la que ten\u00eda que responsabilizarse a pesar del dolor, la inexperiencia y la falta, que preve\u00eda eterna, del amor m\u00e1s grande.<\/p>\n","protected":false},"excerpt":{"rendered":"<p>El 14 de Abril de 1912, Edwina iba en el Titanic con sus padres, sus cinco hermanos y su prometido.<br \/>\nEl barco se hundi\u00f3 arrastrando a los padres y al novio de la muchacha y dej\u00e1ndola de cabeza de familia a cargo de sus hermanos.<\/p>\n","protected":false},"featured_media":4483,"template":"","meta":[],"product_brand":[193],"product_cat":[38,29],"product_tag":[],"class_list":{"0":"post-4482","1":"product","2":"type-product","3":"status-publish","4":"has-post-thumbnail","6":"product_brand-danielle-steel","7":"product_cat-amor","8":"product_cat-novela","10":"first","11":"instock","12":"purchasable","13":"product-type-simple"},"featured_image_urls_v2":{"full":["https:\/\/ajupe.com.uy\/web\/wp-content\/uploads\/2016\/04\/p-4482-NO_HAY_UN_AMOR_M_4e8df1cd34b6f.jpg",781,1200,false],"thumbnail":["https:\/\/ajupe.com.uy\/web\/wp-content\/uploads\/2016\/04\/p-4482-NO_HAY_UN_AMOR_M_4e8df1cd34b6f.jpg",150,150,true],"medium":["https:\/\/ajupe.com.uy\/web\/wp-content\/uploads\/2016\/04\/p-4482-NO_HAY_UN_AMOR_M_4e8df1cd34b6f.jpg",300,214,true],"medium_large":["https:\/\/ajupe.com.uy\/web\/wp-content\/uploads\/2016\/04\/p-4482-NO_HAY_UN_AMOR_M_4e8df1cd34b6f.jpg",768,1180,false],"large":["https:\/\/ajupe.com.uy\/web\/wp-content\/uploads\/2016\/04\/p-4482-NO_HAY_UN_AMOR_M_4e8df1cd34b6f.jpg",666,1024,false],"1536x1536":["https:\/\/ajupe.com.uy\/web\/wp-content\/uploads\/2016\/04\/p-4482-NO_HAY_UN_AMOR_M_4e8df1cd34b6f.jpg",781,1200,false],"2048x2048":["https:\/\/ajupe.com.uy\/web\/wp-content\/uploads\/2016\/04\/p-4482-NO_HAY_UN_AMOR_M_4e8df1cd34b6f.jpg",781,1200,false],"woocommerce_archive_thumbnail":["https:\/\/ajupe.com.uy\/web\/wp-content\/uploads\/2016\/04\/p-4482-NO_HAY_UN_AMOR_M_4e8df1cd34b6f-300x450.jpg",300,450,true],"woocommerce_thumbnail":["https:\/\/ajupe.com.uy\/web\/wp-content\/uploads\/2016\/04\/p-4482-NO_HAY_UN_AMOR_M_4e8df1cd34b6f-300x300.jpg",300,300,true],"woocommerce_single":["https:\/\/ajupe.com.uy\/web\/wp-content\/uploads\/2016\/04\/p-4482-NO_HAY_UN_AMOR_M_4e8df1cd34b6f-300x461.jpg",300,461,true],"woocommerce_gallery_thumbnail":["https:\/\/ajupe.com.uy\/web\/wp-content\/uploads\/2016\/04\/p-4482-NO_HAY_UN_AMOR_M_4e8df1cd34b6f-100x100.jpg",100,100,true]},"post_excerpt_stackable_v2":"<p>El 14 de Abril de 1912, Edwina iba en el Titanic con sus padres, sus cinco hermanos y su prometido.<br \/>\nEl barco se hundi\u00f3 arrastrando a los padres y al novio de la muchacha y dej\u00e1ndola de cabeza de familia a cargo de sus hermanos.<\/p>\n","category_list_v2":"","author_info_v2":{"name":"","url":""},"comments_num_v2":"0 comentarios","_links":{"self":[{"href":"https:\/\/ajupe.com.uy\/web\/wp-json\/wp\/v2\/product\/4482","targetHints":{"allow":["GET"]}}],"collection":[{"href":"https:\/\/ajupe.com.uy\/web\/wp-json\/wp\/v2\/product"}],"about":[{"href":"https:\/\/ajupe.com.uy\/web\/wp-json\/wp\/v2\/types\/product"}],"wp:featuredmedia":[{"embeddable":true,"href":"https:\/\/ajupe.com.uy\/web\/wp-json\/wp\/v2\/media\/4483"}],"wp:attachment":[{"href":"https:\/\/ajupe.com.uy\/web\/wp-json\/wp\/v2\/media?parent=4482"}],"wp:term":[{"taxonomy":"product_brand","embeddable":true,"href":"https:\/\/ajupe.com.uy\/web\/wp-json\/wp\/v2\/product_brand?post=4482"},{"taxonomy":"product_cat","embeddable":true,"href":"https:\/\/ajupe.com.uy\/web\/wp-json\/wp\/v2\/product_cat?post=4482"},{"taxonomy":"product_tag","embeddable":true,"href":"https:\/\/ajupe.com.uy\/web\/wp-json\/wp\/v2\/product_tag?post=4482"}],"curies":[{"name":"wp","href":"https:\/\/api.w.org\/{rel}","templated":true}]}}