{"id":4491,"date":"2011-10-06T18:51:24","date_gmt":"2011-10-06T21:51:24","guid":{"rendered":"http:\/\/ajupe.com.uy\/web\/?post_type=product&#038;p=4491"},"modified":"2011-10-06T18:51:24","modified_gmt":"2011-10-06T21:51:24","slug":"los-crimenes-del-balneario","status":"publish","type":"product","link":"https:\/\/ajupe.com.uy\/web\/biblioteca\/los-crimenes-del-balneario\/","title":{"rendered":"LOS CRIMENES DEL BALNEARIO"},"content":{"rendered":"<p>La crimin\u00f3loga Anastasia Kam\u00e9nskaya, perezosa, inmutable, mal peinada y peor vestida, inexperta en el uso de las armas, acepta el ofrecimiento que su jefe le hace para que tome un descanso en la Ciudad. Pero la tranquilidad del balneario, regido por el capo de la mafia Eduard Den\u00edsov, se altera a causa de misteriosos acontecimientos que concluyen con el crimen de un veraneante.<br \/>\nEl asesinato arrincona a Den\u00edsov, quien necesita encontrar un culpable y entregarlo a la polic\u00eda. Mientras, las pesquisas de Kam\u00e9nskaya fastidian a los investigadores, que transforman su descanso en un infierno. Tal vez, la \u00fanica salida para ella sea un pacto con el jefe mafioso&#8230;<br \/>\nTrata de blancas, pornograf\u00eda, agentes infiltrados: con este c\u00f3ctel explosivo, Los cr\u00edmenes del balneario encumbr\u00f3 a Alexandra Mar\u00ednina como la gran revelaci\u00f3n de la novela rusa contempor\u00e1nea.<\/p>\n","protected":false},"excerpt":{"rendered":"<p>Nastia Kam\u00e9nskaya, mientras se halla descansando en un balneario se ve envuelta en un asunto de trata de blancas, agentes infiltrados, pornograf\u00eda y asesinatos.<\/p>\n","protected":false},"featured_media":4492,"template":"","meta":[],"product_brand":[542],"product_cat":[29,40,30],"product_tag":[],"class_list":{"0":"post-4491","1":"product","2":"type-product","3":"status-publish","4":"has-post-thumbnail","6":"product_brand-alexandra-marinina","7":"product_cat-novela","8":"product_cat-policial","9":"product_cat-suspenso","11":"first","12":"instock","13":"purchasable","14":"product-type-simple"},"featured_image_urls_v2":{"full":["https:\/\/ajupe.com.uy\/web\/wp-content\/uploads\/2016\/04\/p-4491-LOS_CRIMENES_DEL_4e8df8ac017e7.jpg",500,322,false],"thumbnail":["https:\/\/ajupe.com.uy\/web\/wp-content\/uploads\/2016\/04\/p-4491-LOS_CRIMENES_DEL_4e8df8ac017e7.jpg",150,150,true],"medium":["https:\/\/ajupe.com.uy\/web\/wp-content\/uploads\/2016\/04\/p-4491-LOS_CRIMENES_DEL_4e8df8ac017e7.jpg",300,214,true],"medium_large":["https:\/\/ajupe.com.uy\/web\/wp-content\/uploads\/2016\/04\/p-4491-LOS_CRIMENES_DEL_4e8df8ac017e7.jpg",500,322,false],"large":["https:\/\/ajupe.com.uy\/web\/wp-content\/uploads\/2016\/04\/p-4491-LOS_CRIMENES_DEL_4e8df8ac017e7.jpg",500,322,false],"1536x1536":["https:\/\/ajupe.com.uy\/web\/wp-content\/uploads\/2016\/04\/p-4491-LOS_CRIMENES_DEL_4e8df8ac017e7.jpg",500,322,false],"2048x2048":["https:\/\/ajupe.com.uy\/web\/wp-content\/uploads\/2016\/04\/p-4491-LOS_CRIMENES_DEL_4e8df8ac017e7.jpg",500,322,false],"woocommerce_archive_thumbnail":["https:\/\/ajupe.com.uy\/web\/wp-content\/uploads\/2016\/04\/p-4491-LOS_CRIMENES_DEL_4e8df8ac017e7-300x322.jpg",300,322,true],"woocommerce_thumbnail":["https:\/\/ajupe.com.uy\/web\/wp-content\/uploads\/2016\/04\/p-4491-LOS_CRIMENES_DEL_4e8df8ac017e7-300x300.jpg",300,300,true],"woocommerce_single":["https:\/\/ajupe.com.uy\/web\/wp-content\/uploads\/2016\/04\/p-4491-LOS_CRIMENES_DEL_4e8df8ac017e7-300x193.jpg",300,193,true],"woocommerce_gallery_thumbnail":["https:\/\/ajupe.com.uy\/web\/wp-content\/uploads\/2016\/04\/p-4491-LOS_CRIMENES_DEL_4e8df8ac017e7-100x100.jpg",100,100,true]},"post_excerpt_stackable_v2":"<p>Nastia Kam\u00e9nskaya, mientras se halla descansando en un balneario se ve envuelta en un asunto de trata de blancas, agentes infiltrados, pornograf\u00eda y asesinatos.<\/p>\n","category_list_v2":"","author_info_v2":{"name":"","url":""},"comments_num_v2":"0 comentarios","_links":{"self":[{"href":"https:\/\/ajupe.com.uy\/web\/wp-json\/wp\/v2\/product\/4491","targetHints":{"allow":["GET"]}}],"collection":[{"href":"https:\/\/ajupe.com.uy\/web\/wp-json\/wp\/v2\/product"}],"about":[{"href":"https:\/\/ajupe.com.uy\/web\/wp-json\/wp\/v2\/types\/product"}],"wp:featuredmedia":[{"embeddable":true,"href":"https:\/\/ajupe.com.uy\/web\/wp-json\/wp\/v2\/media\/4492"}],"wp:attachment":[{"href":"https:\/\/ajupe.com.uy\/web\/wp-json\/wp\/v2\/media?parent=4491"}],"wp:term":[{"taxonomy":"product_brand","embeddable":true,"href":"https:\/\/ajupe.com.uy\/web\/wp-json\/wp\/v2\/product_brand?post=4491"},{"taxonomy":"product_cat","embeddable":true,"href":"https:\/\/ajupe.com.uy\/web\/wp-json\/wp\/v2\/product_cat?post=4491"},{"taxonomy":"product_tag","embeddable":true,"href":"https:\/\/ajupe.com.uy\/web\/wp-json\/wp\/v2\/product_tag?post=4491"}],"curies":[{"name":"wp","href":"https:\/\/api.w.org\/{rel}","templated":true}]}}