{"id":4497,"date":"2011-10-06T19:28:36","date_gmt":"2011-10-06T22:28:36","guid":{"rendered":"http:\/\/ajupe.com.uy\/web\/?post_type=product&#038;p=4497"},"modified":"2011-10-06T19:28:36","modified_gmt":"2011-10-06T22:28:36","slug":"predicciones-astrologicas-2003-2004","status":"publish","type":"product","link":"https:\/\/ajupe.com.uy\/web\/biblioteca\/predicciones-astrologicas-2003-2004\/","title":{"rendered":"Predicciones Astrologicas 2003-2004"},"content":{"rendered":"<p>Horangel es un experto internacional de la astrolog\u00eda y lo confirma en  cada uno de sus Anuarios. Sin medias tintas, este infatigable buscador  de certezas se compromete en cada una de sus predicciones, utilizando  m\u00e9todos cient\u00edficos propios como la \u00abPrevimetr\u00eda\u00bb que le permite  sustentar con seriedad todos sus aciertos, diferenciando claramente su  quehacer de la mera adivinaci\u00f3n. En su \u00faltimo anuario (Predicciones Astrol\u00f3gicas 2002-2003), Horangel  escribi\u00f3 sobre la Argentina: \u00abLas complicaciones en el \u00e1mbito pol\u00edtico  se acentuar\u00e1n entre el 13 de diciembre del 2001 y el 23 de enero de  2002\u00bb. As\u00ed ocurri\u00f3. En ese per\u00edodo la sociedad argentina se enfrent\u00f3 con  la ca\u00edda de Fernando de la R\u00faa, hasta ese momento presidente, y una  serie de sucesos realmente preocupantes para la estabilidad democr\u00e1tica  del pa\u00eds. Editorial Atl\u00e1ntida se enorgullece en presentar Predicciones  Astrol\u00f3gicas Horangel 2003-2004, donde el visionario, adem\u00e1s de sus  predicciones signo por signo, caracterol\u00f3gicas y mundiales, se juega y  habla como nunca lo hab\u00eda hecho antes, con la seguridad de satisfacer  ampliamente las expectativas de todos sus lectores.<\/p>\n","protected":false},"excerpt":{"rendered":"<p>Horangel es un experto internacional de la astrolog\u00eda y lo confirma en cada uno de sus Anuarios. Sin medias tintas, este infatigable buscador de certezas se compromete en cada una de sus predicciones, utilizando m\u00e9todos cient\u00edficos propios como la \u00abPrevimetr\u00eda\u00bb que le permite sustentar con seriedad todos sus aciertos, diferenciando claramente su quehacer de la [&hellip;]<\/p>\n","protected":false},"featured_media":4498,"template":"","meta":[],"product_brand":[690],"product_cat":[34],"product_tag":[],"class_list":{"0":"post-4497","1":"product","2":"type-product","3":"status-publish","4":"has-post-thumbnail","6":"product_brand-horangel","7":"product_cat-otros","9":"first","10":"instock","11":"purchasable","12":"product-type-simple"},"featured_image_urls_v2":{"full":["https:\/\/ajupe.com.uy\/web\/wp-content\/uploads\/2016\/04\/p-4497-Predicciones_Ast_4e8e0164713ad.jpg",300,424,false],"thumbnail":["https:\/\/ajupe.com.uy\/web\/wp-content\/uploads\/2016\/04\/p-4497-Predicciones_Ast_4e8e0164713ad.jpg",150,150,true],"medium":["https:\/\/ajupe.com.uy\/web\/wp-content\/uploads\/2016\/04\/p-4497-Predicciones_Ast_4e8e0164713ad.jpg",300,214,true],"medium_large":["https:\/\/ajupe.com.uy\/web\/wp-content\/uploads\/2016\/04\/p-4497-Predicciones_Ast_4e8e0164713ad.jpg",300,424,false],"large":["https:\/\/ajupe.com.uy\/web\/wp-content\/uploads\/2016\/04\/p-4497-Predicciones_Ast_4e8e0164713ad.jpg",300,424,false],"1536x1536":["https:\/\/ajupe.com.uy\/web\/wp-content\/uploads\/2016\/04\/p-4497-Predicciones_Ast_4e8e0164713ad.jpg",300,424,false],"2048x2048":["https:\/\/ajupe.com.uy\/web\/wp-content\/uploads\/2016\/04\/p-4497-Predicciones_Ast_4e8e0164713ad.jpg",300,424,false],"woocommerce_archive_thumbnail":["https:\/\/ajupe.com.uy\/web\/wp-content\/uploads\/2016\/04\/p-4497-Predicciones_Ast_4e8e0164713ad-300x400.jpg",300,400,true],"woocommerce_thumbnail":["https:\/\/ajupe.com.uy\/web\/wp-content\/uploads\/2016\/04\/p-4497-Predicciones_Ast_4e8e0164713ad-300x300.jpg",300,300,true],"woocommerce_single":["https:\/\/ajupe.com.uy\/web\/wp-content\/uploads\/2016\/04\/p-4497-Predicciones_Ast_4e8e0164713ad.jpg",300,424,false],"woocommerce_gallery_thumbnail":["https:\/\/ajupe.com.uy\/web\/wp-content\/uploads\/2016\/04\/p-4497-Predicciones_Ast_4e8e0164713ad-100x100.jpg",100,100,true]},"post_excerpt_stackable_v2":"<p>Horangel es un experto internacional de la astrolog\u00eda y lo confirma en cada uno de sus Anuarios. Sin medias tintas, este infatigable buscador de certezas se compromete en cada una de sus predicciones, utilizando m\u00e9todos cient\u00edficos propios como la \u00abPrevimetr\u00eda\u00bb que le permite sustentar con seriedad todos sus aciertos, diferenciando claramente su quehacer de la mera adivinaci\u00f3n. En su \u00faltimo anuario (Predicciones Astrol\u00f3gicas 2002-2003), Horangel escribi\u00f3 sobre la Argentina: \u00abLas complicaciones en el \u00e1mbito pol\u00edtico se acentuar\u00e1n entre el 13 de diciembre del 2001 y el 23 de enero de 2002\u00bb. As\u00ed ocurri\u00f3. En ese per\u00edodo la sociedad argentina se&hellip;<\/p>\n","category_list_v2":"","author_info_v2":{"name":"","url":""},"comments_num_v2":"0 comentarios","_links":{"self":[{"href":"https:\/\/ajupe.com.uy\/web\/wp-json\/wp\/v2\/product\/4497","targetHints":{"allow":["GET"]}}],"collection":[{"href":"https:\/\/ajupe.com.uy\/web\/wp-json\/wp\/v2\/product"}],"about":[{"href":"https:\/\/ajupe.com.uy\/web\/wp-json\/wp\/v2\/types\/product"}],"wp:featuredmedia":[{"embeddable":true,"href":"https:\/\/ajupe.com.uy\/web\/wp-json\/wp\/v2\/media\/4498"}],"wp:attachment":[{"href":"https:\/\/ajupe.com.uy\/web\/wp-json\/wp\/v2\/media?parent=4497"}],"wp:term":[{"taxonomy":"product_brand","embeddable":true,"href":"https:\/\/ajupe.com.uy\/web\/wp-json\/wp\/v2\/product_brand?post=4497"},{"taxonomy":"product_cat","embeddable":true,"href":"https:\/\/ajupe.com.uy\/web\/wp-json\/wp\/v2\/product_cat?post=4497"},{"taxonomy":"product_tag","embeddable":true,"href":"https:\/\/ajupe.com.uy\/web\/wp-json\/wp\/v2\/product_tag?post=4497"}],"curies":[{"name":"wp","href":"https:\/\/api.w.org\/{rel}","templated":true}]}}