{"id":4506,"date":"2011-10-06T19:56:49","date_gmt":"2011-10-06T22:56:49","guid":{"rendered":"http:\/\/ajupe.com.uy\/web\/?post_type=product&#038;p=4506"},"modified":"2011-10-06T19:56:49","modified_gmt":"2011-10-06T22:56:49","slug":"las-virgenes-del-paraiso","status":"publish","type":"product","link":"https:\/\/ajupe.com.uy\/web\/biblioteca\/las-virgenes-del-paraiso\/","title":{"rendered":"Las Virgenes del Paraiso"},"content":{"rendered":"<p>Han pasado muchos a\u00f1os; Jasmine regresa a su casa natal en la calle de  las V\u00edrgenes del Par\u00edso, en El Cairo. Ahora es m\u00e9dica, y ha sabido  romper con la dependencia a que est\u00e1 condenada la mujer en su pa\u00eds.  Entonces, por su memoria desfilan su infancia privilegiada, su despertar  a la vida y su fracasado matrimonio, as\u00ed como el destino de las mujeres  de su familia. Las V\u00edrgenes del Para\u00edso es una panor\u00e1mica de la  historia reciente de Egipto y una cr\u00f3nica de la condici\u00f3n de la mujer en  el mundo musulm\u00e1n. Y sobre todo, una novela que emociona.<\/p>\n","protected":false},"excerpt":{"rendered":"<p>Han pasado muchos a\u00f1os; Jasmine regresa a su casa natal en la calle de las V\u00edrgenes del Par\u00edso, en El Cairo. Ahora es m\u00e9dica, y ha sabido romper con la dependencia a que est\u00e1 condenada la mujer en su pa\u00eds. Entonces, por su memoria desfilan su infancia privilegiada, su despertar a la vida y su [&hellip;]<\/p>\n","protected":false},"featured_media":4507,"template":"","meta":[],"product_brand":[279],"product_cat":[29],"product_tag":[],"class_list":{"0":"post-4506","1":"product","2":"type-product","3":"status-publish","4":"has-post-thumbnail","6":"product_brand-barbara-wood","7":"product_cat-novela","9":"first","10":"instock","11":"purchasable","12":"product-type-simple"},"featured_image_urls_v2":{"full":["https:\/\/ajupe.com.uy\/web\/wp-content\/uploads\/2016\/04\/p-4506-Las_Virgenes_del_4e8e0801834ee.jpg",270,270,false],"thumbnail":["https:\/\/ajupe.com.uy\/web\/wp-content\/uploads\/2016\/04\/p-4506-Las_Virgenes_del_4e8e0801834ee.jpg",150,150,true],"medium":["https:\/\/ajupe.com.uy\/web\/wp-content\/uploads\/2016\/04\/p-4506-Las_Virgenes_del_4e8e0801834ee.jpg",300,214,true],"medium_large":["https:\/\/ajupe.com.uy\/web\/wp-content\/uploads\/2016\/04\/p-4506-Las_Virgenes_del_4e8e0801834ee.jpg",270,270,false],"large":["https:\/\/ajupe.com.uy\/web\/wp-content\/uploads\/2016\/04\/p-4506-Las_Virgenes_del_4e8e0801834ee.jpg",270,270,false],"1536x1536":["https:\/\/ajupe.com.uy\/web\/wp-content\/uploads\/2016\/04\/p-4506-Las_Virgenes_del_4e8e0801834ee.jpg",270,270,false],"2048x2048":["https:\/\/ajupe.com.uy\/web\/wp-content\/uploads\/2016\/04\/p-4506-Las_Virgenes_del_4e8e0801834ee.jpg",270,270,false],"woocommerce_archive_thumbnail":["https:\/\/ajupe.com.uy\/web\/wp-content\/uploads\/2016\/04\/p-4506-Las_Virgenes_del_4e8e0801834ee.jpg",270,270,false],"woocommerce_thumbnail":["https:\/\/ajupe.com.uy\/web\/wp-content\/uploads\/2016\/04\/p-4506-Las_Virgenes_del_4e8e0801834ee.jpg",270,270,false],"woocommerce_single":["https:\/\/ajupe.com.uy\/web\/wp-content\/uploads\/2016\/04\/p-4506-Las_Virgenes_del_4e8e0801834ee.jpg",270,270,false],"woocommerce_gallery_thumbnail":["https:\/\/ajupe.com.uy\/web\/wp-content\/uploads\/2016\/04\/p-4506-Las_Virgenes_del_4e8e0801834ee-100x100.jpg",100,100,true]},"post_excerpt_stackable_v2":"<p>Han pasado muchos a\u00f1os; Jasmine regresa a su casa natal en la calle de las V\u00edrgenes del Par\u00edso, en El Cairo. Ahora es m\u00e9dica, y ha sabido romper con la dependencia a que est\u00e1 condenada la mujer en su pa\u00eds. Entonces, por su memoria desfilan su infancia privilegiada, su despertar a la vida y su fracasado matrimonio, as\u00ed como el destino de las mujeres de su familia. Las V\u00edrgenes del Para\u00edso es una panor\u00e1mica de la historia reciente de Egipto y una cr\u00f3nica de la condici\u00f3n de la mujer en el mundo musulm\u00e1n. Y sobre todo, una novela que emociona.<\/p>\n","category_list_v2":"","author_info_v2":{"name":"","url":""},"comments_num_v2":"0 comentarios","_links":{"self":[{"href":"https:\/\/ajupe.com.uy\/web\/wp-json\/wp\/v2\/product\/4506","targetHints":{"allow":["GET"]}}],"collection":[{"href":"https:\/\/ajupe.com.uy\/web\/wp-json\/wp\/v2\/product"}],"about":[{"href":"https:\/\/ajupe.com.uy\/web\/wp-json\/wp\/v2\/types\/product"}],"wp:featuredmedia":[{"embeddable":true,"href":"https:\/\/ajupe.com.uy\/web\/wp-json\/wp\/v2\/media\/4507"}],"wp:attachment":[{"href":"https:\/\/ajupe.com.uy\/web\/wp-json\/wp\/v2\/media?parent=4506"}],"wp:term":[{"taxonomy":"product_brand","embeddable":true,"href":"https:\/\/ajupe.com.uy\/web\/wp-json\/wp\/v2\/product_brand?post=4506"},{"taxonomy":"product_cat","embeddable":true,"href":"https:\/\/ajupe.com.uy\/web\/wp-json\/wp\/v2\/product_cat?post=4506"},{"taxonomy":"product_tag","embeddable":true,"href":"https:\/\/ajupe.com.uy\/web\/wp-json\/wp\/v2\/product_tag?post=4506"}],"curies":[{"name":"wp","href":"https:\/\/api.w.org\/{rel}","templated":true}]}}