{"id":4509,"date":"2011-10-06T20:02:39","date_gmt":"2011-10-06T23:02:39","guid":{"rendered":"http:\/\/ajupe.com.uy\/web\/?post_type=product&#038;p=4509"},"modified":"2011-10-06T20:02:39","modified_gmt":"2011-10-06T23:02:39","slug":"cielo-de-tambores","status":"publish","type":"product","link":"https:\/\/ajupe.com.uy\/web\/biblioteca\/cielo-de-tambores\/","title":{"rendered":"Cielo de Tambores"},"content":{"rendered":"<p>Pese a que la novela hist\u00f3rica ha sido uno de los g\u00e9neros m\u00e1s  transitados por la escritura literaria salte\u00f1a reciente, la hechura casi  exquisita de <em>Cielo de tambores <\/em>propone otras maneras para  contar y reinventar la memoria, pues compromete al lector de la forma  m\u00e1s noble que puede hacerlo la literatura: poniendo las experiencias y  la pasi\u00f3n al servicio de una patria m\u00e1s plural y justa. (Fallo Jurado  Certamen Literario &#8211; Pro Cultura Salta &#8211; 2001)<\/p>\n","protected":false},"excerpt":{"rendered":"<p>Pese a que la novela hist\u00f3rica ha sido uno de los g\u00e9neros m\u00e1s transitados por la escritura literaria salte\u00f1a reciente, la hechura casi exquisita de Cielo de tambores propone otras maneras para contar y reinventar la memoria, pues compromete al lector de la forma m\u00e1s noble que puede hacerlo la literatura: poniendo las experiencias y [&hellip;]<\/p>\n","protected":false},"featured_media":4510,"template":"","meta":[],"product_brand":[552],"product_cat":[37,31],"product_tag":[],"class_list":{"0":"post-4509","1":"product","2":"type-product","3":"status-publish","4":"has-post-thumbnail","6":"product_brand-ana-gloria-moya","7":"product_cat-ficcion","8":"product_cat-historico","10":"first","11":"instock","12":"purchasable","13":"product-type-simple"},"featured_image_urls_v2":{"full":["https:\/\/ajupe.com.uy\/web\/wp-content\/uploads\/2016\/04\/p-4509-Cielo_de_Tambore_4e8e095f474b2.jpg",422,580,false],"thumbnail":["https:\/\/ajupe.com.uy\/web\/wp-content\/uploads\/2016\/04\/p-4509-Cielo_de_Tambore_4e8e095f474b2.jpg",150,150,true],"medium":["https:\/\/ajupe.com.uy\/web\/wp-content\/uploads\/2016\/04\/p-4509-Cielo_de_Tambore_4e8e095f474b2.jpg",300,214,true],"medium_large":["https:\/\/ajupe.com.uy\/web\/wp-content\/uploads\/2016\/04\/p-4509-Cielo_de_Tambore_4e8e095f474b2.jpg",422,580,false],"large":["https:\/\/ajupe.com.uy\/web\/wp-content\/uploads\/2016\/04\/p-4509-Cielo_de_Tambore_4e8e095f474b2.jpg",422,580,false],"1536x1536":["https:\/\/ajupe.com.uy\/web\/wp-content\/uploads\/2016\/04\/p-4509-Cielo_de_Tambore_4e8e095f474b2.jpg",422,580,false],"2048x2048":["https:\/\/ajupe.com.uy\/web\/wp-content\/uploads\/2016\/04\/p-4509-Cielo_de_Tambore_4e8e095f474b2.jpg",422,580,false],"woocommerce_archive_thumbnail":["https:\/\/ajupe.com.uy\/web\/wp-content\/uploads\/2016\/04\/p-4509-Cielo_de_Tambore_4e8e095f474b2-300x450.jpg",300,450,true],"woocommerce_thumbnail":["https:\/\/ajupe.com.uy\/web\/wp-content\/uploads\/2016\/04\/p-4509-Cielo_de_Tambore_4e8e095f474b2-300x300.jpg",300,300,true],"woocommerce_single":["https:\/\/ajupe.com.uy\/web\/wp-content\/uploads\/2016\/04\/p-4509-Cielo_de_Tambore_4e8e095f474b2-300x412.jpg",300,412,true],"woocommerce_gallery_thumbnail":["https:\/\/ajupe.com.uy\/web\/wp-content\/uploads\/2016\/04\/p-4509-Cielo_de_Tambore_4e8e095f474b2-100x100.jpg",100,100,true]},"post_excerpt_stackable_v2":"<p>Pese a que la novela hist\u00f3rica ha sido uno de los g\u00e9neros m\u00e1s transitados por la escritura literaria salte\u00f1a reciente, la hechura casi exquisita de Cielo de tambores propone otras maneras para contar y reinventar la memoria, pues compromete al lector de la forma m\u00e1s noble que puede hacerlo la literatura: poniendo las experiencias y la pasi\u00f3n al servicio de una patria m\u00e1s plural y justa. (Fallo Jurado Certamen Literario &#8211; Pro Cultura Salta &#8211; 2001)<\/p>\n","category_list_v2":"","author_info_v2":{"name":"","url":""},"comments_num_v2":"0 comentarios","_links":{"self":[{"href":"https:\/\/ajupe.com.uy\/web\/wp-json\/wp\/v2\/product\/4509","targetHints":{"allow":["GET"]}}],"collection":[{"href":"https:\/\/ajupe.com.uy\/web\/wp-json\/wp\/v2\/product"}],"about":[{"href":"https:\/\/ajupe.com.uy\/web\/wp-json\/wp\/v2\/types\/product"}],"wp:featuredmedia":[{"embeddable":true,"href":"https:\/\/ajupe.com.uy\/web\/wp-json\/wp\/v2\/media\/4510"}],"wp:attachment":[{"href":"https:\/\/ajupe.com.uy\/web\/wp-json\/wp\/v2\/media?parent=4509"}],"wp:term":[{"taxonomy":"product_brand","embeddable":true,"href":"https:\/\/ajupe.com.uy\/web\/wp-json\/wp\/v2\/product_brand?post=4509"},{"taxonomy":"product_cat","embeddable":true,"href":"https:\/\/ajupe.com.uy\/web\/wp-json\/wp\/v2\/product_cat?post=4509"},{"taxonomy":"product_tag","embeddable":true,"href":"https:\/\/ajupe.com.uy\/web\/wp-json\/wp\/v2\/product_tag?post=4509"}],"curies":[{"name":"wp","href":"https:\/\/api.w.org\/{rel}","templated":true}]}}