{"id":4515,"date":"2011-10-06T20:15:21","date_gmt":"2011-10-06T23:15:21","guid":{"rendered":"http:\/\/ajupe.com.uy\/web\/?post_type=product&#038;p=4515"},"modified":"2011-10-11T17:37:40","modified_gmt":"2011-10-11T20:37:40","slug":"la-undecima-revelacion","status":"publish","type":"product","link":"https:\/\/ajupe.com.uy\/web\/biblioteca\/la-undecima-revelacion\/","title":{"rendered":"La Undecima Revelacion"},"content":{"rendered":"<p>El autor escribe sus ense\u00f1anzas en forma de novela de aventuras y en  cada una de ellas adquiere m\u00e1s conocimientos y llega cada vez m\u00e1s cerca  de la comprensi\u00f3n de los secretos del universo. En un viaje singular  lleno de acontecimientos sorprendentes, llega al T\u00edbet, donde un gu\u00eda le  llevar\u00e1 a la ciudad de Shangril\u00e1. Para llegar a este m\u00edtico lugar  deber\u00e1 alcanzar el nivel de revelaciones m\u00e1s avanzadas de una secta  tibetana. Cuando por fin lo alcanza ve que esta tierra prometida,  escondida en las monta\u00f1as m\u00e1s altas del T\u00edbet, se mantiene gracias a los  poderes mentales de sus habitantes. Ellos crean todo lo que necesitan  con la fuerza de la energ\u00eda interior y con su sincronicidad con el  entorno.<\/p>\n","protected":false},"excerpt":{"rendered":"<p>El autor escribe sus ense\u00f1anzas en forma de novela de aventuras y en cada una de ellas adquiere m\u00e1s conocimientos y llega cada vez m\u00e1s cerca de la comprensi\u00f3n de los secretos del universo. En un viaje singular lleno de acontecimientos sorprendentes, llega al T\u00edbet, donde un gu\u00eda le llevar\u00e1 a la ciudad de Shangril\u00e1. [&hellip;]<\/p>\n","protected":false},"featured_media":4516,"template":"","meta":[],"product_brand":[57],"product_cat":[32,47],"product_tag":[],"class_list":{"0":"post-4515","1":"product","2":"type-product","3":"status-publish","4":"has-post-thumbnail","6":"product_brand-james-redfield","7":"product_cat-autoayuda","8":"product_cat-ensayo","10":"first","11":"instock","12":"purchasable","13":"product-type-simple"},"featured_image_urls_v2":{"full":["https:\/\/ajupe.com.uy\/web\/wp-content\/uploads\/2016\/04\/p-4515-La_Undecima_Reve_4e8e0c5917189.jpg",270,270,false],"thumbnail":["https:\/\/ajupe.com.uy\/web\/wp-content\/uploads\/2016\/04\/p-4515-La_Undecima_Reve_4e8e0c5917189.jpg",150,150,true],"medium":["https:\/\/ajupe.com.uy\/web\/wp-content\/uploads\/2016\/04\/p-4515-La_Undecima_Reve_4e8e0c5917189.jpg",300,214,true],"medium_large":["https:\/\/ajupe.com.uy\/web\/wp-content\/uploads\/2016\/04\/p-4515-La_Undecima_Reve_4e8e0c5917189.jpg",270,270,false],"large":["https:\/\/ajupe.com.uy\/web\/wp-content\/uploads\/2016\/04\/p-4515-La_Undecima_Reve_4e8e0c5917189.jpg",270,270,false],"1536x1536":["https:\/\/ajupe.com.uy\/web\/wp-content\/uploads\/2016\/04\/p-4515-La_Undecima_Reve_4e8e0c5917189.jpg",270,270,false],"2048x2048":["https:\/\/ajupe.com.uy\/web\/wp-content\/uploads\/2016\/04\/p-4515-La_Undecima_Reve_4e8e0c5917189.jpg",270,270,false],"woocommerce_archive_thumbnail":["https:\/\/ajupe.com.uy\/web\/wp-content\/uploads\/2016\/04\/p-4515-La_Undecima_Reve_4e8e0c5917189.jpg",270,270,false],"woocommerce_thumbnail":["https:\/\/ajupe.com.uy\/web\/wp-content\/uploads\/2016\/04\/p-4515-La_Undecima_Reve_4e8e0c5917189.jpg",270,270,false],"woocommerce_single":["https:\/\/ajupe.com.uy\/web\/wp-content\/uploads\/2016\/04\/p-4515-La_Undecima_Reve_4e8e0c5917189.jpg",270,270,false],"woocommerce_gallery_thumbnail":["https:\/\/ajupe.com.uy\/web\/wp-content\/uploads\/2016\/04\/p-4515-La_Undecima_Reve_4e8e0c5917189-100x100.jpg",100,100,true]},"post_excerpt_stackable_v2":"<p>El autor escribe sus ense\u00f1anzas en forma de novela de aventuras y en cada una de ellas adquiere m\u00e1s conocimientos y llega cada vez m\u00e1s cerca de la comprensi\u00f3n de los secretos del universo. En un viaje singular lleno de acontecimientos sorprendentes, llega al T\u00edbet, donde un gu\u00eda le llevar\u00e1 a la ciudad de Shangril\u00e1. Para llegar a este m\u00edtico lugar deber\u00e1 alcanzar el nivel de revelaciones m\u00e1s avanzadas de una secta tibetana. Cuando por fin lo alcanza ve que esta tierra prometida, escondida en las monta\u00f1as m\u00e1s altas del T\u00edbet, se mantiene gracias a los poderes mentales de sus&hellip;<\/p>\n","category_list_v2":"","author_info_v2":{"name":"","url":""},"comments_num_v2":"0 comentarios","_links":{"self":[{"href":"https:\/\/ajupe.com.uy\/web\/wp-json\/wp\/v2\/product\/4515","targetHints":{"allow":["GET"]}}],"collection":[{"href":"https:\/\/ajupe.com.uy\/web\/wp-json\/wp\/v2\/product"}],"about":[{"href":"https:\/\/ajupe.com.uy\/web\/wp-json\/wp\/v2\/types\/product"}],"wp:featuredmedia":[{"embeddable":true,"href":"https:\/\/ajupe.com.uy\/web\/wp-json\/wp\/v2\/media\/4516"}],"wp:attachment":[{"href":"https:\/\/ajupe.com.uy\/web\/wp-json\/wp\/v2\/media?parent=4515"}],"wp:term":[{"taxonomy":"product_brand","embeddable":true,"href":"https:\/\/ajupe.com.uy\/web\/wp-json\/wp\/v2\/product_brand?post=4515"},{"taxonomy":"product_cat","embeddable":true,"href":"https:\/\/ajupe.com.uy\/web\/wp-json\/wp\/v2\/product_cat?post=4515"},{"taxonomy":"product_tag","embeddable":true,"href":"https:\/\/ajupe.com.uy\/web\/wp-json\/wp\/v2\/product_tag?post=4515"}],"curies":[{"name":"wp","href":"https:\/\/api.w.org\/{rel}","templated":true}]}}