{"id":4527,"date":"2011-10-06T20:36:30","date_gmt":"2011-10-06T23:36:30","guid":{"rendered":"http:\/\/ajupe.com.uy\/web\/?post_type=product&#038;p=4527"},"modified":"2011-10-06T20:36:30","modified_gmt":"2011-10-06T23:36:30","slug":"quattrocento","status":"publish","type":"product","link":"https:\/\/ajupe.com.uy\/web\/biblioteca\/quattrocento\/","title":{"rendered":"Quattrocento"},"content":{"rendered":"<p>Quattrocento es una novella sugerente y cautivadora, rica en discusiones  sobre arte. Una gran historia de amor que recrea todo un fresco  preciosista del Renacimiento italiano.Matt O\u2019Brien, restaurador de arte  en el museo Metropolitan de Nueva York, un d\u00eda descubre casualmente un  cuadro que, hasta entonces, hab\u00eda pasado desapercibido en la  instituci\u00f3n. Intuyendo una figura femenina oculta en esta tela castigada  por los estragos del tiempo, Matt se vuelca de pleno en su  restauraci\u00f3n.Tras el proceso, el joven sufre una transformaci\u00f3n: no  puede quitarse de la cabeza a la joven del cuadro, a quien incluso ha  bautizado como Anna. Matt es un apasionado del Quattrocento -\u00e9poca de la  que procede el lienzo- y lleva a\u00f1os dedicado al estudio del arte de  este periodo, por lo que viaja con frecuencia a italia. En Nueva York,  se refugia a menudo en el studiolo situado en el museo. En esa peque\u00f1a  estancia, forrada de madera y cubierta de trampantojos para recrear un  estudio renancentista, Matt encuentra respuesta a las numerosas dudas  que le asaltan tras el descubrimiento del cuadro. Y ser\u00e1 ah\u00ed donde  descubra qui\u00e9n se halla detr\u00e1s de la identidad de la mujer del cuadro:  una noble italiana que, como \u00e9l, volc\u00f3 su vida en el arte.<\/p>\n","protected":false},"excerpt":{"rendered":"<p>Quattrocento es una novella sugerente y cautivadora, rica en discusiones sobre arte. Una gran historia de amor que recrea todo un fresco preciosista del Renacimiento italiano.Matt O\u2019Brien, restaurador de arte en el museo Metropolitan de Nueva York, un d\u00eda descubre casualmente un cuadro que, hasta entonces, hab\u00eda pasado desapercibido en la instituci\u00f3n. Intuyendo una figura [&hellip;]<\/p>\n","protected":false},"featured_media":4528,"template":"","meta":[],"product_brand":[718],"product_cat":[31,29],"product_tag":[],"class_list":{"0":"post-4527","1":"product","2":"type-product","3":"status-publish","4":"has-post-thumbnail","6":"product_brand-james-mckean","7":"product_cat-historico","8":"product_cat-novela","10":"first","11":"instock","12":"purchasable","13":"product-type-simple"},"featured_image_urls_v2":{"full":["https:\/\/ajupe.com.uy\/web\/wp-content\/uploads\/2016\/04\/p-4527-Quattrocento_4e8e114ec686b.jpg",406,607,false],"thumbnail":["https:\/\/ajupe.com.uy\/web\/wp-content\/uploads\/2016\/04\/p-4527-Quattrocento_4e8e114ec686b.jpg",150,150,true],"medium":["https:\/\/ajupe.com.uy\/web\/wp-content\/uploads\/2016\/04\/p-4527-Quattrocento_4e8e114ec686b.jpg",300,214,true],"medium_large":["https:\/\/ajupe.com.uy\/web\/wp-content\/uploads\/2016\/04\/p-4527-Quattrocento_4e8e114ec686b.jpg",406,607,false],"large":["https:\/\/ajupe.com.uy\/web\/wp-content\/uploads\/2016\/04\/p-4527-Quattrocento_4e8e114ec686b.jpg",406,607,false],"1536x1536":["https:\/\/ajupe.com.uy\/web\/wp-content\/uploads\/2016\/04\/p-4527-Quattrocento_4e8e114ec686b.jpg",406,607,false],"2048x2048":["https:\/\/ajupe.com.uy\/web\/wp-content\/uploads\/2016\/04\/p-4527-Quattrocento_4e8e114ec686b.jpg",406,607,false],"woocommerce_archive_thumbnail":["https:\/\/ajupe.com.uy\/web\/wp-content\/uploads\/2016\/04\/p-4527-Quattrocento_4e8e114ec686b-300x450.jpg",300,450,true],"woocommerce_thumbnail":["https:\/\/ajupe.com.uy\/web\/wp-content\/uploads\/2016\/04\/p-4527-Quattrocento_4e8e114ec686b-300x300.jpg",300,300,true],"woocommerce_single":["https:\/\/ajupe.com.uy\/web\/wp-content\/uploads\/2016\/04\/p-4527-Quattrocento_4e8e114ec686b-300x449.jpg",300,449,true],"woocommerce_gallery_thumbnail":["https:\/\/ajupe.com.uy\/web\/wp-content\/uploads\/2016\/04\/p-4527-Quattrocento_4e8e114ec686b-100x100.jpg",100,100,true]},"post_excerpt_stackable_v2":"<p>Quattrocento es una novella sugerente y cautivadora, rica en discusiones sobre arte. Una gran historia de amor que recrea todo un fresco preciosista del Renacimiento italiano.Matt O\u2019Brien, restaurador de arte en el museo Metropolitan de Nueva York, un d\u00eda descubre casualmente un cuadro que, hasta entonces, hab\u00eda pasado desapercibido en la instituci\u00f3n. Intuyendo una figura femenina oculta en esta tela castigada por los estragos del tiempo, Matt se vuelca de pleno en su restauraci\u00f3n.Tras el proceso, el joven sufre una transformaci\u00f3n: no puede quitarse de la cabeza a la joven del cuadro, a quien incluso ha bautizado como Anna. Matt&hellip;<\/p>\n","category_list_v2":"","author_info_v2":{"name":"","url":""},"comments_num_v2":"0 comentarios","_links":{"self":[{"href":"https:\/\/ajupe.com.uy\/web\/wp-json\/wp\/v2\/product\/4527","targetHints":{"allow":["GET"]}}],"collection":[{"href":"https:\/\/ajupe.com.uy\/web\/wp-json\/wp\/v2\/product"}],"about":[{"href":"https:\/\/ajupe.com.uy\/web\/wp-json\/wp\/v2\/types\/product"}],"wp:featuredmedia":[{"embeddable":true,"href":"https:\/\/ajupe.com.uy\/web\/wp-json\/wp\/v2\/media\/4528"}],"wp:attachment":[{"href":"https:\/\/ajupe.com.uy\/web\/wp-json\/wp\/v2\/media?parent=4527"}],"wp:term":[{"taxonomy":"product_brand","embeddable":true,"href":"https:\/\/ajupe.com.uy\/web\/wp-json\/wp\/v2\/product_brand?post=4527"},{"taxonomy":"product_cat","embeddable":true,"href":"https:\/\/ajupe.com.uy\/web\/wp-json\/wp\/v2\/product_cat?post=4527"},{"taxonomy":"product_tag","embeddable":true,"href":"https:\/\/ajupe.com.uy\/web\/wp-json\/wp\/v2\/product_tag?post=4527"}],"curies":[{"name":"wp","href":"https:\/\/api.w.org\/{rel}","templated":true}]}}