{"id":4536,"date":"2011-10-06T21:13:39","date_gmt":"2011-10-07T00:13:39","guid":{"rendered":"http:\/\/ajupe.com.uy\/web\/?post_type=product&#038;p=4536"},"modified":"2011-10-11T17:42:25","modified_gmt":"2011-10-11T20:42:25","slug":"la-nochevieja-de-montalbano","status":"publish","type":"product","link":"https:\/\/ajupe.com.uy\/web\/biblioteca\/la-nochevieja-de-montalbano\/","title":{"rendered":"La Nochevieja de Montalbano"},"content":{"rendered":"<p>Los miles de lectores que disfrutan con cada libro de Salvo Montalbano, el entra\u00f1able personaje creado por <strong>Andrea Camilleri<\/strong> \u2014el autor m\u00e1s le\u00eddo de Italia\u2014, encontrar\u00e1n en esta ocasi\u00f3n una serie  de relatos en los que el peculiar comisario siciliano, sabio int\u00e9rprete  del arte de vivir, se supera a s\u00ed mismo. Una palabra fuera de tono, un  gesto descontrolado, un detalle incongruente, detectados con una  percepci\u00f3n m\u00e1s que aguda en la cadena de absurdos de la vida cotidiana,  son suficientes para poner en movimiento la m\u00e1quina de su investigaci\u00f3n.  As\u00ed pues, los cr\u00edmenes y criminales que se someter\u00e1n al infalible  escrutinio de Montalbano son tan heterog\u00e9neos y extra\u00f1os como esa vieja  pareja de actores que interpreta un f\u00fanebre libreto en la intimidad de  su dormitorio, aquel juez torturado por la idea de que su estado de  \u00e1nimo influya en la ecuanimidad de sus fallos, o esa esposa cuya  fidelidad es sometida a votaci\u00f3n popular mediante carteles colgados en  los muros de su pueblo. Y para coronar esta divertida colecci\u00f3n, en el  relato que da t\u00edtulo al libro encontramos a Montalbano a punto de  celebrar la Nochevieja, sumergido en un fuerte ataque de melancol\u00eda  despu\u00e9s de la en\u00e9sima \u00abdiscrepancia\u00bb con Livia, su eterna novia  genovesa. La \u00fanica luz de esa jornada oscura podr\u00edan ser los  inenarrables arancini de Adelina, su asistenta, \u00fanica persona en este  mundo capaz de transformar estas croquetas sicilianas en un aut\u00e9ntico  manjar de los dioses. Sin embargo, para poder acceder a este fest\u00edn,  Montalbano habr\u00e1 de demostrar antes la inocencia de uno de los hijos de  Adelina. Desde la ma\u00f1ana de un d\u00eda lluvioso, cuando antes de tomar el  caf\u00e9 se pone de un humor sombr\u00edo como la tinta, hasta la medianoche  cuando, agotado, conduce hacia su casa de Marinella mientras se complace  en el esperado disfrute de una hora de fresca soledad en su peque\u00f1a  terraza a orillas del mar, Montalbano exhibe esa mezcla de sabidur\u00eda de  vida y coraje que todos quisi\u00e9ramos poseer.<\/p>\n","protected":false},"excerpt":{"rendered":"<p>Los miles de lectores que disfrutan con cada libro de Salvo Montalbano, el entra\u00f1able personaje creado por Andrea Camilleri \u2014el autor m\u00e1s le\u00eddo de Italia\u2014, encontrar\u00e1n en esta ocasi\u00f3n una serie de relatos en los que el peculiar comisario siciliano, sabio int\u00e9rprete del arte de vivir, se supera a s\u00ed mismo. Una palabra fuera de [&hellip;]<\/p>\n","protected":false},"featured_media":4537,"template":"","meta":[],"product_brand":[399],"product_cat":[29,40],"product_tag":[],"class_list":{"0":"post-4536","1":"product","2":"type-product","3":"status-publish","4":"has-post-thumbnail","6":"product_brand-andrea-camilleri","7":"product_cat-novela","8":"product_cat-policial","10":"first","11":"instock","12":"purchasable","13":"product-type-simple"},"featured_image_urls_v2":{"full":["https:\/\/ajupe.com.uy\/web\/wp-content\/uploads\/2016\/04\/p-4536-La_Nochevieja_de_4e8e1a0339df8.jpg",220,353,false],"thumbnail":["https:\/\/ajupe.com.uy\/web\/wp-content\/uploads\/2016\/04\/p-4536-La_Nochevieja_de_4e8e1a0339df8.jpg",150,150,true],"medium":["https:\/\/ajupe.com.uy\/web\/wp-content\/uploads\/2016\/04\/p-4536-La_Nochevieja_de_4e8e1a0339df8.jpg",300,214,true],"medium_large":["https:\/\/ajupe.com.uy\/web\/wp-content\/uploads\/2016\/04\/p-4536-La_Nochevieja_de_4e8e1a0339df8.jpg",220,353,false],"large":["https:\/\/ajupe.com.uy\/web\/wp-content\/uploads\/2016\/04\/p-4536-La_Nochevieja_de_4e8e1a0339df8.jpg",220,353,false],"1536x1536":["https:\/\/ajupe.com.uy\/web\/wp-content\/uploads\/2016\/04\/p-4536-La_Nochevieja_de_4e8e1a0339df8.jpg",220,353,false],"2048x2048":["https:\/\/ajupe.com.uy\/web\/wp-content\/uploads\/2016\/04\/p-4536-La_Nochevieja_de_4e8e1a0339df8.jpg",220,353,false],"woocommerce_archive_thumbnail":["https:\/\/ajupe.com.uy\/web\/wp-content\/uploads\/2016\/04\/p-4536-La_Nochevieja_de_4e8e1a0339df8-220x300.jpg",220,300,true],"woocommerce_thumbnail":["https:\/\/ajupe.com.uy\/web\/wp-content\/uploads\/2016\/04\/p-4536-La_Nochevieja_de_4e8e1a0339df8-220x300.jpg",220,300,true],"woocommerce_single":["https:\/\/ajupe.com.uy\/web\/wp-content\/uploads\/2016\/04\/p-4536-La_Nochevieja_de_4e8e1a0339df8.jpg",220,353,false],"woocommerce_gallery_thumbnail":["https:\/\/ajupe.com.uy\/web\/wp-content\/uploads\/2016\/04\/p-4536-La_Nochevieja_de_4e8e1a0339df8-100x100.jpg",100,100,true]},"post_excerpt_stackable_v2":"<p>Los miles de lectores que disfrutan con cada libro de Salvo Montalbano, el entra\u00f1able personaje creado por Andrea Camilleri \u2014el autor m\u00e1s le\u00eddo de Italia\u2014, encontrar\u00e1n en esta ocasi\u00f3n una serie de relatos en los que el peculiar comisario siciliano, sabio int\u00e9rprete del arte de vivir, se supera a s\u00ed mismo. Una palabra fuera de tono, un gesto descontrolado, un detalle incongruente, detectados con una percepci\u00f3n m\u00e1s que aguda en la cadena de absurdos de la vida cotidiana, son suficientes para poner en movimiento la m\u00e1quina de su investigaci\u00f3n. As\u00ed pues, los cr\u00edmenes y criminales que se someter\u00e1n al infalible&hellip;<\/p>\n","category_list_v2":"","author_info_v2":{"name":"","url":""},"comments_num_v2":"0 comentarios","_links":{"self":[{"href":"https:\/\/ajupe.com.uy\/web\/wp-json\/wp\/v2\/product\/4536","targetHints":{"allow":["GET"]}}],"collection":[{"href":"https:\/\/ajupe.com.uy\/web\/wp-json\/wp\/v2\/product"}],"about":[{"href":"https:\/\/ajupe.com.uy\/web\/wp-json\/wp\/v2\/types\/product"}],"wp:featuredmedia":[{"embeddable":true,"href":"https:\/\/ajupe.com.uy\/web\/wp-json\/wp\/v2\/media\/4537"}],"wp:attachment":[{"href":"https:\/\/ajupe.com.uy\/web\/wp-json\/wp\/v2\/media?parent=4536"}],"wp:term":[{"taxonomy":"product_brand","embeddable":true,"href":"https:\/\/ajupe.com.uy\/web\/wp-json\/wp\/v2\/product_brand?post=4536"},{"taxonomy":"product_cat","embeddable":true,"href":"https:\/\/ajupe.com.uy\/web\/wp-json\/wp\/v2\/product_cat?post=4536"},{"taxonomy":"product_tag","embeddable":true,"href":"https:\/\/ajupe.com.uy\/web\/wp-json\/wp\/v2\/product_tag?post=4536"}],"curies":[{"name":"wp","href":"https:\/\/api.w.org\/{rel}","templated":true}]}}