{"id":4548,"date":"2011-10-06T21:40:18","date_gmt":"2011-10-07T00:40:18","guid":{"rendered":"http:\/\/ajupe.com.uy\/web\/?post_type=product&#038;p=4548"},"modified":"2011-10-06T21:40:18","modified_gmt":"2011-10-07T00:40:18","slug":"el-sendero-del-amor","status":"publish","type":"product","link":"https:\/\/ajupe.com.uy\/web\/biblioteca\/el-sendero-del-amor\/","title":{"rendered":"El Sendero del Amor"},"content":{"rendered":"<p>Con el recuerdo\u00a0 de su mujer a\u00fan vivo en la memoria, Miles Ryan conoce a  Sarah Andrews, la nueva maestra de su hijo, que acaba de llegar a la  ciudad con el prop\u00f3sito de rehacer su vida. T\u00edmidamente, Sarah y Miles  se abren el uno al otro, y muy pronto ri\u00e9n por primera vez en mucho  tiempo. Sin embargo, mientras empiezan a superar el doloroso pasado,  ambos ignoran cu\u00e1n ligados est\u00e1n a un terrible secreto, un secreto que  los obligar\u00e1 a cuestionar todo aquello en lo que cre\u00edan y, finalmente, a  tomar una desgarradora decisi\u00f3n que cambiar\u00e1 sus vidas para siempre.<\/p>\n","protected":false},"excerpt":{"rendered":"<p>Con el recuerdo\u00a0 de su mujer a\u00fan vivo en la memoria, Miles Ryan conoce a Sarah Andrews, la nueva maestra de su hijo, que acaba de llegar a la ciudad con el prop\u00f3sito de rehacer su vida. T\u00edmidamente, Sarah y Miles se abren el uno al otro, y muy pronto ri\u00e9n por primera vez en [&hellip;]<\/p>\n","protected":false},"featured_media":4549,"template":"","meta":[],"product_brand":[441],"product_cat":[29],"product_tag":[],"class_list":{"0":"post-4548","1":"product","2":"type-product","3":"status-publish","4":"has-post-thumbnail","6":"product_brand-nicholas-sparks","7":"product_cat-novela","9":"first","10":"instock","11":"purchasable","12":"product-type-simple"},"featured_image_urls_v2":{"full":["https:\/\/ajupe.com.uy\/web\/wp-content\/uploads\/2016\/04\/p-4548-El_Sendero_del_A_4e8e2042e52ab.jpg",168,266,false],"thumbnail":["https:\/\/ajupe.com.uy\/web\/wp-content\/uploads\/2016\/04\/p-4548-El_Sendero_del_A_4e8e2042e52ab.jpg",150,150,true],"medium":["https:\/\/ajupe.com.uy\/web\/wp-content\/uploads\/2016\/04\/p-4548-El_Sendero_del_A_4e8e2042e52ab.jpg",300,214,true],"medium_large":["https:\/\/ajupe.com.uy\/web\/wp-content\/uploads\/2016\/04\/p-4548-El_Sendero_del_A_4e8e2042e52ab.jpg",168,266,false],"large":["https:\/\/ajupe.com.uy\/web\/wp-content\/uploads\/2016\/04\/p-4548-El_Sendero_del_A_4e8e2042e52ab.jpg",168,266,false],"1536x1536":["https:\/\/ajupe.com.uy\/web\/wp-content\/uploads\/2016\/04\/p-4548-El_Sendero_del_A_4e8e2042e52ab.jpg",168,266,false],"2048x2048":["https:\/\/ajupe.com.uy\/web\/wp-content\/uploads\/2016\/04\/p-4548-El_Sendero_del_A_4e8e2042e52ab.jpg",168,266,false],"woocommerce_archive_thumbnail":["https:\/\/ajupe.com.uy\/web\/wp-content\/uploads\/2016\/04\/p-4548-El_Sendero_del_A_4e8e2042e52ab.jpg",168,266,false],"woocommerce_thumbnail":["https:\/\/ajupe.com.uy\/web\/wp-content\/uploads\/2016\/04\/p-4548-El_Sendero_del_A_4e8e2042e52ab.jpg",168,266,false],"woocommerce_single":["https:\/\/ajupe.com.uy\/web\/wp-content\/uploads\/2016\/04\/p-4548-El_Sendero_del_A_4e8e2042e52ab.jpg",168,266,false],"woocommerce_gallery_thumbnail":["https:\/\/ajupe.com.uy\/web\/wp-content\/uploads\/2016\/04\/p-4548-El_Sendero_del_A_4e8e2042e52ab-100x100.jpg",100,100,true]},"post_excerpt_stackable_v2":"<p>Con el recuerdo\u00a0 de su mujer a\u00fan vivo en la memoria, Miles Ryan conoce a Sarah Andrews, la nueva maestra de su hijo, que acaba de llegar a la ciudad con el prop\u00f3sito de rehacer su vida. T\u00edmidamente, Sarah y Miles se abren el uno al otro, y muy pronto ri\u00e9n por primera vez en mucho tiempo. Sin embargo, mientras empiezan a superar el doloroso pasado, ambos ignoran cu\u00e1n ligados est\u00e1n a un terrible secreto, un secreto que los obligar\u00e1 a cuestionar todo aquello en lo que cre\u00edan y, finalmente, a tomar una desgarradora decisi\u00f3n que cambiar\u00e1 sus vidas para&hellip;<\/p>\n","category_list_v2":"","author_info_v2":{"name":"","url":""},"comments_num_v2":"0 comentarios","_links":{"self":[{"href":"https:\/\/ajupe.com.uy\/web\/wp-json\/wp\/v2\/product\/4548","targetHints":{"allow":["GET"]}}],"collection":[{"href":"https:\/\/ajupe.com.uy\/web\/wp-json\/wp\/v2\/product"}],"about":[{"href":"https:\/\/ajupe.com.uy\/web\/wp-json\/wp\/v2\/types\/product"}],"wp:featuredmedia":[{"embeddable":true,"href":"https:\/\/ajupe.com.uy\/web\/wp-json\/wp\/v2\/media\/4549"}],"wp:attachment":[{"href":"https:\/\/ajupe.com.uy\/web\/wp-json\/wp\/v2\/media?parent=4548"}],"wp:term":[{"taxonomy":"product_brand","embeddable":true,"href":"https:\/\/ajupe.com.uy\/web\/wp-json\/wp\/v2\/product_brand?post=4548"},{"taxonomy":"product_cat","embeddable":true,"href":"https:\/\/ajupe.com.uy\/web\/wp-json\/wp\/v2\/product_cat?post=4548"},{"taxonomy":"product_tag","embeddable":true,"href":"https:\/\/ajupe.com.uy\/web\/wp-json\/wp\/v2\/product_tag?post=4548"}],"curies":[{"name":"wp","href":"https:\/\/api.w.org\/{rel}","templated":true}]}}