{"id":4551,"date":"2011-10-06T21:44:47","date_gmt":"2011-10-07T00:44:47","guid":{"rendered":"http:\/\/ajupe.com.uy\/web\/?post_type=product&#038;p=4551"},"modified":"2011-10-11T17:44:44","modified_gmt":"2011-10-11T20:44:44","slug":"el-ltimo-hombre","status":"publish","type":"product","link":"https:\/\/ajupe.com.uy\/web\/biblioteca\/el-ltimo-hombre\/","title":{"rendered":"El \u00daltimo Hombre"},"content":{"rendered":"<p>En s\u00f3lo diez segundos Web London lo perdi\u00f3 todo: sus amigos, su equipo y  su reputaci\u00f3n. \u00c9l y sus compa\u00f1eros del FBI cayeron v\u00edctimas de una  trampa cuando iban tras la pista de un narcotraficante y todos, excepto  Web, fueron asesinados a sangre fr\u00eda.<\/p>\n","protected":false},"excerpt":{"rendered":"<p>En s\u00f3lo diez segundos Web London lo perdi\u00f3 todo: sus amigos, su equipo y su reputaci\u00f3n. \u00c9l y sus compa\u00f1eros del FBI cayeron v\u00edctimas de una trampa cuando iban tras la pista de un narcotraficante y todos, excepto Web, fueron asesinados a sangre fr\u00eda.<\/p>\n","protected":false},"featured_media":4552,"template":"","meta":[],"product_brand":[414],"product_cat":[40,30],"product_tag":[],"class_list":{"0":"post-4551","1":"product","2":"type-product","3":"status-publish","4":"has-post-thumbnail","6":"product_brand-david-baldacci","7":"product_cat-policial","8":"product_cat-suspenso","10":"first","11":"instock","12":"purchasable","13":"product-type-simple"},"featured_image_urls_v2":{"full":["https:\/\/ajupe.com.uy\/web\/wp-content\/uploads\/2016\/04\/p-4551-El___ltimo_Hombr_4e8e214f928c8.jpg",220,354,false],"thumbnail":["https:\/\/ajupe.com.uy\/web\/wp-content\/uploads\/2016\/04\/p-4551-El___ltimo_Hombr_4e8e214f928c8.jpg",150,150,true],"medium":["https:\/\/ajupe.com.uy\/web\/wp-content\/uploads\/2016\/04\/p-4551-El___ltimo_Hombr_4e8e214f928c8.jpg",300,214,true],"medium_large":["https:\/\/ajupe.com.uy\/web\/wp-content\/uploads\/2016\/04\/p-4551-El___ltimo_Hombr_4e8e214f928c8.jpg",220,354,false],"large":["https:\/\/ajupe.com.uy\/web\/wp-content\/uploads\/2016\/04\/p-4551-El___ltimo_Hombr_4e8e214f928c8.jpg",220,354,false],"1536x1536":["https:\/\/ajupe.com.uy\/web\/wp-content\/uploads\/2016\/04\/p-4551-El___ltimo_Hombr_4e8e214f928c8.jpg",220,354,false],"2048x2048":["https:\/\/ajupe.com.uy\/web\/wp-content\/uploads\/2016\/04\/p-4551-El___ltimo_Hombr_4e8e214f928c8.jpg",220,354,false],"woocommerce_archive_thumbnail":["https:\/\/ajupe.com.uy\/web\/wp-content\/uploads\/2016\/04\/p-4551-El___ltimo_Hombr_4e8e214f928c8-220x300.jpg",220,300,true],"woocommerce_thumbnail":["https:\/\/ajupe.com.uy\/web\/wp-content\/uploads\/2016\/04\/p-4551-El___ltimo_Hombr_4e8e214f928c8-220x300.jpg",220,300,true],"woocommerce_single":["https:\/\/ajupe.com.uy\/web\/wp-content\/uploads\/2016\/04\/p-4551-El___ltimo_Hombr_4e8e214f928c8.jpg",220,354,false],"woocommerce_gallery_thumbnail":["https:\/\/ajupe.com.uy\/web\/wp-content\/uploads\/2016\/04\/p-4551-El___ltimo_Hombr_4e8e214f928c8-100x100.jpg",100,100,true]},"post_excerpt_stackable_v2":"<p>En s\u00f3lo diez segundos Web London lo perdi\u00f3 todo: sus amigos, su equipo y su reputaci\u00f3n. \u00c9l y sus compa\u00f1eros del FBI cayeron v\u00edctimas de una trampa cuando iban tras la pista de un narcotraficante y todos, excepto Web, fueron asesinados a sangre fr\u00eda.<\/p>\n","category_list_v2":"","author_info_v2":{"name":"","url":""},"comments_num_v2":"0 comentarios","_links":{"self":[{"href":"https:\/\/ajupe.com.uy\/web\/wp-json\/wp\/v2\/product\/4551","targetHints":{"allow":["GET"]}}],"collection":[{"href":"https:\/\/ajupe.com.uy\/web\/wp-json\/wp\/v2\/product"}],"about":[{"href":"https:\/\/ajupe.com.uy\/web\/wp-json\/wp\/v2\/types\/product"}],"wp:featuredmedia":[{"embeddable":true,"href":"https:\/\/ajupe.com.uy\/web\/wp-json\/wp\/v2\/media\/4552"}],"wp:attachment":[{"href":"https:\/\/ajupe.com.uy\/web\/wp-json\/wp\/v2\/media?parent=4551"}],"wp:term":[{"taxonomy":"product_brand","embeddable":true,"href":"https:\/\/ajupe.com.uy\/web\/wp-json\/wp\/v2\/product_brand?post=4551"},{"taxonomy":"product_cat","embeddable":true,"href":"https:\/\/ajupe.com.uy\/web\/wp-json\/wp\/v2\/product_cat?post=4551"},{"taxonomy":"product_tag","embeddable":true,"href":"https:\/\/ajupe.com.uy\/web\/wp-json\/wp\/v2\/product_tag?post=4551"}],"curies":[{"name":"wp","href":"https:\/\/api.w.org\/{rel}","templated":true}]}}