{"id":4557,"date":"2011-10-06T22:10:14","date_gmt":"2011-10-07T01:10:14","guid":{"rendered":"http:\/\/ajupe.com.uy\/web\/?post_type=product&#038;p=4557"},"modified":"2011-10-11T17:45:32","modified_gmt":"2011-10-11T20:45:32","slug":"el-pozo-de-pandora","status":"publish","type":"product","link":"https:\/\/ajupe.com.uy\/web\/biblioteca\/el-pozo-de-pandora\/","title":{"rendered":"El Pozo de Pandora"},"content":{"rendered":"<p>Siguiendo la pista del                      homicidio del empresario Luis Emesto Gonz\u00e1lez, termina                      dejando al descubierto M\u00e1s de quince muertes relacionadas                      con la de aquel, apuntando al C\u00edrculo H\u00fangaro                      y pregunt\u00e1ndose si quien est\u00e1 en la c\u00e1rcel                      es realmente el culpable de&#8230;<\/p>\n","protected":false},"excerpt":{"rendered":"<p>Siguiendo la pista del homicidio del empresario Luis Emesto Gonz\u00e1lez, termina dejando al descubierto M\u00e1s de quince muertes relacionadas con la de aquel, apuntando al C\u00edrculo H\u00fangaro y pregunt\u00e1ndose si quien est\u00e1 en la c\u00e1rcel es realmente el culpable de&#8230;<\/p>\n","protected":false},"featured_media":4558,"template":"","meta":[],"product_brand":[404],"product_cat":[40,45],"product_tag":[],"class_list":{"0":"post-4557","1":"product","2":"type-product","3":"status-publish","4":"has-post-thumbnail","6":"product_brand-enrique-ortega-salinas","7":"product_cat-policial","8":"product_cat-uruguayo","10":"first","11":"instock","12":"purchasable","13":"product-type-simple"},"featured_image_urls_v2":{"full":["https:\/\/ajupe.com.uy\/web\/wp-content\/uploads\/2016\/04\/p-4557-El_Pozo_de_Pando_4e8e27468a616.jpg",442,618,false],"thumbnail":["https:\/\/ajupe.com.uy\/web\/wp-content\/uploads\/2016\/04\/p-4557-El_Pozo_de_Pando_4e8e27468a616.jpg",150,150,true],"medium":["https:\/\/ajupe.com.uy\/web\/wp-content\/uploads\/2016\/04\/p-4557-El_Pozo_de_Pando_4e8e27468a616.jpg",300,214,true],"medium_large":["https:\/\/ajupe.com.uy\/web\/wp-content\/uploads\/2016\/04\/p-4557-El_Pozo_de_Pando_4e8e27468a616.jpg",442,618,false],"large":["https:\/\/ajupe.com.uy\/web\/wp-content\/uploads\/2016\/04\/p-4557-El_Pozo_de_Pando_4e8e27468a616.jpg",442,618,false],"1536x1536":["https:\/\/ajupe.com.uy\/web\/wp-content\/uploads\/2016\/04\/p-4557-El_Pozo_de_Pando_4e8e27468a616.jpg",442,618,false],"2048x2048":["https:\/\/ajupe.com.uy\/web\/wp-content\/uploads\/2016\/04\/p-4557-El_Pozo_de_Pando_4e8e27468a616.jpg",442,618,false],"woocommerce_archive_thumbnail":["https:\/\/ajupe.com.uy\/web\/wp-content\/uploads\/2016\/04\/p-4557-El_Pozo_de_Pando_4e8e27468a616-300x450.jpg",300,450,true],"woocommerce_thumbnail":["https:\/\/ajupe.com.uy\/web\/wp-content\/uploads\/2016\/04\/p-4557-El_Pozo_de_Pando_4e8e27468a616-300x300.jpg",300,300,true],"woocommerce_single":["https:\/\/ajupe.com.uy\/web\/wp-content\/uploads\/2016\/04\/p-4557-El_Pozo_de_Pando_4e8e27468a616-300x419.jpg",300,419,true],"woocommerce_gallery_thumbnail":["https:\/\/ajupe.com.uy\/web\/wp-content\/uploads\/2016\/04\/p-4557-El_Pozo_de_Pando_4e8e27468a616-100x100.jpg",100,100,true]},"post_excerpt_stackable_v2":"<p>Siguiendo la pista del homicidio del empresario Luis Emesto Gonz\u00e1lez, termina dejando al descubierto M\u00e1s de quince muertes relacionadas con la de aquel, apuntando al C\u00edrculo H\u00fangaro y pregunt\u00e1ndose si quien est\u00e1 en la c\u00e1rcel es realmente el culpable de&#8230;<\/p>\n","category_list_v2":"","author_info_v2":{"name":"","url":""},"comments_num_v2":"0 comentarios","_links":{"self":[{"href":"https:\/\/ajupe.com.uy\/web\/wp-json\/wp\/v2\/product\/4557","targetHints":{"allow":["GET"]}}],"collection":[{"href":"https:\/\/ajupe.com.uy\/web\/wp-json\/wp\/v2\/product"}],"about":[{"href":"https:\/\/ajupe.com.uy\/web\/wp-json\/wp\/v2\/types\/product"}],"wp:featuredmedia":[{"embeddable":true,"href":"https:\/\/ajupe.com.uy\/web\/wp-json\/wp\/v2\/media\/4558"}],"wp:attachment":[{"href":"https:\/\/ajupe.com.uy\/web\/wp-json\/wp\/v2\/media?parent=4557"}],"wp:term":[{"taxonomy":"product_brand","embeddable":true,"href":"https:\/\/ajupe.com.uy\/web\/wp-json\/wp\/v2\/product_brand?post=4557"},{"taxonomy":"product_cat","embeddable":true,"href":"https:\/\/ajupe.com.uy\/web\/wp-json\/wp\/v2\/product_cat?post=4557"},{"taxonomy":"product_tag","embeddable":true,"href":"https:\/\/ajupe.com.uy\/web\/wp-json\/wp\/v2\/product_tag?post=4557"}],"curies":[{"name":"wp","href":"https:\/\/api.w.org\/{rel}","templated":true}]}}