{"id":4560,"date":"2011-10-06T22:26:01","date_gmt":"2011-10-07T01:26:01","guid":{"rendered":"http:\/\/ajupe.com.uy\/web\/?post_type=product&#038;p=4560"},"modified":"2011-10-06T22:26:01","modified_gmt":"2011-10-07T01:26:01","slug":"capitanes-de-la-arena","status":"publish","type":"product","link":"https:\/\/ajupe.com.uy\/web\/biblioteca\/capitanes-de-la-arena\/","title":{"rendered":"Capitanes de la Arena"},"content":{"rendered":"<p><strong><\/strong>Novela situada en Salvador de Bah\u00eda, Capitanes de la  arena gira en torno a una banda de delincuentes de corta edad que,  refugiados en una zona olvidada del puerto, asolan la ciudad. La  caracterizaci\u00f3n que hace Jorge Amado de estos ni\u00f1os arrojados a la  delincuencia, conocedores de los m\u00e1s s\u00f3rdidos aspectos de la lucha por  la existencia, es uno de los mayores logros del popular escritor  brasile\u00f1o. La picaresca y la ternura, la b\u00fasqueda de la supervivencia y  el sentido de la solidaridad son rasgos sobresalientes de esta novela en  la que se entreveran lirismo y crudeza.<\/p>\n","protected":false},"excerpt":{"rendered":"<p>Novela situada en Salvador de Bah\u00eda, Capitanes de la arena gira en torno a una banda de delincuentes de corta edad que, refugiados en una zona olvidada del puerto, asolan la ciudad. La caracterizaci\u00f3n que hace Jorge Amado de estos ni\u00f1os arrojados a la delincuencia, conocedores de los m\u00e1s s\u00f3rdidos aspectos de la lucha por [&hellip;]<\/p>\n","protected":false},"featured_media":4561,"template":"","meta":[],"product_brand":[90],"product_cat":[29],"product_tag":[],"class_list":{"0":"post-4560","1":"product","2":"type-product","3":"status-publish","4":"has-post-thumbnail","6":"product_brand-jorge-amado","7":"product_cat-novela","9":"first","10":"instock","11":"purchasable","12":"product-type-simple"},"featured_image_urls_v2":{"full":["https:\/\/ajupe.com.uy\/web\/wp-content\/uploads\/2016\/04\/p-4560-Capitanes_de_la__4e8e2af9527f3.jpg",80,127,false],"thumbnail":["https:\/\/ajupe.com.uy\/web\/wp-content\/uploads\/2016\/04\/p-4560-Capitanes_de_la__4e8e2af9527f3.jpg",150,150,true],"medium":["https:\/\/ajupe.com.uy\/web\/wp-content\/uploads\/2016\/04\/p-4560-Capitanes_de_la__4e8e2af9527f3.jpg",300,214,true],"medium_large":["https:\/\/ajupe.com.uy\/web\/wp-content\/uploads\/2016\/04\/p-4560-Capitanes_de_la__4e8e2af9527f3.jpg",80,127,false],"large":["https:\/\/ajupe.com.uy\/web\/wp-content\/uploads\/2016\/04\/p-4560-Capitanes_de_la__4e8e2af9527f3.jpg",80,127,false],"1536x1536":["https:\/\/ajupe.com.uy\/web\/wp-content\/uploads\/2016\/04\/p-4560-Capitanes_de_la__4e8e2af9527f3.jpg",80,127,false],"2048x2048":["https:\/\/ajupe.com.uy\/web\/wp-content\/uploads\/2016\/04\/p-4560-Capitanes_de_la__4e8e2af9527f3.jpg",80,127,false],"woocommerce_archive_thumbnail":["https:\/\/ajupe.com.uy\/web\/wp-content\/uploads\/2016\/04\/p-4560-Capitanes_de_la__4e8e2af9527f3.jpg",80,127,false],"woocommerce_thumbnail":["https:\/\/ajupe.com.uy\/web\/wp-content\/uploads\/2016\/04\/p-4560-Capitanes_de_la__4e8e2af9527f3.jpg",80,127,false],"woocommerce_single":["https:\/\/ajupe.com.uy\/web\/wp-content\/uploads\/2016\/04\/p-4560-Capitanes_de_la__4e8e2af9527f3.jpg",80,127,false],"woocommerce_gallery_thumbnail":["https:\/\/ajupe.com.uy\/web\/wp-content\/uploads\/2016\/04\/p-4560-Capitanes_de_la__4e8e2af9527f3-80x100.jpg",80,100,true]},"post_excerpt_stackable_v2":"<p>Novela situada en Salvador de Bah\u00eda, Capitanes de la arena gira en torno a una banda de delincuentes de corta edad que, refugiados en una zona olvidada del puerto, asolan la ciudad. La caracterizaci\u00f3n que hace Jorge Amado de estos ni\u00f1os arrojados a la delincuencia, conocedores de los m\u00e1s s\u00f3rdidos aspectos de la lucha por la existencia, es uno de los mayores logros del popular escritor brasile\u00f1o. La picaresca y la ternura, la b\u00fasqueda de la supervivencia y el sentido de la solidaridad son rasgos sobresalientes de esta novela en la que se entreveran lirismo y crudeza.<\/p>\n","category_list_v2":"","author_info_v2":{"name":"","url":""},"comments_num_v2":"0 comentarios","_links":{"self":[{"href":"https:\/\/ajupe.com.uy\/web\/wp-json\/wp\/v2\/product\/4560","targetHints":{"allow":["GET"]}}],"collection":[{"href":"https:\/\/ajupe.com.uy\/web\/wp-json\/wp\/v2\/product"}],"about":[{"href":"https:\/\/ajupe.com.uy\/web\/wp-json\/wp\/v2\/types\/product"}],"wp:featuredmedia":[{"embeddable":true,"href":"https:\/\/ajupe.com.uy\/web\/wp-json\/wp\/v2\/media\/4561"}],"wp:attachment":[{"href":"https:\/\/ajupe.com.uy\/web\/wp-json\/wp\/v2\/media?parent=4560"}],"wp:term":[{"taxonomy":"product_brand","embeddable":true,"href":"https:\/\/ajupe.com.uy\/web\/wp-json\/wp\/v2\/product_brand?post=4560"},{"taxonomy":"product_cat","embeddable":true,"href":"https:\/\/ajupe.com.uy\/web\/wp-json\/wp\/v2\/product_cat?post=4560"},{"taxonomy":"product_tag","embeddable":true,"href":"https:\/\/ajupe.com.uy\/web\/wp-json\/wp\/v2\/product_tag?post=4560"}],"curies":[{"name":"wp","href":"https:\/\/api.w.org\/{rel}","templated":true}]}}