{"id":4581,"date":"2011-10-06T23:13:02","date_gmt":"2011-10-07T02:13:02","guid":{"rendered":"http:\/\/ajupe.com.uy\/web\/?post_type=product&#038;p=4581"},"modified":"2011-10-06T23:13:02","modified_gmt":"2011-10-07T02:13:02","slug":"el-cuaderno-de-noah","status":"publish","type":"product","link":"https:\/\/ajupe.com.uy\/web\/biblioteca\/el-cuaderno-de-noah\/","title":{"rendered":"El Cuaderno de Noah"},"content":{"rendered":"<p>Primero fueron catorce a\u00f1os de distancia, las cartas robadas, los  impedimentos sociales, la guerra. M\u00e1s tarde un compromiso inoportuno, la  pasion arrebatadora, el amor improbable. Ahora, aunque el abismo que  les separa es mucho m\u00e1s profundo, Noah no pierde la esperanza de  reencontrarse con la \u00fanica mujer a la que ha amado. Y cada ma\u00f1ana, tras  colocarse las gafas, abre el diario de su vida, y lee, lee todo lo que  ha hecho de sus d\u00edas, un camino pleno de momentos de felicidad.<\/p>\n","protected":false},"excerpt":{"rendered":"<p>Primero fueron catorce a\u00f1os de distancia, las cartas robadas, los impedimentos sociales, la guerra. M\u00e1s tarde un compromiso inoportuno, la pasion arrebatadora, el amor improbable. Ahora, aunque el abismo que les separa es mucho m\u00e1s profundo, Noah no pierde la esperanza de reencontrarse con la \u00fanica mujer a la que ha amado. Y cada ma\u00f1ana, [&hellip;]<\/p>\n","protected":false},"featured_media":4582,"template":"","meta":[],"product_brand":[441],"product_cat":[29],"product_tag":[],"class_list":{"0":"post-4581","1":"product","2":"type-product","3":"status-publish","4":"has-post-thumbnail","6":"product_brand-nicholas-sparks","7":"product_cat-novela","9":"first","10":"instock","11":"purchasable","12":"product-type-simple"},"featured_image_urls_v2":{"full":["https:\/\/ajupe.com.uy\/web\/wp-content\/uploads\/2016\/04\/p-4581-El_Cuaderno_de_N_4e8e35fe0b4ad.jpg",337,500,false],"thumbnail":["https:\/\/ajupe.com.uy\/web\/wp-content\/uploads\/2016\/04\/p-4581-El_Cuaderno_de_N_4e8e35fe0b4ad.jpg",150,150,true],"medium":["https:\/\/ajupe.com.uy\/web\/wp-content\/uploads\/2016\/04\/p-4581-El_Cuaderno_de_N_4e8e35fe0b4ad.jpg",300,214,true],"medium_large":["https:\/\/ajupe.com.uy\/web\/wp-content\/uploads\/2016\/04\/p-4581-El_Cuaderno_de_N_4e8e35fe0b4ad.jpg",337,500,false],"large":["https:\/\/ajupe.com.uy\/web\/wp-content\/uploads\/2016\/04\/p-4581-El_Cuaderno_de_N_4e8e35fe0b4ad.jpg",337,500,false],"1536x1536":["https:\/\/ajupe.com.uy\/web\/wp-content\/uploads\/2016\/04\/p-4581-El_Cuaderno_de_N_4e8e35fe0b4ad.jpg",337,500,false],"2048x2048":["https:\/\/ajupe.com.uy\/web\/wp-content\/uploads\/2016\/04\/p-4581-El_Cuaderno_de_N_4e8e35fe0b4ad.jpg",337,500,false],"woocommerce_archive_thumbnail":["https:\/\/ajupe.com.uy\/web\/wp-content\/uploads\/2016\/04\/p-4581-El_Cuaderno_de_N_4e8e35fe0b4ad-300x450.jpg",300,450,true],"woocommerce_thumbnail":["https:\/\/ajupe.com.uy\/web\/wp-content\/uploads\/2016\/04\/p-4581-El_Cuaderno_de_N_4e8e35fe0b4ad-300x300.jpg",300,300,true],"woocommerce_single":["https:\/\/ajupe.com.uy\/web\/wp-content\/uploads\/2016\/04\/p-4581-El_Cuaderno_de_N_4e8e35fe0b4ad-300x445.jpg",300,445,true],"woocommerce_gallery_thumbnail":["https:\/\/ajupe.com.uy\/web\/wp-content\/uploads\/2016\/04\/p-4581-El_Cuaderno_de_N_4e8e35fe0b4ad-100x100.jpg",100,100,true]},"post_excerpt_stackable_v2":"<p>Primero fueron catorce a\u00f1os de distancia, las cartas robadas, los impedimentos sociales, la guerra. M\u00e1s tarde un compromiso inoportuno, la pasion arrebatadora, el amor improbable. Ahora, aunque el abismo que les separa es mucho m\u00e1s profundo, Noah no pierde la esperanza de reencontrarse con la \u00fanica mujer a la que ha amado. Y cada ma\u00f1ana, tras colocarse las gafas, abre el diario de su vida, y lee, lee todo lo que ha hecho de sus d\u00edas, un camino pleno de momentos de felicidad.<\/p>\n","category_list_v2":"","author_info_v2":{"name":"","url":""},"comments_num_v2":"0 comentarios","_links":{"self":[{"href":"https:\/\/ajupe.com.uy\/web\/wp-json\/wp\/v2\/product\/4581","targetHints":{"allow":["GET"]}}],"collection":[{"href":"https:\/\/ajupe.com.uy\/web\/wp-json\/wp\/v2\/product"}],"about":[{"href":"https:\/\/ajupe.com.uy\/web\/wp-json\/wp\/v2\/types\/product"}],"wp:featuredmedia":[{"embeddable":true,"href":"https:\/\/ajupe.com.uy\/web\/wp-json\/wp\/v2\/media\/4582"}],"wp:attachment":[{"href":"https:\/\/ajupe.com.uy\/web\/wp-json\/wp\/v2\/media?parent=4581"}],"wp:term":[{"taxonomy":"product_brand","embeddable":true,"href":"https:\/\/ajupe.com.uy\/web\/wp-json\/wp\/v2\/product_brand?post=4581"},{"taxonomy":"product_cat","embeddable":true,"href":"https:\/\/ajupe.com.uy\/web\/wp-json\/wp\/v2\/product_cat?post=4581"},{"taxonomy":"product_tag","embeddable":true,"href":"https:\/\/ajupe.com.uy\/web\/wp-json\/wp\/v2\/product_tag?post=4581"}],"curies":[{"name":"wp","href":"https:\/\/api.w.org\/{rel}","templated":true}]}}