{"id":4617,"date":"2011-10-07T00:11:33","date_gmt":"2011-10-07T03:11:33","guid":{"rendered":"http:\/\/ajupe.com.uy\/web\/?post_type=product&#038;p=4617"},"modified":"2011-10-12T15:15:12","modified_gmt":"2011-10-12T18:15:12","slug":"el-ojo-avizor","status":"publish","type":"product","link":"https:\/\/ajupe.com.uy\/web\/biblioteca\/el-ojo-avizor\/","title":{"rendered":"EL OJO AVIZOR"},"content":{"rendered":"<p>\u00abPat Traymore, joven reportera de una cadena de televisi\u00f3n norteamericana, v\u00edaja a Washington con una triple intenci\u00f3n: realizar un reportaje sobre Abby Jennings, una brillante senadora, reanudar su relaci\u00f3n amorosa con Sam Kingsley y regresar a la casa de sus padres, muertos ambos en tr\u00e1gicas circunstancias. Sin embargo, el apretado programa de Pat fracasa desde el principio, pues comienza a recibir an\u00f3nimos amenazadores, exigi\u00e9ndole que no realice el programa sobre Abby&#8230;\u00bb<\/p>\n","protected":false},"excerpt":{"rendered":"<p>Patricia Traymore vuelve a la casa donde vivi\u00f3 siendo ni\u00f1a con sus padres. Al principio parece que nada ha cambiado, sin embargo all\u00ed ocurren cosas extra\u00f1as. Ella no cree que su padre asesinara a su madre, y la casa la llena de recuerdos&#8230;<\/p>\n","protected":false},"featured_media":4618,"template":"","meta":[],"product_brand":[52],"product_cat":[30],"product_tag":[],"class_list":{"0":"post-4617","1":"product","2":"type-product","3":"status-publish","4":"has-post-thumbnail","6":"product_brand-mary-higgins-clark","7":"product_cat-suspenso","9":"first","10":"instock","11":"purchasable","12":"product-type-simple"},"featured_image_urls_v2":{"full":["https:\/\/ajupe.com.uy\/web\/wp-content\/uploads\/2016\/04\/p-4617-EL_OJO_AVIZOR_4e8e43b598d4e.jpg",120,183,false],"thumbnail":["https:\/\/ajupe.com.uy\/web\/wp-content\/uploads\/2016\/04\/p-4617-EL_OJO_AVIZOR_4e8e43b598d4e.jpg",150,150,true],"medium":["https:\/\/ajupe.com.uy\/web\/wp-content\/uploads\/2016\/04\/p-4617-EL_OJO_AVIZOR_4e8e43b598d4e.jpg",300,214,true],"medium_large":["https:\/\/ajupe.com.uy\/web\/wp-content\/uploads\/2016\/04\/p-4617-EL_OJO_AVIZOR_4e8e43b598d4e.jpg",120,183,false],"large":["https:\/\/ajupe.com.uy\/web\/wp-content\/uploads\/2016\/04\/p-4617-EL_OJO_AVIZOR_4e8e43b598d4e.jpg",120,183,false],"1536x1536":["https:\/\/ajupe.com.uy\/web\/wp-content\/uploads\/2016\/04\/p-4617-EL_OJO_AVIZOR_4e8e43b598d4e.jpg",120,183,false],"2048x2048":["https:\/\/ajupe.com.uy\/web\/wp-content\/uploads\/2016\/04\/p-4617-EL_OJO_AVIZOR_4e8e43b598d4e.jpg",120,183,false],"woocommerce_archive_thumbnail":["https:\/\/ajupe.com.uy\/web\/wp-content\/uploads\/2016\/04\/p-4617-EL_OJO_AVIZOR_4e8e43b598d4e.jpg",120,183,false],"woocommerce_thumbnail":["https:\/\/ajupe.com.uy\/web\/wp-content\/uploads\/2016\/04\/p-4617-EL_OJO_AVIZOR_4e8e43b598d4e.jpg",120,183,false],"woocommerce_single":["https:\/\/ajupe.com.uy\/web\/wp-content\/uploads\/2016\/04\/p-4617-EL_OJO_AVIZOR_4e8e43b598d4e.jpg",120,183,false],"woocommerce_gallery_thumbnail":["https:\/\/ajupe.com.uy\/web\/wp-content\/uploads\/2016\/04\/p-4617-EL_OJO_AVIZOR_4e8e43b598d4e-100x100.jpg",100,100,true]},"post_excerpt_stackable_v2":"<p>Patricia Traymore vuelve a la casa donde vivi\u00f3 siendo ni\u00f1a con sus padres. Al principio parece que nada ha cambiado, sin embargo all\u00ed ocurren cosas extra\u00f1as. Ella no cree que su padre asesinara a su madre, y la casa la llena de recuerdos&#8230;<\/p>\n","category_list_v2":"","author_info_v2":{"name":"","url":""},"comments_num_v2":"0 comentarios","_links":{"self":[{"href":"https:\/\/ajupe.com.uy\/web\/wp-json\/wp\/v2\/product\/4617","targetHints":{"allow":["GET"]}}],"collection":[{"href":"https:\/\/ajupe.com.uy\/web\/wp-json\/wp\/v2\/product"}],"about":[{"href":"https:\/\/ajupe.com.uy\/web\/wp-json\/wp\/v2\/types\/product"}],"wp:featuredmedia":[{"embeddable":true,"href":"https:\/\/ajupe.com.uy\/web\/wp-json\/wp\/v2\/media\/4618"}],"wp:attachment":[{"href":"https:\/\/ajupe.com.uy\/web\/wp-json\/wp\/v2\/media?parent=4617"}],"wp:term":[{"taxonomy":"product_brand","embeddable":true,"href":"https:\/\/ajupe.com.uy\/web\/wp-json\/wp\/v2\/product_brand?post=4617"},{"taxonomy":"product_cat","embeddable":true,"href":"https:\/\/ajupe.com.uy\/web\/wp-json\/wp\/v2\/product_cat?post=4617"},{"taxonomy":"product_tag","embeddable":true,"href":"https:\/\/ajupe.com.uy\/web\/wp-json\/wp\/v2\/product_tag?post=4617"}],"curies":[{"name":"wp","href":"https:\/\/api.w.org\/{rel}","templated":true}]}}