{"id":4620,"date":"2011-10-07T00:17:34","date_gmt":"2011-10-07T03:17:34","guid":{"rendered":"http:\/\/ajupe.com.uy\/web\/?post_type=product&#038;p=4620"},"modified":"2011-10-12T15:15:37","modified_gmt":"2011-10-12T18:15:37","slug":"la-falsa-pista","status":"publish","type":"product","link":"https:\/\/ajupe.com.uy\/web\/biblioteca\/la-falsa-pista\/","title":{"rendered":"LA FALSA PISTA"},"content":{"rendered":"<p>En Suecia nadie recuerda un verano tan caluroso como el de 1994. Mientras la gente sigue con pasi\u00f3n los partidos finales del Campeonato Mundial de F\u00fatbol, el inspector Kurt Wallander se dispone a iniciar unas cortas vacaciones. Sin embargo, la tranquilidad de la provincia de Escania se ve truncada cuando una muchacha, posiblemente extranjera, se suicida quem\u00e1ndose a lo bonzo. Wallander y su equipo tratan de averiguar la identidad de la chica y los motivos de esa tr\u00e1gica decisi\u00f3n; pero los sustos no han hecho m\u00e1s que empezar, pues un brutal asesino en serie ha comenzado su macabra actividad. Las primeras v\u00edctimas son un antiguo ministro de Justicia, un adinerado marchante de arte y un ladronzuelo de poca monta. Sin que pueda sospecharlo, la pista a la que Wallander se aferra para detener esta carnicer\u00eda le conducir\u00e1 a las altas esferas de la pol\u00edtica, y pondr\u00e1 seriamente en peligro su vida y la de sus allegados.<\/p>\n","protected":false},"excerpt":{"rendered":"<p>Una muchacha se suicida quem\u00e1ndose a lo bonzo. El inspector Wallander y su equipo tratan de averiguar la identidad de la chica pero los sustos no han hecho m\u00e1s que empezar, un brutal asesino en serie ha comenzado su macabra actividad. Las v\u00edctimas son un<\/p>\n","protected":false},"featured_media":4621,"template":"","meta":[],"product_brand":[996],"product_cat":[40,30],"product_tag":[],"class_list":{"0":"post-4620","1":"product","2":"type-product","3":"status-publish","4":"has-post-thumbnail","6":"product_brand-henning-mankell","7":"product_cat-policial","8":"product_cat-suspenso","10":"first","11":"instock","12":"purchasable","13":"product-type-simple"},"featured_image_urls_v2":{"full":["https:\/\/ajupe.com.uy\/web\/wp-content\/uploads\/2016\/04\/p-4620-LA_FALSA_PISTA_4e8e451e09dfb.jpg",89,140,false],"thumbnail":["https:\/\/ajupe.com.uy\/web\/wp-content\/uploads\/2016\/04\/p-4620-LA_FALSA_PISTA_4e8e451e09dfb.jpg",150,150,true],"medium":["https:\/\/ajupe.com.uy\/web\/wp-content\/uploads\/2016\/04\/p-4620-LA_FALSA_PISTA_4e8e451e09dfb.jpg",300,214,true],"medium_large":["https:\/\/ajupe.com.uy\/web\/wp-content\/uploads\/2016\/04\/p-4620-LA_FALSA_PISTA_4e8e451e09dfb.jpg",89,140,false],"large":["https:\/\/ajupe.com.uy\/web\/wp-content\/uploads\/2016\/04\/p-4620-LA_FALSA_PISTA_4e8e451e09dfb.jpg",89,140,false],"1536x1536":["https:\/\/ajupe.com.uy\/web\/wp-content\/uploads\/2016\/04\/p-4620-LA_FALSA_PISTA_4e8e451e09dfb.jpg",89,140,false],"2048x2048":["https:\/\/ajupe.com.uy\/web\/wp-content\/uploads\/2016\/04\/p-4620-LA_FALSA_PISTA_4e8e451e09dfb.jpg",89,140,false],"woocommerce_archive_thumbnail":["https:\/\/ajupe.com.uy\/web\/wp-content\/uploads\/2016\/04\/p-4620-LA_FALSA_PISTA_4e8e451e09dfb.jpg",89,140,false],"woocommerce_thumbnail":["https:\/\/ajupe.com.uy\/web\/wp-content\/uploads\/2016\/04\/p-4620-LA_FALSA_PISTA_4e8e451e09dfb.jpg",89,140,false],"woocommerce_single":["https:\/\/ajupe.com.uy\/web\/wp-content\/uploads\/2016\/04\/p-4620-LA_FALSA_PISTA_4e8e451e09dfb.jpg",89,140,false],"woocommerce_gallery_thumbnail":["https:\/\/ajupe.com.uy\/web\/wp-content\/uploads\/2016\/04\/p-4620-LA_FALSA_PISTA_4e8e451e09dfb-89x100.jpg",89,100,true]},"post_excerpt_stackable_v2":"<p>Una muchacha se suicida quem\u00e1ndose a lo bonzo. El inspector Wallander y su equipo tratan de averiguar la identidad de la chica pero los sustos no han hecho m\u00e1s que empezar, un brutal asesino en serie ha comenzado su macabra actividad. Las v\u00edctimas son un<\/p>\n","category_list_v2":"","author_info_v2":{"name":"","url":""},"comments_num_v2":"0 comentarios","_links":{"self":[{"href":"https:\/\/ajupe.com.uy\/web\/wp-json\/wp\/v2\/product\/4620","targetHints":{"allow":["GET"]}}],"collection":[{"href":"https:\/\/ajupe.com.uy\/web\/wp-json\/wp\/v2\/product"}],"about":[{"href":"https:\/\/ajupe.com.uy\/web\/wp-json\/wp\/v2\/types\/product"}],"wp:featuredmedia":[{"embeddable":true,"href":"https:\/\/ajupe.com.uy\/web\/wp-json\/wp\/v2\/media\/4621"}],"wp:attachment":[{"href":"https:\/\/ajupe.com.uy\/web\/wp-json\/wp\/v2\/media?parent=4620"}],"wp:term":[{"taxonomy":"product_brand","embeddable":true,"href":"https:\/\/ajupe.com.uy\/web\/wp-json\/wp\/v2\/product_brand?post=4620"},{"taxonomy":"product_cat","embeddable":true,"href":"https:\/\/ajupe.com.uy\/web\/wp-json\/wp\/v2\/product_cat?post=4620"},{"taxonomy":"product_tag","embeddable":true,"href":"https:\/\/ajupe.com.uy\/web\/wp-json\/wp\/v2\/product_tag?post=4620"}],"curies":[{"name":"wp","href":"https:\/\/api.w.org\/{rel}","templated":true}]}}