{"id":4623,"date":"2011-10-07T18:06:39","date_gmt":"2011-10-07T21:06:39","guid":{"rendered":"http:\/\/ajupe.com.uy\/web\/?post_type=product&#038;p=4623"},"modified":"2011-10-07T18:06:39","modified_gmt":"2011-10-07T21:06:39","slug":"nunca-me-abandones","status":"publish","type":"product","link":"https:\/\/ajupe.com.uy\/web\/biblioteca\/nunca-me-abandones\/","title":{"rendered":"NUNCA ME ABANDONES"},"content":{"rendered":"<p>Nunca Me Abandones: se centra en el drama de la responsabilidad moral. La opci\u00f3n que el protagonista ve\u00eda ante s\u00ed como \u00fanica salida, le coloca ante un conflicto de consecuencias imprevisibles. Y lo resolver\u00e1 en intima coherencia con su psicolog\u00eda y con su ambici\u00f3n.<\/p>\n","protected":false},"excerpt":{"rendered":"<p>Una vez m\u00e1s, un aut\u00e9ntico Robbins. Una novela tensa h\u00e1bil, apasionante.<\/p>\n","protected":false},"featured_media":4624,"template":"","meta":[],"product_brand":[1064],"product_cat":[29],"product_tag":[],"class_list":{"0":"post-4623","1":"product","2":"type-product","3":"status-publish","4":"has-post-thumbnail","6":"product_brand-harold-robbins","7":"product_cat-novela","9":"first","10":"instock","11":"purchasable","12":"product-type-simple"},"featured_image_urls_v2":{"full":["https:\/\/ajupe.com.uy\/web\/wp-content\/uploads\/2016\/04\/p-4623-NUNCA_ME_ABANDON_4e8f3faf6bf54.gif",90,138,false],"thumbnail":["https:\/\/ajupe.com.uy\/web\/wp-content\/uploads\/2016\/04\/p-4623-NUNCA_ME_ABANDON_4e8f3faf6bf54.gif",150,150,true],"medium":["https:\/\/ajupe.com.uy\/web\/wp-content\/uploads\/2016\/04\/p-4623-NUNCA_ME_ABANDON_4e8f3faf6bf54.gif",300,214,true],"medium_large":["https:\/\/ajupe.com.uy\/web\/wp-content\/uploads\/2016\/04\/p-4623-NUNCA_ME_ABANDON_4e8f3faf6bf54.gif",90,138,false],"large":["https:\/\/ajupe.com.uy\/web\/wp-content\/uploads\/2016\/04\/p-4623-NUNCA_ME_ABANDON_4e8f3faf6bf54.gif",90,138,false],"1536x1536":["https:\/\/ajupe.com.uy\/web\/wp-content\/uploads\/2016\/04\/p-4623-NUNCA_ME_ABANDON_4e8f3faf6bf54.gif",90,138,false],"2048x2048":["https:\/\/ajupe.com.uy\/web\/wp-content\/uploads\/2016\/04\/p-4623-NUNCA_ME_ABANDON_4e8f3faf6bf54.gif",90,138,false],"woocommerce_archive_thumbnail":["https:\/\/ajupe.com.uy\/web\/wp-content\/uploads\/2016\/04\/p-4623-NUNCA_ME_ABANDON_4e8f3faf6bf54.gif",90,138,false],"woocommerce_thumbnail":["https:\/\/ajupe.com.uy\/web\/wp-content\/uploads\/2016\/04\/p-4623-NUNCA_ME_ABANDON_4e8f3faf6bf54.gif",90,138,false],"woocommerce_single":["https:\/\/ajupe.com.uy\/web\/wp-content\/uploads\/2016\/04\/p-4623-NUNCA_ME_ABANDON_4e8f3faf6bf54.gif",90,138,false],"woocommerce_gallery_thumbnail":["https:\/\/ajupe.com.uy\/web\/wp-content\/uploads\/2016\/04\/p-4623-NUNCA_ME_ABANDON_4e8f3faf6bf54-90x100.gif",90,100,true]},"post_excerpt_stackable_v2":"<p>Una vez m\u00e1s, un aut\u00e9ntico Robbins. Una novela tensa h\u00e1bil, apasionante.<\/p>\n","category_list_v2":"","author_info_v2":{"name":"","url":""},"comments_num_v2":"0 comentarios","_links":{"self":[{"href":"https:\/\/ajupe.com.uy\/web\/wp-json\/wp\/v2\/product\/4623","targetHints":{"allow":["GET"]}}],"collection":[{"href":"https:\/\/ajupe.com.uy\/web\/wp-json\/wp\/v2\/product"}],"about":[{"href":"https:\/\/ajupe.com.uy\/web\/wp-json\/wp\/v2\/types\/product"}],"wp:featuredmedia":[{"embeddable":true,"href":"https:\/\/ajupe.com.uy\/web\/wp-json\/wp\/v2\/media\/4624"}],"wp:attachment":[{"href":"https:\/\/ajupe.com.uy\/web\/wp-json\/wp\/v2\/media?parent=4623"}],"wp:term":[{"taxonomy":"product_brand","embeddable":true,"href":"https:\/\/ajupe.com.uy\/web\/wp-json\/wp\/v2\/product_brand?post=4623"},{"taxonomy":"product_cat","embeddable":true,"href":"https:\/\/ajupe.com.uy\/web\/wp-json\/wp\/v2\/product_cat?post=4623"},{"taxonomy":"product_tag","embeddable":true,"href":"https:\/\/ajupe.com.uy\/web\/wp-json\/wp\/v2\/product_tag?post=4623"}],"curies":[{"name":"wp","href":"https:\/\/api.w.org\/{rel}","templated":true}]}}