{"id":4632,"date":"2011-10-07T18:29:55","date_gmt":"2011-10-07T21:29:55","guid":{"rendered":"http:\/\/ajupe.com.uy\/web\/?post_type=product&#038;p=4632"},"modified":"2012-02-06T18:32:55","modified_gmt":"2012-02-06T21:32:55","slug":"la-masoneria-uruguaya-el-fin-de-la-discrecion","status":"publish","type":"product","link":"https:\/\/ajupe.com.uy\/web\/biblioteca\/la-masoneria-uruguaya-el-fin-de-la-discrecion\/","title":{"rendered":"La masoneria Uruguaya (el fin de la discrecion)"},"content":{"rendered":"<p><span style=\"margin-top: 0pt; margin-bottom: 0pt;\">El  estudio de la masoner\u00eda ha significado para m\u00ed un verdadero viaje sin  escalas. \u00bfQu\u00e9 quiero decir con esto? Es simple. Desde que comenc\u00e9 a tomar  contacto con la masoner\u00eda, all\u00e1 por setiembre de 2007, nunca dej\u00e9 de  leer, de investigar, de comprar revistas mas\u00f3nicas, de navegar en  internet por cuanta web de masoner\u00eda existiera en los m\u00e1s rec\u00f3nditos  lugares del mundo, de charlar con masones, en fin, de querer saber m\u00e1s y  m\u00e1s sobre una instituci\u00f3n que evidentemente logr\u00f3 cautivarme muy    profundamente. \u00bfPor qu\u00e9 volver a escribir sobre los masones? \u00bfPorque es un tema  taquillero? \u00bfPorque en \u00e9l quedaron cosas por contar o aparecieron otras nuevas para  m\u00ed? \u00bfPorque la editorial me lo pide? \u00bfPorque aspiro a ser un experto en descifrar los secretos de la  masoner\u00eda? \u00bfPorque quiero entrar a la masoner\u00eda? Nunca cometer\u00eda la  hipocres\u00eda de concluir que todas estas preguntas, salvo la \u00faltima,  tienen como respuesta un contundente \u00a1no!\u2026  Pero si tuviera que expresar sencillamente el porqu\u00e9 de este libro lo  definir\u00eda con una frase tan simple como cristalina: \u00abPor placer\u00bb<\/span><\/p>\n","protected":false},"excerpt":{"rendered":"<p>Este libro es la manifestaci\u00f3n m\u00e1s contundente de que si bien la masoner\u00eda institucionalmente mantiene su reserva y apego a la discreci\u00f3n en los t\u00e9rminos tradicionales, muchos masones de forma individual han optado por otro camino<\/p>\n","protected":false},"featured_media":4633,"template":"","meta":[],"product_brand":[650],"product_cat":[45],"product_tag":[],"class_list":{"0":"post-4632","1":"product","2":"type-product","3":"status-publish","4":"has-post-thumbnail","6":"product_brand-fernando-amado","7":"product_cat-uruguayo","9":"first","10":"instock","11":"purchasable","12":"product-type-simple"},"featured_image_urls_v2":{"full":["https:\/\/ajupe.com.uy\/web\/wp-content\/uploads\/2016\/04\/p-4632-La_masoneria_Uru_4f301cd7367e6.jpg",223,335,false],"thumbnail":["https:\/\/ajupe.com.uy\/web\/wp-content\/uploads\/2016\/04\/p-4632-La_masoneria_Uru_4f301cd7367e6.jpg",150,150,true],"medium":["https:\/\/ajupe.com.uy\/web\/wp-content\/uploads\/2016\/04\/p-4632-La_masoneria_Uru_4f301cd7367e6.jpg",300,214,true],"medium_large":["https:\/\/ajupe.com.uy\/web\/wp-content\/uploads\/2016\/04\/p-4632-La_masoneria_Uru_4f301cd7367e6.jpg",223,335,false],"large":["https:\/\/ajupe.com.uy\/web\/wp-content\/uploads\/2016\/04\/p-4632-La_masoneria_Uru_4f301cd7367e6.jpg",223,335,false],"1536x1536":["https:\/\/ajupe.com.uy\/web\/wp-content\/uploads\/2016\/04\/p-4632-La_masoneria_Uru_4f301cd7367e6.jpg",223,335,false],"2048x2048":["https:\/\/ajupe.com.uy\/web\/wp-content\/uploads\/2016\/04\/p-4632-La_masoneria_Uru_4f301cd7367e6.jpg",223,335,false],"woocommerce_archive_thumbnail":["https:\/\/ajupe.com.uy\/web\/wp-content\/uploads\/2016\/04\/p-4632-La_masoneria_Uru_4f301cd7367e6-223x300.jpg",223,300,true],"woocommerce_thumbnail":["https:\/\/ajupe.com.uy\/web\/wp-content\/uploads\/2016\/04\/p-4632-La_masoneria_Uru_4f301cd7367e6-223x300.jpg",223,300,true],"woocommerce_single":["https:\/\/ajupe.com.uy\/web\/wp-content\/uploads\/2016\/04\/p-4632-La_masoneria_Uru_4f301cd7367e6.jpg",223,335,false],"woocommerce_gallery_thumbnail":["https:\/\/ajupe.com.uy\/web\/wp-content\/uploads\/2016\/04\/p-4632-La_masoneria_Uru_4f301cd7367e6-100x100.jpg",100,100,true]},"post_excerpt_stackable_v2":"<p>Este libro es la manifestaci\u00f3n m\u00e1s contundente de que si bien la masoner\u00eda institucionalmente mantiene su reserva y apego a la discreci\u00f3n en los t\u00e9rminos tradicionales, muchos masones de forma individual han optado por otro camino<\/p>\n","category_list_v2":"","author_info_v2":{"name":"","url":""},"comments_num_v2":"0 comentarios","_links":{"self":[{"href":"https:\/\/ajupe.com.uy\/web\/wp-json\/wp\/v2\/product\/4632","targetHints":{"allow":["GET"]}}],"collection":[{"href":"https:\/\/ajupe.com.uy\/web\/wp-json\/wp\/v2\/product"}],"about":[{"href":"https:\/\/ajupe.com.uy\/web\/wp-json\/wp\/v2\/types\/product"}],"wp:featuredmedia":[{"embeddable":true,"href":"https:\/\/ajupe.com.uy\/web\/wp-json\/wp\/v2\/media\/4633"}],"wp:attachment":[{"href":"https:\/\/ajupe.com.uy\/web\/wp-json\/wp\/v2\/media?parent=4632"}],"wp:term":[{"taxonomy":"product_brand","embeddable":true,"href":"https:\/\/ajupe.com.uy\/web\/wp-json\/wp\/v2\/product_brand?post=4632"},{"taxonomy":"product_cat","embeddable":true,"href":"https:\/\/ajupe.com.uy\/web\/wp-json\/wp\/v2\/product_cat?post=4632"},{"taxonomy":"product_tag","embeddable":true,"href":"https:\/\/ajupe.com.uy\/web\/wp-json\/wp\/v2\/product_tag?post=4632"}],"curies":[{"name":"wp","href":"https:\/\/api.w.org\/{rel}","templated":true}]}}