{"id":4650,"date":"2011-10-07T19:24:59","date_gmt":"2011-10-07T22:24:59","guid":{"rendered":"http:\/\/ajupe.com.uy\/web\/?post_type=product&#038;p=4650"},"modified":"2011-10-26T15:40:48","modified_gmt":"2011-10-26T18:40:48","slug":"el-rey-leproso","status":"publish","type":"product","link":"https:\/\/ajupe.com.uy\/web\/biblioteca\/el-rey-leproso\/","title":{"rendered":"El Rey Leproso"},"content":{"rendered":"<p>El rey leproso no pretende ser una novela hist\u00f3rica. Lo \u00fanico que  pretende, salvando las abismales distancias, es convertirse en un relato  al estilo de Los Tres Mosqueteros o El Conde de Montecristo, con los  que la genialidad de Alejandro Dumas cautivaba a sus lectores  aprovechando las lagunas de informaci\u00f3n que suelen rodear a ciertos  hechos hist\u00f3ricos a base de dar vida a unos personajes a caballo entre  la realidad y la ficci\u00f3n, y que en ocasiones acababan por ser tan de  carne y hueso como aquellos que se han convertido en polvo siglos atr\u00e1s.  A. V\u00e1zquez-Figueroa.<\/p>\n","protected":false},"excerpt":{"rendered":"<p>El rey leproso no pretende ser una novela hist\u00f3rica. Lo \u00fanico que pretende, salvando las abismales distancias, es convertirse en un relato al estilo de Los Tres Mosqueteros o El Conde de Montecristo, con los que la genialidad de Alejandro Dumas cautivaba a sus lectores aprovechando las lagunas de informaci\u00f3n que suelen rodear a ciertos [&hellip;]<\/p>\n","protected":false},"featured_media":4651,"template":"","meta":[],"product_brand":[96],"product_cat":[29],"product_tag":[],"class_list":{"0":"post-4650","1":"product","2":"type-product","3":"status-publish","4":"has-post-thumbnail","6":"product_brand-alberto-vazquez-figueroa","7":"product_cat-novela","9":"first","10":"instock","11":"purchasable","12":"product-type-simple"},"featured_image_urls_v2":{"full":["https:\/\/ajupe.com.uy\/web\/wp-content\/uploads\/2016\/04\/p-4650-El_Rey_Leproso_4e8f520b3a953.jpg",176,276,false],"thumbnail":["https:\/\/ajupe.com.uy\/web\/wp-content\/uploads\/2016\/04\/p-4650-El_Rey_Leproso_4e8f520b3a953.jpg",150,150,true],"medium":["https:\/\/ajupe.com.uy\/web\/wp-content\/uploads\/2016\/04\/p-4650-El_Rey_Leproso_4e8f520b3a953.jpg",300,214,true],"medium_large":["https:\/\/ajupe.com.uy\/web\/wp-content\/uploads\/2016\/04\/p-4650-El_Rey_Leproso_4e8f520b3a953.jpg",176,276,false],"large":["https:\/\/ajupe.com.uy\/web\/wp-content\/uploads\/2016\/04\/p-4650-El_Rey_Leproso_4e8f520b3a953.jpg",176,276,false],"1536x1536":["https:\/\/ajupe.com.uy\/web\/wp-content\/uploads\/2016\/04\/p-4650-El_Rey_Leproso_4e8f520b3a953.jpg",176,276,false],"2048x2048":["https:\/\/ajupe.com.uy\/web\/wp-content\/uploads\/2016\/04\/p-4650-El_Rey_Leproso_4e8f520b3a953.jpg",176,276,false],"woocommerce_archive_thumbnail":["https:\/\/ajupe.com.uy\/web\/wp-content\/uploads\/2016\/04\/p-4650-El_Rey_Leproso_4e8f520b3a953.jpg",176,276,false],"woocommerce_thumbnail":["https:\/\/ajupe.com.uy\/web\/wp-content\/uploads\/2016\/04\/p-4650-El_Rey_Leproso_4e8f520b3a953.jpg",176,276,false],"woocommerce_single":["https:\/\/ajupe.com.uy\/web\/wp-content\/uploads\/2016\/04\/p-4650-El_Rey_Leproso_4e8f520b3a953.jpg",176,276,false],"woocommerce_gallery_thumbnail":["https:\/\/ajupe.com.uy\/web\/wp-content\/uploads\/2016\/04\/p-4650-El_Rey_Leproso_4e8f520b3a953-100x100.jpg",100,100,true]},"post_excerpt_stackable_v2":"<p>El rey leproso no pretende ser una novela hist\u00f3rica. Lo \u00fanico que pretende, salvando las abismales distancias, es convertirse en un relato al estilo de Los Tres Mosqueteros o El Conde de Montecristo, con los que la genialidad de Alejandro Dumas cautivaba a sus lectores aprovechando las lagunas de informaci\u00f3n que suelen rodear a ciertos hechos hist\u00f3ricos a base de dar vida a unos personajes a caballo entre la realidad y la ficci\u00f3n, y que en ocasiones acababan por ser tan de carne y hueso como aquellos que se han convertido en polvo siglos atr\u00e1s. A. V\u00e1zquez-Figueroa.<\/p>\n","category_list_v2":"","author_info_v2":{"name":"","url":""},"comments_num_v2":"0 comentarios","_links":{"self":[{"href":"https:\/\/ajupe.com.uy\/web\/wp-json\/wp\/v2\/product\/4650","targetHints":{"allow":["GET"]}}],"collection":[{"href":"https:\/\/ajupe.com.uy\/web\/wp-json\/wp\/v2\/product"}],"about":[{"href":"https:\/\/ajupe.com.uy\/web\/wp-json\/wp\/v2\/types\/product"}],"wp:featuredmedia":[{"embeddable":true,"href":"https:\/\/ajupe.com.uy\/web\/wp-json\/wp\/v2\/media\/4651"}],"wp:attachment":[{"href":"https:\/\/ajupe.com.uy\/web\/wp-json\/wp\/v2\/media?parent=4650"}],"wp:term":[{"taxonomy":"product_brand","embeddable":true,"href":"https:\/\/ajupe.com.uy\/web\/wp-json\/wp\/v2\/product_brand?post=4650"},{"taxonomy":"product_cat","embeddable":true,"href":"https:\/\/ajupe.com.uy\/web\/wp-json\/wp\/v2\/product_cat?post=4650"},{"taxonomy":"product_tag","embeddable":true,"href":"https:\/\/ajupe.com.uy\/web\/wp-json\/wp\/v2\/product_tag?post=4650"}],"curies":[{"name":"wp","href":"https:\/\/api.w.org\/{rel}","templated":true}]}}