{"id":4659,"date":"2011-10-07T19:47:22","date_gmt":"2011-10-07T22:47:22","guid":{"rendered":"http:\/\/ajupe.com.uy\/web\/?post_type=product&#038;p=4659"},"modified":"2012-02-06T18:43:54","modified_gmt":"2012-02-06T21:43:54","slug":"london","status":"publish","type":"product","link":"https:\/\/ajupe.com.uy\/web\/biblioteca\/london\/","title":{"rendered":"London"},"content":{"rendered":"<p>Desde la fundaci\u00f3n de un peque\u00f1o asentamiento celta a los bombardeos de  la Segunda Guerra Mundial, pasando por la invasi\u00f3n por parte de las  legiones de C\u00e9sar en el a\u00f1o 54 a.c, las Cruzadas, la conquista romana,  la creaci\u00f3n del teatro Globe en el que Shakespeare estrenar\u00eda sus  obras, las tensiones religiosas, el Gran Incendio, la \u00e9poca  victoriana&#8230; cientos de historias mezclan a personajes reales y  ficticios, pertenecintes a unas pocas sagas familiares que se perpet\u00faan a  trav\u00e9s de los siglos. Cada episodio de London, profundo en detalles  hist\u00f3ricos, revela la riqueza, la pasi\u00f3n y la lucha por  sobrevivir de una ciudad \u00fanica.<\/p>\n","protected":false},"excerpt":{"rendered":"<p>La ciudad de Londres como nunca antes nos hab\u00edan contado<br \/>\nEsta arrolladora novela cuenta dos milenios de historia de una de las ciudades m\u00e1s fascinantes del mundo: Londres.<\/p>\n","protected":false},"featured_media":4660,"template":"","meta":[],"product_brand":[339],"product_cat":[29],"product_tag":[],"class_list":{"0":"post-4659","1":"product","2":"type-product","3":"status-publish","4":"has-post-thumbnail","6":"product_brand-edward-rutherfurd","7":"product_cat-novela","9":"first","10":"instock","11":"purchasable","12":"product-type-simple"},"featured_image_urls_v2":{"full":["https:\/\/ajupe.com.uy\/web\/wp-content\/uploads\/2016\/04\/p-4659-London_4f301f6a3fb33.jpg",221,346,false],"thumbnail":["https:\/\/ajupe.com.uy\/web\/wp-content\/uploads\/2016\/04\/p-4659-London_4f301f6a3fb33.jpg",150,150,true],"medium":["https:\/\/ajupe.com.uy\/web\/wp-content\/uploads\/2016\/04\/p-4659-London_4f301f6a3fb33.jpg",300,214,true],"medium_large":["https:\/\/ajupe.com.uy\/web\/wp-content\/uploads\/2016\/04\/p-4659-London_4f301f6a3fb33.jpg",221,346,false],"large":["https:\/\/ajupe.com.uy\/web\/wp-content\/uploads\/2016\/04\/p-4659-London_4f301f6a3fb33.jpg",221,346,false],"1536x1536":["https:\/\/ajupe.com.uy\/web\/wp-content\/uploads\/2016\/04\/p-4659-London_4f301f6a3fb33.jpg",221,346,false],"2048x2048":["https:\/\/ajupe.com.uy\/web\/wp-content\/uploads\/2016\/04\/p-4659-London_4f301f6a3fb33.jpg",221,346,false],"woocommerce_archive_thumbnail":["https:\/\/ajupe.com.uy\/web\/wp-content\/uploads\/2016\/04\/p-4659-London_4f301f6a3fb33-221x300.jpg",221,300,true],"woocommerce_thumbnail":["https:\/\/ajupe.com.uy\/web\/wp-content\/uploads\/2016\/04\/p-4659-London_4f301f6a3fb33-221x300.jpg",221,300,true],"woocommerce_single":["https:\/\/ajupe.com.uy\/web\/wp-content\/uploads\/2016\/04\/p-4659-London_4f301f6a3fb33.jpg",221,346,false],"woocommerce_gallery_thumbnail":["https:\/\/ajupe.com.uy\/web\/wp-content\/uploads\/2016\/04\/p-4659-London_4f301f6a3fb33-100x100.jpg",100,100,true]},"post_excerpt_stackable_v2":"<p>La ciudad de Londres como nunca antes nos hab\u00edan contado<br \/>\nEsta arrolladora novela cuenta dos milenios de historia de una de las ciudades m\u00e1s fascinantes del mundo: Londres.<\/p>\n","category_list_v2":"","author_info_v2":{"name":"","url":""},"comments_num_v2":"0 comentarios","_links":{"self":[{"href":"https:\/\/ajupe.com.uy\/web\/wp-json\/wp\/v2\/product\/4659","targetHints":{"allow":["GET"]}}],"collection":[{"href":"https:\/\/ajupe.com.uy\/web\/wp-json\/wp\/v2\/product"}],"about":[{"href":"https:\/\/ajupe.com.uy\/web\/wp-json\/wp\/v2\/types\/product"}],"wp:featuredmedia":[{"embeddable":true,"href":"https:\/\/ajupe.com.uy\/web\/wp-json\/wp\/v2\/media\/4660"}],"wp:attachment":[{"href":"https:\/\/ajupe.com.uy\/web\/wp-json\/wp\/v2\/media?parent=4659"}],"wp:term":[{"taxonomy":"product_brand","embeddable":true,"href":"https:\/\/ajupe.com.uy\/web\/wp-json\/wp\/v2\/product_brand?post=4659"},{"taxonomy":"product_cat","embeddable":true,"href":"https:\/\/ajupe.com.uy\/web\/wp-json\/wp\/v2\/product_cat?post=4659"},{"taxonomy":"product_tag","embeddable":true,"href":"https:\/\/ajupe.com.uy\/web\/wp-json\/wp\/v2\/product_tag?post=4659"}],"curies":[{"name":"wp","href":"https:\/\/api.w.org\/{rel}","templated":true}]}}