{"id":4671,"date":"2011-10-07T20:04:45","date_gmt":"2011-10-07T23:04:45","guid":{"rendered":"http:\/\/ajupe.com.uy\/web\/?post_type=product&#038;p=4671"},"modified":"2011-10-11T19:03:42","modified_gmt":"2011-10-11T22:03:42","slug":"la-novia-robada-y-otros-cuentos","status":"publish","type":"product","link":"https:\/\/ajupe.com.uy\/web\/biblioteca\/la-novia-robada-y-otros-cuentos\/","title":{"rendered":"LA NOVIA ROBADA Y OTROS CUENTOS"},"content":{"rendered":"<p>La historia que cuenta en La novia robada (1968) no traza m\u00e1s que la desventura de una mujer, Moncha Insaurralde, dominada por su vestido nupcial; una novia venida de un viaje a Europa para casarse con un muerto, Marcos Bergner. Es el recuerdo de un recuerdo: el de la joven Moncha cuyo matrimonio no lleg\u00f3 a realizarse y cuyo vestido de novia utilizaba las noches de luna. Este relato se inscribe dentro del ciclo de Santa Mar\u00eda, lugar inventado por Onetti, donde se desarrollan varios cuentos del autor, y no es tan s\u00f3rdidos como pueden serlo, por ejemplo, El astillero o Juntacad\u00e1veres.<\/p>\n","protected":false},"excerpt":{"rendered":"<p>Estamos ante una breve joya de todo un maestro, que no necesitan excusas.<\/p>\n","protected":false},"featured_media":4672,"template":"","meta":[],"product_brand":[1056],"product_cat":[29],"product_tag":[],"class_list":{"0":"post-4671","1":"product","2":"type-product","3":"status-publish","4":"has-post-thumbnail","6":"product_brand-juan-carlos-onetti","7":"product_cat-novela","9":"first","10":"instock","11":"purchasable","12":"product-type-simple"},"featured_image_urls_v2":{"full":["https:\/\/ajupe.com.uy\/web\/wp-content\/uploads\/2016\/04\/p-4671-LA_NOVIA_ROBADA__4e8f5b5ddb45d.jpg",204,270,false],"thumbnail":["https:\/\/ajupe.com.uy\/web\/wp-content\/uploads\/2016\/04\/p-4671-LA_NOVIA_ROBADA__4e8f5b5ddb45d.jpg",150,150,true],"medium":["https:\/\/ajupe.com.uy\/web\/wp-content\/uploads\/2016\/04\/p-4671-LA_NOVIA_ROBADA__4e8f5b5ddb45d.jpg",300,214,true],"medium_large":["https:\/\/ajupe.com.uy\/web\/wp-content\/uploads\/2016\/04\/p-4671-LA_NOVIA_ROBADA__4e8f5b5ddb45d.jpg",204,270,false],"large":["https:\/\/ajupe.com.uy\/web\/wp-content\/uploads\/2016\/04\/p-4671-LA_NOVIA_ROBADA__4e8f5b5ddb45d.jpg",204,270,false],"1536x1536":["https:\/\/ajupe.com.uy\/web\/wp-content\/uploads\/2016\/04\/p-4671-LA_NOVIA_ROBADA__4e8f5b5ddb45d.jpg",204,270,false],"2048x2048":["https:\/\/ajupe.com.uy\/web\/wp-content\/uploads\/2016\/04\/p-4671-LA_NOVIA_ROBADA__4e8f5b5ddb45d.jpg",204,270,false],"woocommerce_archive_thumbnail":["https:\/\/ajupe.com.uy\/web\/wp-content\/uploads\/2016\/04\/p-4671-LA_NOVIA_ROBADA__4e8f5b5ddb45d.jpg",204,270,false],"woocommerce_thumbnail":["https:\/\/ajupe.com.uy\/web\/wp-content\/uploads\/2016\/04\/p-4671-LA_NOVIA_ROBADA__4e8f5b5ddb45d.jpg",204,270,false],"woocommerce_single":["https:\/\/ajupe.com.uy\/web\/wp-content\/uploads\/2016\/04\/p-4671-LA_NOVIA_ROBADA__4e8f5b5ddb45d.jpg",204,270,false],"woocommerce_gallery_thumbnail":["https:\/\/ajupe.com.uy\/web\/wp-content\/uploads\/2016\/04\/p-4671-LA_NOVIA_ROBADA__4e8f5b5ddb45d-100x100.jpg",100,100,true]},"post_excerpt_stackable_v2":"<p>Estamos ante una breve joya de todo un maestro, que no necesitan excusas.<\/p>\n","category_list_v2":"","author_info_v2":{"name":"","url":""},"comments_num_v2":"0 comentarios","_links":{"self":[{"href":"https:\/\/ajupe.com.uy\/web\/wp-json\/wp\/v2\/product\/4671","targetHints":{"allow":["GET"]}}],"collection":[{"href":"https:\/\/ajupe.com.uy\/web\/wp-json\/wp\/v2\/product"}],"about":[{"href":"https:\/\/ajupe.com.uy\/web\/wp-json\/wp\/v2\/types\/product"}],"wp:featuredmedia":[{"embeddable":true,"href":"https:\/\/ajupe.com.uy\/web\/wp-json\/wp\/v2\/media\/4672"}],"wp:attachment":[{"href":"https:\/\/ajupe.com.uy\/web\/wp-json\/wp\/v2\/media?parent=4671"}],"wp:term":[{"taxonomy":"product_brand","embeddable":true,"href":"https:\/\/ajupe.com.uy\/web\/wp-json\/wp\/v2\/product_brand?post=4671"},{"taxonomy":"product_cat","embeddable":true,"href":"https:\/\/ajupe.com.uy\/web\/wp-json\/wp\/v2\/product_cat?post=4671"},{"taxonomy":"product_tag","embeddable":true,"href":"https:\/\/ajupe.com.uy\/web\/wp-json\/wp\/v2\/product_tag?post=4671"}],"curies":[{"name":"wp","href":"https:\/\/api.w.org\/{rel}","templated":true}]}}