{"id":4701,"date":"2011-10-07T20:59:21","date_gmt":"2011-10-07T23:59:21","guid":{"rendered":"http:\/\/ajupe.com.uy\/web\/?post_type=product&#038;p=4701"},"modified":"2011-10-07T21:00:43","modified_gmt":"2011-10-08T00:00:43","slug":"diablo-guardian","status":"publish","type":"product","link":"https:\/\/ajupe.com.uy\/web\/biblioteca\/diablo-guardian\/","title":{"rendered":"DIABLO GUARDIAN"},"content":{"rendered":"<p>Violetta tiene quince a\u00f1os cuando cruza la frontera con m\u00e1s de cien mil d\u00f3lares robados a sus padres, asimismo excelentes amigos de lo ajeno. Azarosamente desembarcada en Nueva York, sobrevive durante cuatro a\u00f1os a todo tren, gastando varios kilogramos de dinero malhabido. Para mantener ese ritmo, acelerado todav\u00eda m\u00e1s por el polvo blanco que introduce por su nariz en cantidades generosas, se ense\u00f1a a enganchar hombres en lobbies de hoteles lujosos. No sabe, ni le interesa, la cantidad de leyes, l\u00edmites y preceptos a los que pasa por encima. Tampoco sabe que Nefast\u00f3feles, el supuesto rico heredero que la deslumbra, ser\u00e1 como una daga clavada en su bella espalda hasta que, ya de vuelta en M\u00e9xico, se tope con Pig, y llegue entonces la hora del Diablo Guardi\u00e1n. Pero lo que Violetta s\u00ed sabe es que es tiempo de arrojar los dados y cerrar los ojos, casi con ganas de que a todo se lo lleve el diablo; y que, generalmente, eso lo haces s\u00f3lo cuando de plano crees que ya te va a llevar.<\/p>\n","protected":false},"excerpt":{"rendered":"<p>Quien, no al cabo del tiempo de convivir con ladrones, sacr\u00edlegos, borrachos y suripantas, termina al tiempo siendo netamente la imagen reflejada en el espejo de su futuro, de lo que el mismo vio en su pasado?\u2026Violetta, sab\u00eda vivir su presente.<\/p>\n","protected":false},"featured_media":4702,"template":"","meta":[],"product_brand":[939],"product_cat":[29],"product_tag":[],"class_list":{"0":"post-4701","1":"product","2":"type-product","3":"status-publish","4":"has-post-thumbnail","6":"product_brand-xavier-velazco","7":"product_cat-novela","9":"first","10":"instock","11":"purchasable","12":"product-type-simple"},"featured_image_urls_v2":{"full":["https:\/\/ajupe.com.uy\/web\/wp-content\/uploads\/2016\/04\/p-4701-DIABLO_GUARDIAN_4e8f687b8f496.jpg",500,803,false],"thumbnail":["https:\/\/ajupe.com.uy\/web\/wp-content\/uploads\/2016\/04\/p-4701-DIABLO_GUARDIAN_4e8f687b8f496.jpg",150,150,true],"medium":["https:\/\/ajupe.com.uy\/web\/wp-content\/uploads\/2016\/04\/p-4701-DIABLO_GUARDIAN_4e8f687b8f496.jpg",300,214,true],"medium_large":["https:\/\/ajupe.com.uy\/web\/wp-content\/uploads\/2016\/04\/p-4701-DIABLO_GUARDIAN_4e8f687b8f496.jpg",500,803,false],"large":["https:\/\/ajupe.com.uy\/web\/wp-content\/uploads\/2016\/04\/p-4701-DIABLO_GUARDIAN_4e8f687b8f496.jpg",500,803,false],"1536x1536":["https:\/\/ajupe.com.uy\/web\/wp-content\/uploads\/2016\/04\/p-4701-DIABLO_GUARDIAN_4e8f687b8f496.jpg",500,803,false],"2048x2048":["https:\/\/ajupe.com.uy\/web\/wp-content\/uploads\/2016\/04\/p-4701-DIABLO_GUARDIAN_4e8f687b8f496.jpg",500,803,false],"woocommerce_archive_thumbnail":["https:\/\/ajupe.com.uy\/web\/wp-content\/uploads\/2016\/04\/p-4701-DIABLO_GUARDIAN_4e8f687b8f496-300x450.jpg",300,450,true],"woocommerce_thumbnail":["https:\/\/ajupe.com.uy\/web\/wp-content\/uploads\/2016\/04\/p-4701-DIABLO_GUARDIAN_4e8f687b8f496-300x300.jpg",300,300,true],"woocommerce_single":["https:\/\/ajupe.com.uy\/web\/wp-content\/uploads\/2016\/04\/p-4701-DIABLO_GUARDIAN_4e8f687b8f496-300x482.jpg",300,482,true],"woocommerce_gallery_thumbnail":["https:\/\/ajupe.com.uy\/web\/wp-content\/uploads\/2016\/04\/p-4701-DIABLO_GUARDIAN_4e8f687b8f496-100x100.jpg",100,100,true]},"post_excerpt_stackable_v2":"<p>Quien, no al cabo del tiempo de convivir con ladrones, sacr\u00edlegos, borrachos y suripantas, termina al tiempo siendo netamente la imagen reflejada en el espejo de su futuro, de lo que el mismo vio en su pasado?\u2026Violetta, sab\u00eda vivir su presente.<\/p>\n","category_list_v2":"","author_info_v2":{"name":"","url":""},"comments_num_v2":"0 comentarios","_links":{"self":[{"href":"https:\/\/ajupe.com.uy\/web\/wp-json\/wp\/v2\/product\/4701","targetHints":{"allow":["GET"]}}],"collection":[{"href":"https:\/\/ajupe.com.uy\/web\/wp-json\/wp\/v2\/product"}],"about":[{"href":"https:\/\/ajupe.com.uy\/web\/wp-json\/wp\/v2\/types\/product"}],"wp:featuredmedia":[{"embeddable":true,"href":"https:\/\/ajupe.com.uy\/web\/wp-json\/wp\/v2\/media\/4702"}],"wp:attachment":[{"href":"https:\/\/ajupe.com.uy\/web\/wp-json\/wp\/v2\/media?parent=4701"}],"wp:term":[{"taxonomy":"product_brand","embeddable":true,"href":"https:\/\/ajupe.com.uy\/web\/wp-json\/wp\/v2\/product_brand?post=4701"},{"taxonomy":"product_cat","embeddable":true,"href":"https:\/\/ajupe.com.uy\/web\/wp-json\/wp\/v2\/product_cat?post=4701"},{"taxonomy":"product_tag","embeddable":true,"href":"https:\/\/ajupe.com.uy\/web\/wp-json\/wp\/v2\/product_tag?post=4701"}],"curies":[{"name":"wp","href":"https:\/\/api.w.org\/{rel}","templated":true}]}}