{"id":4707,"date":"2011-10-07T21:28:02","date_gmt":"2011-10-08T00:28:02","guid":{"rendered":"http:\/\/ajupe.com.uy\/web\/?post_type=product&#038;p=4707"},"modified":"2011-10-11T19:12:12","modified_gmt":"2011-10-11T22:12:12","slug":"el-psicoanalista","status":"publish","type":"product","link":"https:\/\/ajupe.com.uy\/web\/biblioteca\/el-psicoanalista\/","title":{"rendered":"El psicoanalista"},"content":{"rendered":"<p>Feliz 53 cumplea\u00f1os, doctor. Bienvenido al primer d\u00eda de su muerte. Pertenezco a alg\u00fan momento de su pasado. Usted arruin\u00f3 mi vida. Quiz\u00e1 no sepa c\u00f3mo, por qu\u00e9 o cu\u00e1ndo, pero lo hizo. Llen\u00f3 todos mis instantes de desastre y tristeza. Arruin\u00f3 mi vida. Y ahora estoy decidido a arruinar la suya. Al principio pens\u00e9 que deber\u00eda matarlo para ajustarle las cuentas, sencillamente. Pero me di cuenta de que eso era demasiado sencillo. Es un objetivo pat\u00e9ticamente f\u00e1cil, doctor. Acecharlo y matarlo no habr\u00eda supuesto ning\u00fan desaf\u00edo. Dada la facilidad de ese asesinato, no estaba seguro de que me proporcionara la satisfacci\u00f3n necesaria. He decidido que prefiero que se suicide. As\u00ed reza el an\u00f3nimo que recibe Frederick Starks, un psicoanalista con una larga carrera a sus espaldas y una vida cotidiana de lo m\u00e1s tranquila. Starks deber\u00e1 emplear toda su astucia y rapidez para, en quince d\u00edas, averiguar qui\u00e9n es el autor de las amenazadoras misivas. De no ser as\u00ed, pasado ese plazo de tiempo deber\u00e1 elegir entre suicidarse y ser testigo de c\u00f3mo, uno tras otro, sus familiares y conocidos van siendo asesinados por un psic\u00f3pata que promete llevar hasta el fin el plan que ha ideado para vengarse&#8230;<\/p>\n","protected":false},"excerpt":{"rendered":"<p>Una novela de suspense atrapante en la cual un psicoanalista se encuentra a la merced de un psicopata que le manda una carta an\u00f3nima culp\u00e1ndolo de haber arruinado su vida y amenazando a su familia y conocidos si no cumple con el objetivo que le propone&#8230;<\/p>\n","protected":false},"featured_media":4708,"template":"","meta":[],"product_brand":[445],"product_cat":[30,48],"product_tag":[],"class_list":{"0":"post-4707","1":"product","2":"type-product","3":"status-publish","4":"has-post-thumbnail","6":"product_brand-john-katzenbach","7":"product_cat-suspenso","8":"product_cat-thrillers","10":"first","11":"instock","12":"purchasable","13":"product-type-simple"},"featured_image_urls_v2":{"full":["https:\/\/ajupe.com.uy\/web\/wp-content\/uploads\/2016\/04\/p-4707-El_psicoanalista_4e8f6ee2ed763.jpg",282,416,false],"thumbnail":["https:\/\/ajupe.com.uy\/web\/wp-content\/uploads\/2016\/04\/p-4707-El_psicoanalista_4e8f6ee2ed763.jpg",150,150,true],"medium":["https:\/\/ajupe.com.uy\/web\/wp-content\/uploads\/2016\/04\/p-4707-El_psicoanalista_4e8f6ee2ed763.jpg",300,214,true],"medium_large":["https:\/\/ajupe.com.uy\/web\/wp-content\/uploads\/2016\/04\/p-4707-El_psicoanalista_4e8f6ee2ed763.jpg",282,416,false],"large":["https:\/\/ajupe.com.uy\/web\/wp-content\/uploads\/2016\/04\/p-4707-El_psicoanalista_4e8f6ee2ed763.jpg",282,416,false],"1536x1536":["https:\/\/ajupe.com.uy\/web\/wp-content\/uploads\/2016\/04\/p-4707-El_psicoanalista_4e8f6ee2ed763.jpg",282,416,false],"2048x2048":["https:\/\/ajupe.com.uy\/web\/wp-content\/uploads\/2016\/04\/p-4707-El_psicoanalista_4e8f6ee2ed763.jpg",282,416,false],"woocommerce_archive_thumbnail":["https:\/\/ajupe.com.uy\/web\/wp-content\/uploads\/2016\/04\/p-4707-El_psicoanalista_4e8f6ee2ed763-282x400.jpg",282,400,true],"woocommerce_thumbnail":["https:\/\/ajupe.com.uy\/web\/wp-content\/uploads\/2016\/04\/p-4707-El_psicoanalista_4e8f6ee2ed763-282x300.jpg",282,300,true],"woocommerce_single":["https:\/\/ajupe.com.uy\/web\/wp-content\/uploads\/2016\/04\/p-4707-El_psicoanalista_4e8f6ee2ed763.jpg",282,416,false],"woocommerce_gallery_thumbnail":["https:\/\/ajupe.com.uy\/web\/wp-content\/uploads\/2016\/04\/p-4707-El_psicoanalista_4e8f6ee2ed763-100x100.jpg",100,100,true]},"post_excerpt_stackable_v2":"<p>Una novela de suspense atrapante en la cual un psicoanalista se encuentra a la merced de un psicopata que le manda una carta an\u00f3nima culp\u00e1ndolo de haber arruinado su vida y amenazando a su familia y conocidos si no cumple con el objetivo que le propone&#8230;<\/p>\n","category_list_v2":"","author_info_v2":{"name":"","url":""},"comments_num_v2":"0 comentarios","_links":{"self":[{"href":"https:\/\/ajupe.com.uy\/web\/wp-json\/wp\/v2\/product\/4707","targetHints":{"allow":["GET"]}}],"collection":[{"href":"https:\/\/ajupe.com.uy\/web\/wp-json\/wp\/v2\/product"}],"about":[{"href":"https:\/\/ajupe.com.uy\/web\/wp-json\/wp\/v2\/types\/product"}],"wp:featuredmedia":[{"embeddable":true,"href":"https:\/\/ajupe.com.uy\/web\/wp-json\/wp\/v2\/media\/4708"}],"wp:attachment":[{"href":"https:\/\/ajupe.com.uy\/web\/wp-json\/wp\/v2\/media?parent=4707"}],"wp:term":[{"taxonomy":"product_brand","embeddable":true,"href":"https:\/\/ajupe.com.uy\/web\/wp-json\/wp\/v2\/product_brand?post=4707"},{"taxonomy":"product_cat","embeddable":true,"href":"https:\/\/ajupe.com.uy\/web\/wp-json\/wp\/v2\/product_cat?post=4707"},{"taxonomy":"product_tag","embeddable":true,"href":"https:\/\/ajupe.com.uy\/web\/wp-json\/wp\/v2\/product_tag?post=4707"}],"curies":[{"name":"wp","href":"https:\/\/api.w.org\/{rel}","templated":true}]}}