{"id":4713,"date":"2011-10-07T21:32:34","date_gmt":"2011-10-08T00:32:34","guid":{"rendered":"http:\/\/ajupe.com.uy\/web\/?post_type=product&#038;p=4713"},"modified":"2011-10-07T21:32:34","modified_gmt":"2011-10-08T00:32:34","slug":"sangre-azteca","status":"publish","type":"product","link":"https:\/\/ajupe.com.uy\/web\/biblioteca\/sangre-azteca\/","title":{"rendered":"SANGRE AZTECA"},"content":{"rendered":"<p>El pueblo azteca ha sido conquistado y la sangrienta rebeli\u00f3n ind\u00edgena reprimida. En esta apasionante \u00e9poca, un joven mendigo mestizo, por cuyas venas corre sangre de la realeza espa\u00f1ola y azteca, debe develar el secreto mortal que esconde su linaje paterno y reclamar los derechos que le corresponden por nacimiento.<\/p>\n","protected":false},"excerpt":{"rendered":"<p>Es la continuaci\u00f3n de la obra \u00abOto\u00f1o azteca\u00bb la cual relata las experiencias vividas por una azteca durante la llegada de los espa\u00f1oles a Am\u00e9rica. En \u00e9ste libro la historia es relatada por un espa\u00f1ol.<\/p>\n","protected":false},"featured_media":4714,"template":"","meta":[],"product_brand":[663],"product_cat":[31,29],"product_tag":[],"class_list":{"0":"post-4713","1":"product","2":"type-product","3":"status-publish","4":"has-post-thumbnail","6":"product_brand-gary-jennings","7":"product_cat-historico","8":"product_cat-novela","10":"first","11":"instock","12":"purchasable","13":"product-type-simple"},"featured_image_urls_v2":{"full":["https:\/\/ajupe.com.uy\/web\/wp-content\/uploads\/2016\/04\/p-4713-SANGRE_AZTECA_4e8f6ff25dab3.jpg",216,313,false],"thumbnail":["https:\/\/ajupe.com.uy\/web\/wp-content\/uploads\/2016\/04\/p-4713-SANGRE_AZTECA_4e8f6ff25dab3.jpg",150,150,true],"medium":["https:\/\/ajupe.com.uy\/web\/wp-content\/uploads\/2016\/04\/p-4713-SANGRE_AZTECA_4e8f6ff25dab3.jpg",300,214,true],"medium_large":["https:\/\/ajupe.com.uy\/web\/wp-content\/uploads\/2016\/04\/p-4713-SANGRE_AZTECA_4e8f6ff25dab3.jpg",216,313,false],"large":["https:\/\/ajupe.com.uy\/web\/wp-content\/uploads\/2016\/04\/p-4713-SANGRE_AZTECA_4e8f6ff25dab3.jpg",216,313,false],"1536x1536":["https:\/\/ajupe.com.uy\/web\/wp-content\/uploads\/2016\/04\/p-4713-SANGRE_AZTECA_4e8f6ff25dab3.jpg",216,313,false],"2048x2048":["https:\/\/ajupe.com.uy\/web\/wp-content\/uploads\/2016\/04\/p-4713-SANGRE_AZTECA_4e8f6ff25dab3.jpg",216,313,false],"woocommerce_archive_thumbnail":["https:\/\/ajupe.com.uy\/web\/wp-content\/uploads\/2016\/04\/p-4713-SANGRE_AZTECA_4e8f6ff25dab3-216x300.jpg",216,300,true],"woocommerce_thumbnail":["https:\/\/ajupe.com.uy\/web\/wp-content\/uploads\/2016\/04\/p-4713-SANGRE_AZTECA_4e8f6ff25dab3-216x300.jpg",216,300,true],"woocommerce_single":["https:\/\/ajupe.com.uy\/web\/wp-content\/uploads\/2016\/04\/p-4713-SANGRE_AZTECA_4e8f6ff25dab3.jpg",216,313,false],"woocommerce_gallery_thumbnail":["https:\/\/ajupe.com.uy\/web\/wp-content\/uploads\/2016\/04\/p-4713-SANGRE_AZTECA_4e8f6ff25dab3-100x100.jpg",100,100,true]},"post_excerpt_stackable_v2":"<p>Es la continuaci\u00f3n de la obra \u00abOto\u00f1o azteca\u00bb la cual relata las experiencias vividas por una azteca durante la llegada de los espa\u00f1oles a Am\u00e9rica. En \u00e9ste libro la historia es relatada por un espa\u00f1ol.<\/p>\n","category_list_v2":"","author_info_v2":{"name":"","url":""},"comments_num_v2":"0 comentarios","_links":{"self":[{"href":"https:\/\/ajupe.com.uy\/web\/wp-json\/wp\/v2\/product\/4713","targetHints":{"allow":["GET"]}}],"collection":[{"href":"https:\/\/ajupe.com.uy\/web\/wp-json\/wp\/v2\/product"}],"about":[{"href":"https:\/\/ajupe.com.uy\/web\/wp-json\/wp\/v2\/types\/product"}],"wp:featuredmedia":[{"embeddable":true,"href":"https:\/\/ajupe.com.uy\/web\/wp-json\/wp\/v2\/media\/4714"}],"wp:attachment":[{"href":"https:\/\/ajupe.com.uy\/web\/wp-json\/wp\/v2\/media?parent=4713"}],"wp:term":[{"taxonomy":"product_brand","embeddable":true,"href":"https:\/\/ajupe.com.uy\/web\/wp-json\/wp\/v2\/product_brand?post=4713"},{"taxonomy":"product_cat","embeddable":true,"href":"https:\/\/ajupe.com.uy\/web\/wp-json\/wp\/v2\/product_cat?post=4713"},{"taxonomy":"product_tag","embeddable":true,"href":"https:\/\/ajupe.com.uy\/web\/wp-json\/wp\/v2\/product_tag?post=4713"}],"curies":[{"name":"wp","href":"https:\/\/api.w.org\/{rel}","templated":true}]}}