{"id":4725,"date":"2011-10-07T21:48:45","date_gmt":"2011-10-08T00:48:45","guid":{"rendered":"http:\/\/ajupe.com.uy\/web\/?post_type=product&#038;p=4725"},"modified":"2011-10-07T21:48:45","modified_gmt":"2011-10-08T00:48:45","slug":"de-aqui-a-la-eternidad","status":"publish","type":"product","link":"https:\/\/ajupe.com.uy\/web\/biblioteca\/de-aqui-a-la-eternidad\/","title":{"rendered":"De Aqui a la Eternidad"},"content":{"rendered":"<p>El estadounidense <strong>James Jones <\/strong>escribi\u00f3 en 1951 esta  cl\u00e1sica aunque  brutal  obra sobre la vida en un campo militar en Hawai  en 1941 y los  sentimientos  extremos que rigen las relaciones de los  hombres y las  mujeres que all\u00ed viven. Llevada al cine  por Fred  Zinnemann el film gan\u00f3  ocho Oscar: mejor pel\u00edcula, mejor director,  mejor gui\u00f3n adaptado  (Daniel Taradash), mejor actor secundario( Frank  Sinatra) y mejor actriz  secundaria (Dona Reed), entre otros.<\/p>\n","protected":false},"excerpt":{"rendered":"<p>El estadounidense James Jones escribi\u00f3 en 1951 esta cl\u00e1sica aunque brutal obra sobre la vida en un campo militar en Hawai en 1941 y los sentimientos extremos que rigen las relaciones de los hombres y las mujeres que all\u00ed viven. Llevada al cine por Fred Zinnemann el film gan\u00f3 ocho Oscar: mejor pel\u00edcula, mejor director, [&hellip;]<\/p>\n","protected":false},"featured_media":4726,"template":"","meta":[],"product_brand":[716],"product_cat":[29],"product_tag":[],"class_list":{"0":"post-4725","1":"product","2":"type-product","3":"status-publish","4":"has-post-thumbnail","6":"product_brand-james-jones","7":"product_cat-novela","9":"first","10":"instock","11":"purchasable","12":"product-type-simple"},"featured_image_urls_v2":{"full":["https:\/\/ajupe.com.uy\/web\/wp-content\/uploads\/2016\/04\/p-4725-De_Aqui_a_la_Ete_4e8f73bd1f081.jpg",270,270,false],"thumbnail":["https:\/\/ajupe.com.uy\/web\/wp-content\/uploads\/2016\/04\/p-4725-De_Aqui_a_la_Ete_4e8f73bd1f081.jpg",150,150,true],"medium":["https:\/\/ajupe.com.uy\/web\/wp-content\/uploads\/2016\/04\/p-4725-De_Aqui_a_la_Ete_4e8f73bd1f081.jpg",300,214,true],"medium_large":["https:\/\/ajupe.com.uy\/web\/wp-content\/uploads\/2016\/04\/p-4725-De_Aqui_a_la_Ete_4e8f73bd1f081.jpg",270,270,false],"large":["https:\/\/ajupe.com.uy\/web\/wp-content\/uploads\/2016\/04\/p-4725-De_Aqui_a_la_Ete_4e8f73bd1f081.jpg",270,270,false],"1536x1536":["https:\/\/ajupe.com.uy\/web\/wp-content\/uploads\/2016\/04\/p-4725-De_Aqui_a_la_Ete_4e8f73bd1f081.jpg",270,270,false],"2048x2048":["https:\/\/ajupe.com.uy\/web\/wp-content\/uploads\/2016\/04\/p-4725-De_Aqui_a_la_Ete_4e8f73bd1f081.jpg",270,270,false],"woocommerce_archive_thumbnail":["https:\/\/ajupe.com.uy\/web\/wp-content\/uploads\/2016\/04\/p-4725-De_Aqui_a_la_Ete_4e8f73bd1f081.jpg",270,270,false],"woocommerce_thumbnail":["https:\/\/ajupe.com.uy\/web\/wp-content\/uploads\/2016\/04\/p-4725-De_Aqui_a_la_Ete_4e8f73bd1f081.jpg",270,270,false],"woocommerce_single":["https:\/\/ajupe.com.uy\/web\/wp-content\/uploads\/2016\/04\/p-4725-De_Aqui_a_la_Ete_4e8f73bd1f081.jpg",270,270,false],"woocommerce_gallery_thumbnail":["https:\/\/ajupe.com.uy\/web\/wp-content\/uploads\/2016\/04\/p-4725-De_Aqui_a_la_Ete_4e8f73bd1f081-100x100.jpg",100,100,true]},"post_excerpt_stackable_v2":"<p>El estadounidense James Jones escribi\u00f3 en 1951 esta cl\u00e1sica aunque brutal obra sobre la vida en un campo militar en Hawai en 1941 y los sentimientos extremos que rigen las relaciones de los hombres y las mujeres que all\u00ed viven. Llevada al cine por Fred Zinnemann el film gan\u00f3 ocho Oscar: mejor pel\u00edcula, mejor director, mejor gui\u00f3n adaptado (Daniel Taradash), mejor actor secundario( Frank Sinatra) y mejor actriz secundaria (Dona Reed), entre otros.<\/p>\n","category_list_v2":"","author_info_v2":{"name":"","url":""},"comments_num_v2":"0 comentarios","_links":{"self":[{"href":"https:\/\/ajupe.com.uy\/web\/wp-json\/wp\/v2\/product\/4725","targetHints":{"allow":["GET"]}}],"collection":[{"href":"https:\/\/ajupe.com.uy\/web\/wp-json\/wp\/v2\/product"}],"about":[{"href":"https:\/\/ajupe.com.uy\/web\/wp-json\/wp\/v2\/types\/product"}],"wp:featuredmedia":[{"embeddable":true,"href":"https:\/\/ajupe.com.uy\/web\/wp-json\/wp\/v2\/media\/4726"}],"wp:attachment":[{"href":"https:\/\/ajupe.com.uy\/web\/wp-json\/wp\/v2\/media?parent=4725"}],"wp:term":[{"taxonomy":"product_brand","embeddable":true,"href":"https:\/\/ajupe.com.uy\/web\/wp-json\/wp\/v2\/product_brand?post=4725"},{"taxonomy":"product_cat","embeddable":true,"href":"https:\/\/ajupe.com.uy\/web\/wp-json\/wp\/v2\/product_cat?post=4725"},{"taxonomy":"product_tag","embeddable":true,"href":"https:\/\/ajupe.com.uy\/web\/wp-json\/wp\/v2\/product_tag?post=4725"}],"curies":[{"name":"wp","href":"https:\/\/api.w.org\/{rel}","templated":true}]}}