{"id":4728,"date":"2011-10-07T21:49:17","date_gmt":"2011-10-08T00:49:17","guid":{"rendered":"http:\/\/ajupe.com.uy\/web\/?post_type=product&#038;p=4728"},"modified":"2011-10-07T21:49:17","modified_gmt":"2011-10-08T00:49:17","slug":"mas-oscuro-que-la-noche-2","status":"publish","type":"product","link":"https:\/\/ajupe.com.uy\/web\/biblioteca\/mas-oscuro-que-la-noche-2\/","title":{"rendered":"MAS OSCURO QUE LA NOCHE"},"content":{"rendered":"<p>Harry Bosch participa como testigo en un juicio en el que se acusa a un director de cine del asesinato de una actriz.<br \/>\nMientras tanto, Terry McCaleb recibe la visita de una antigua compa\u00f1era de trabajo que solicita su ayuda en la resoluci\u00f3n de un caso dif\u00edcil. McCaleb, reticente en un principio a abandonar su id\u00edlico retiro en la isla de Catalina, no puede reprimir sus ganas de recuperar su vida anterior. El asesinato que ahora debe investigar es el tipo de homicidio complejo con los que trataba frecuentemente durante sus d\u00edas en el FBI. Su primer examen del escenario del crimen le lleva en pos de un asesino met\u00f3dico con un gusto por los rituales y la venganza: junto al cad\u00e1ver de la v\u00edctima han sido halladas la figura de una lechuza y un extra\u00f1o mensaje en lat\u00edn. A medida que McCaleb desentra\u00f1a las claves de este escabroso asesinato, Bosch cobra mayor protagonismo en el juicio del que est\u00e1 pendiente toda la ciudad de Los \u00c1ngeles.<\/p>\n","protected":false},"excerpt":{"rendered":"<p>Harry Bosch participa como testigo en un juicio en el que se acusa a un director de cine del asesinato de una actriz.<\/p>\n","protected":false},"featured_media":4729,"template":"","meta":[],"product_brand":[384],"product_cat":[29,30],"product_tag":[],"class_list":{"0":"post-4728","1":"product","2":"type-product","3":"status-publish","4":"has-post-thumbnail","6":"product_brand-michael-connelly","7":"product_cat-novela","8":"product_cat-suspenso","10":"first","11":"instock","12":"purchasable","13":"product-type-simple"},"featured_image_urls_v2":{"full":["https:\/\/ajupe.com.uy\/web\/wp-content\/uploads\/2016\/04\/p-4728-MAS_OSCURO_QUE_L_4e8f73dd1f430.jpg",182,277,false],"thumbnail":["https:\/\/ajupe.com.uy\/web\/wp-content\/uploads\/2016\/04\/p-4728-MAS_OSCURO_QUE_L_4e8f73dd1f430.jpg",150,150,true],"medium":["https:\/\/ajupe.com.uy\/web\/wp-content\/uploads\/2016\/04\/p-4728-MAS_OSCURO_QUE_L_4e8f73dd1f430.jpg",300,214,true],"medium_large":["https:\/\/ajupe.com.uy\/web\/wp-content\/uploads\/2016\/04\/p-4728-MAS_OSCURO_QUE_L_4e8f73dd1f430.jpg",182,277,false],"large":["https:\/\/ajupe.com.uy\/web\/wp-content\/uploads\/2016\/04\/p-4728-MAS_OSCURO_QUE_L_4e8f73dd1f430.jpg",182,277,false],"1536x1536":["https:\/\/ajupe.com.uy\/web\/wp-content\/uploads\/2016\/04\/p-4728-MAS_OSCURO_QUE_L_4e8f73dd1f430.jpg",182,277,false],"2048x2048":["https:\/\/ajupe.com.uy\/web\/wp-content\/uploads\/2016\/04\/p-4728-MAS_OSCURO_QUE_L_4e8f73dd1f430.jpg",182,277,false],"woocommerce_archive_thumbnail":["https:\/\/ajupe.com.uy\/web\/wp-content\/uploads\/2016\/04\/p-4728-MAS_OSCURO_QUE_L_4e8f73dd1f430.jpg",182,277,false],"woocommerce_thumbnail":["https:\/\/ajupe.com.uy\/web\/wp-content\/uploads\/2016\/04\/p-4728-MAS_OSCURO_QUE_L_4e8f73dd1f430.jpg",182,277,false],"woocommerce_single":["https:\/\/ajupe.com.uy\/web\/wp-content\/uploads\/2016\/04\/p-4728-MAS_OSCURO_QUE_L_4e8f73dd1f430.jpg",182,277,false],"woocommerce_gallery_thumbnail":["https:\/\/ajupe.com.uy\/web\/wp-content\/uploads\/2016\/04\/p-4728-MAS_OSCURO_QUE_L_4e8f73dd1f430-100x100.jpg",100,100,true]},"post_excerpt_stackable_v2":"<p>Harry Bosch participa como testigo en un juicio en el que se acusa a un director de cine del asesinato de una actriz.<\/p>\n","category_list_v2":"","author_info_v2":{"name":"","url":""},"comments_num_v2":"0 comentarios","_links":{"self":[{"href":"https:\/\/ajupe.com.uy\/web\/wp-json\/wp\/v2\/product\/4728","targetHints":{"allow":["GET"]}}],"collection":[{"href":"https:\/\/ajupe.com.uy\/web\/wp-json\/wp\/v2\/product"}],"about":[{"href":"https:\/\/ajupe.com.uy\/web\/wp-json\/wp\/v2\/types\/product"}],"wp:featuredmedia":[{"embeddable":true,"href":"https:\/\/ajupe.com.uy\/web\/wp-json\/wp\/v2\/media\/4729"}],"wp:attachment":[{"href":"https:\/\/ajupe.com.uy\/web\/wp-json\/wp\/v2\/media?parent=4728"}],"wp:term":[{"taxonomy":"product_brand","embeddable":true,"href":"https:\/\/ajupe.com.uy\/web\/wp-json\/wp\/v2\/product_brand?post=4728"},{"taxonomy":"product_cat","embeddable":true,"href":"https:\/\/ajupe.com.uy\/web\/wp-json\/wp\/v2\/product_cat?post=4728"},{"taxonomy":"product_tag","embeddable":true,"href":"https:\/\/ajupe.com.uy\/web\/wp-json\/wp\/v2\/product_tag?post=4728"}],"curies":[{"name":"wp","href":"https:\/\/api.w.org\/{rel}","templated":true}]}}