{"id":4731,"date":"2011-10-07T21:54:28","date_gmt":"2011-10-08T00:54:28","guid":{"rendered":"http:\/\/ajupe.com.uy\/web\/?post_type=product&#038;p=4731"},"modified":"2011-10-07T21:54:28","modified_gmt":"2011-10-08T00:54:28","slug":"la-carta-esferica-2","status":"publish","type":"product","link":"https:\/\/ajupe.com.uy\/web\/biblioteca\/la-carta-esferica-2\/","title":{"rendered":"La carta esf\u00e9rica"},"content":{"rendered":"<p>La carta esf\u00e9rica es la historia de un marino sin barco, desterrado del mar, a quien rescata una mujer que le devuelve a la aventura marina. Cartograf\u00eda hist\u00f3rica, antiguos archivos, museos navales y buscadores de naufragios componen el argumento de La carta esf\u00e9rica. Toda la literatura n\u00e1utica, desde Homero a Conrad y Melville, est\u00e1 expl\u00edcita o impl\u00edcita en las p\u00e1ginas de La carta esf\u00e9rica.<\/p>\n","protected":false},"excerpt":{"rendered":"<p>Una novela en la que figuran las grandes obsesiones literarias de Arturo P\u00e9rez-Reverte: el enigma, la trama de misterio y la investigaci\u00f3n hist\u00f3rica.<\/p>\n","protected":false},"featured_media":4732,"template":"","meta":[],"product_brand":[262],"product_cat":[31,29,30],"product_tag":[],"class_list":{"0":"post-4731","1":"product","2":"type-product","3":"status-publish","4":"has-post-thumbnail","6":"product_brand-arturo-perez-reverte","7":"product_cat-historico","8":"product_cat-novela","9":"product_cat-suspenso","11":"first","12":"instock","13":"purchasable","14":"product-type-simple"},"featured_image_urls_v2":{"full":["https:\/\/ajupe.com.uy\/web\/wp-content\/uploads\/2016\/04\/p-4731-La_carta_esf__ri_4e8f751469eaa.jpg",640,1019,false],"thumbnail":["https:\/\/ajupe.com.uy\/web\/wp-content\/uploads\/2016\/04\/p-4731-La_carta_esf__ri_4e8f751469eaa.jpg",150,150,true],"medium":["https:\/\/ajupe.com.uy\/web\/wp-content\/uploads\/2016\/04\/p-4731-La_carta_esf__ri_4e8f751469eaa.jpg",300,214,true],"medium_large":["https:\/\/ajupe.com.uy\/web\/wp-content\/uploads\/2016\/04\/p-4731-La_carta_esf__ri_4e8f751469eaa.jpg",640,1019,false],"large":["https:\/\/ajupe.com.uy\/web\/wp-content\/uploads\/2016\/04\/p-4731-La_carta_esf__ri_4e8f751469eaa.jpg",640,1019,false],"1536x1536":["https:\/\/ajupe.com.uy\/web\/wp-content\/uploads\/2016\/04\/p-4731-La_carta_esf__ri_4e8f751469eaa.jpg",640,1019,false],"2048x2048":["https:\/\/ajupe.com.uy\/web\/wp-content\/uploads\/2016\/04\/p-4731-La_carta_esf__ri_4e8f751469eaa.jpg",640,1019,false],"woocommerce_archive_thumbnail":["https:\/\/ajupe.com.uy\/web\/wp-content\/uploads\/2016\/04\/p-4731-La_carta_esf__ri_4e8f751469eaa-300x450.jpg",300,450,true],"woocommerce_thumbnail":["https:\/\/ajupe.com.uy\/web\/wp-content\/uploads\/2016\/04\/p-4731-La_carta_esf__ri_4e8f751469eaa-300x300.jpg",300,300,true],"woocommerce_single":["https:\/\/ajupe.com.uy\/web\/wp-content\/uploads\/2016\/04\/p-4731-La_carta_esf__ri_4e8f751469eaa-300x478.jpg",300,478,true],"woocommerce_gallery_thumbnail":["https:\/\/ajupe.com.uy\/web\/wp-content\/uploads\/2016\/04\/p-4731-La_carta_esf__ri_4e8f751469eaa-100x100.jpg",100,100,true]},"post_excerpt_stackable_v2":"<p>Una novela en la que figuran las grandes obsesiones literarias de Arturo P\u00e9rez-Reverte: el enigma, la trama de misterio y la investigaci\u00f3n hist\u00f3rica.<\/p>\n","category_list_v2":"","author_info_v2":{"name":"","url":""},"comments_num_v2":"0 comentarios","_links":{"self":[{"href":"https:\/\/ajupe.com.uy\/web\/wp-json\/wp\/v2\/product\/4731","targetHints":{"allow":["GET"]}}],"collection":[{"href":"https:\/\/ajupe.com.uy\/web\/wp-json\/wp\/v2\/product"}],"about":[{"href":"https:\/\/ajupe.com.uy\/web\/wp-json\/wp\/v2\/types\/product"}],"wp:featuredmedia":[{"embeddable":true,"href":"https:\/\/ajupe.com.uy\/web\/wp-json\/wp\/v2\/media\/4732"}],"wp:attachment":[{"href":"https:\/\/ajupe.com.uy\/web\/wp-json\/wp\/v2\/media?parent=4731"}],"wp:term":[{"taxonomy":"product_brand","embeddable":true,"href":"https:\/\/ajupe.com.uy\/web\/wp-json\/wp\/v2\/product_brand?post=4731"},{"taxonomy":"product_cat","embeddable":true,"href":"https:\/\/ajupe.com.uy\/web\/wp-json\/wp\/v2\/product_cat?post=4731"},{"taxonomy":"product_tag","embeddable":true,"href":"https:\/\/ajupe.com.uy\/web\/wp-json\/wp\/v2\/product_tag?post=4731"}],"curies":[{"name":"wp","href":"https:\/\/api.w.org\/{rel}","templated":true}]}}