{"id":4746,"date":"2011-10-07T22:13:44","date_gmt":"2011-10-08T01:13:44","guid":{"rendered":"http:\/\/ajupe.com.uy\/web\/?post_type=product&#038;p=4746"},"modified":"2012-06-27T20:47:07","modified_gmt":"2012-06-27T23:47:07","slug":"el-rey-de-los-pleitos","status":"publish","type":"product","link":"https:\/\/ajupe.com.uy\/web\/biblioteca\/el-rey-de-los-pleitos\/","title":{"rendered":"El rey de los pleitos"},"content":{"rendered":"<p>Pese a su juventud, Clay Carter se ha resignado a vivir como un gris abogado de oficio. De ah\u00ed su falta de entusiasmo al ocuparse de un caso no por nuevo menos rutinario: defender a un adolescente acusado de asesinato. A1 indagar en el pasado de su cliente, Clay descubre, no obstante, que cuando cometi\u00f3 el crimen se hallaba bajo los efectos de un f\u00e1rmaco en fase de experimentaci\u00f3n. El laboratorio creador del producto, temeroso de que el suceso salga a la luz, propone un turbio pacto al abogado. Pero \u00bfest\u00e1 Clay dispuesto a jugar sucio?, \u00bfpodr\u00e1 vencer la tentaci\u00f3n de convertirse en el nuevo rey de los pleitos?<\/p>\n","protected":false},"excerpt":{"rendered":"<p>En este nuevo thriller legal, Grisham desvela el enorme poder de ciertos bufetes de abogados y analiza las consecuencias de una ambici\u00f3n desmesurada.<\/p>\n","protected":false},"featured_media":4747,"template":"","meta":[],"product_brand":[77],"product_cat":[30,48],"product_tag":[],"class_list":{"0":"post-4746","1":"product","2":"type-product","3":"status-publish","4":"has-post-thumbnail","6":"product_brand-john-grisham","7":"product_cat-suspenso","8":"product_cat-thrillers","10":"first","11":"instock","12":"purchasable","13":"product-type-simple"},"featured_image_urls_v2":{"full":["https:\/\/ajupe.com.uy\/web\/wp-content\/uploads\/2016\/04\/p-4746-EL_REY_DE_LOS_PL_4e8f79989af21.jpg",600,600,false],"thumbnail":["https:\/\/ajupe.com.uy\/web\/wp-content\/uploads\/2016\/04\/p-4746-EL_REY_DE_LOS_PL_4e8f79989af21.jpg",150,150,true],"medium":["https:\/\/ajupe.com.uy\/web\/wp-content\/uploads\/2016\/04\/p-4746-EL_REY_DE_LOS_PL_4e8f79989af21.jpg",300,214,true],"medium_large":["https:\/\/ajupe.com.uy\/web\/wp-content\/uploads\/2016\/04\/p-4746-EL_REY_DE_LOS_PL_4e8f79989af21.jpg",600,600,false],"large":["https:\/\/ajupe.com.uy\/web\/wp-content\/uploads\/2016\/04\/p-4746-EL_REY_DE_LOS_PL_4e8f79989af21.jpg",600,600,false],"1536x1536":["https:\/\/ajupe.com.uy\/web\/wp-content\/uploads\/2016\/04\/p-4746-EL_REY_DE_LOS_PL_4e8f79989af21.jpg",600,600,false],"2048x2048":["https:\/\/ajupe.com.uy\/web\/wp-content\/uploads\/2016\/04\/p-4746-EL_REY_DE_LOS_PL_4e8f79989af21.jpg",600,600,false],"woocommerce_archive_thumbnail":["https:\/\/ajupe.com.uy\/web\/wp-content\/uploads\/2016\/04\/p-4746-EL_REY_DE_LOS_PL_4e8f79989af21-300x450.jpg",300,450,true],"woocommerce_thumbnail":["https:\/\/ajupe.com.uy\/web\/wp-content\/uploads\/2016\/04\/p-4746-EL_REY_DE_LOS_PL_4e8f79989af21-300x300.jpg",300,300,true],"woocommerce_single":["https:\/\/ajupe.com.uy\/web\/wp-content\/uploads\/2016\/04\/p-4746-EL_REY_DE_LOS_PL_4e8f79989af21-300x300.jpg",300,300,true],"woocommerce_gallery_thumbnail":["https:\/\/ajupe.com.uy\/web\/wp-content\/uploads\/2016\/04\/p-4746-EL_REY_DE_LOS_PL_4e8f79989af21-100x100.jpg",100,100,true]},"post_excerpt_stackable_v2":"<p>En este nuevo thriller legal, Grisham desvela el enorme poder de ciertos bufetes de abogados y analiza las consecuencias de una ambici\u00f3n desmesurada.<\/p>\n","category_list_v2":"","author_info_v2":{"name":"","url":""},"comments_num_v2":"0 comentarios","_links":{"self":[{"href":"https:\/\/ajupe.com.uy\/web\/wp-json\/wp\/v2\/product\/4746","targetHints":{"allow":["GET"]}}],"collection":[{"href":"https:\/\/ajupe.com.uy\/web\/wp-json\/wp\/v2\/product"}],"about":[{"href":"https:\/\/ajupe.com.uy\/web\/wp-json\/wp\/v2\/types\/product"}],"wp:featuredmedia":[{"embeddable":true,"href":"https:\/\/ajupe.com.uy\/web\/wp-json\/wp\/v2\/media\/4747"}],"wp:attachment":[{"href":"https:\/\/ajupe.com.uy\/web\/wp-json\/wp\/v2\/media?parent=4746"}],"wp:term":[{"taxonomy":"product_brand","embeddable":true,"href":"https:\/\/ajupe.com.uy\/web\/wp-json\/wp\/v2\/product_brand?post=4746"},{"taxonomy":"product_cat","embeddable":true,"href":"https:\/\/ajupe.com.uy\/web\/wp-json\/wp\/v2\/product_cat?post=4746"},{"taxonomy":"product_tag","embeddable":true,"href":"https:\/\/ajupe.com.uy\/web\/wp-json\/wp\/v2\/product_tag?post=4746"}],"curies":[{"name":"wp","href":"https:\/\/api.w.org\/{rel}","templated":true}]}}