{"id":4755,"date":"2011-10-07T22:26:38","date_gmt":"2011-10-08T01:26:38","guid":{"rendered":"http:\/\/ajupe.com.uy\/web\/?post_type=product&#038;p=4755"},"modified":"2011-10-26T15:31:44","modified_gmt":"2011-10-26T18:31:44","slug":"los-mensajes-de-los-sabios","status":"publish","type":"product","link":"https:\/\/ajupe.com.uy\/web\/biblioteca\/los-mensajes-de-los-sabios\/","title":{"rendered":"Los Mensajes de Los Sabios"},"content":{"rendered":"<p>En Muchas vidas, muchos maestros, Brian Weiss abri\u00f3 una puerta  inesperada al asombroso mundo de las regresiones a otras existencias. En  Lazos de amor nos mostr\u00f3 que todos tenemos almas en otras vidas que  esperan reunirse con nosotros hoy en d\u00eda. Ahora, ahondando en el  conocimiento de los Sabios, los gu\u00edas espirituales que dan forma a  nuestros destinos, Brian Weiss nos hace conocedores de su mayor logro  hasta el momento. Los mensajes de los Sabios est\u00e1n aqu\u00ed. S\u00f3lo hace falta  que los escuchemos y sigamos sus consejos.<\/p>\n","protected":false},"excerpt":{"rendered":"<p>En Muchas vidas, muchos maestros, Brian Weiss abri\u00f3 una puerta inesperada al asombroso mundo de las regresiones a otras existencias. En Lazos de amor nos mostr\u00f3 que todos tenemos almas en otras vidas que esperan reunirse con nosotros hoy en d\u00eda. Ahora, ahondando en el conocimiento de los Sabios, los gu\u00edas espirituales que dan forma [&hellip;]<\/p>\n","protected":false},"featured_media":4756,"template":"","meta":[],"product_brand":[458],"product_cat":[32],"product_tag":[],"class_list":{"0":"post-4755","1":"product","2":"type-product","3":"status-publish","4":"has-post-thumbnail","6":"product_brand-brian-weiss","7":"product_cat-autoayuda","9":"first","10":"instock","11":"purchasable","12":"product-type-simple"},"featured_image_urls_v2":{"full":["https:\/\/ajupe.com.uy\/web\/wp-content\/uploads\/2016\/04\/p-4755-Los_Mensajes_de__4e8f7c9e90f76.jpg",250,350,false],"thumbnail":["https:\/\/ajupe.com.uy\/web\/wp-content\/uploads\/2016\/04\/p-4755-Los_Mensajes_de__4e8f7c9e90f76.jpg",150,150,true],"medium":["https:\/\/ajupe.com.uy\/web\/wp-content\/uploads\/2016\/04\/p-4755-Los_Mensajes_de__4e8f7c9e90f76.jpg",300,214,true],"medium_large":["https:\/\/ajupe.com.uy\/web\/wp-content\/uploads\/2016\/04\/p-4755-Los_Mensajes_de__4e8f7c9e90f76.jpg",250,350,false],"large":["https:\/\/ajupe.com.uy\/web\/wp-content\/uploads\/2016\/04\/p-4755-Los_Mensajes_de__4e8f7c9e90f76.jpg",250,350,false],"1536x1536":["https:\/\/ajupe.com.uy\/web\/wp-content\/uploads\/2016\/04\/p-4755-Los_Mensajes_de__4e8f7c9e90f76.jpg",250,350,false],"2048x2048":["https:\/\/ajupe.com.uy\/web\/wp-content\/uploads\/2016\/04\/p-4755-Los_Mensajes_de__4e8f7c9e90f76.jpg",250,350,false],"woocommerce_archive_thumbnail":["https:\/\/ajupe.com.uy\/web\/wp-content\/uploads\/2016\/04\/p-4755-Los_Mensajes_de__4e8f7c9e90f76-250x300.jpg",250,300,true],"woocommerce_thumbnail":["https:\/\/ajupe.com.uy\/web\/wp-content\/uploads\/2016\/04\/p-4755-Los_Mensajes_de__4e8f7c9e90f76-250x300.jpg",250,300,true],"woocommerce_single":["https:\/\/ajupe.com.uy\/web\/wp-content\/uploads\/2016\/04\/p-4755-Los_Mensajes_de__4e8f7c9e90f76.jpg",250,350,false],"woocommerce_gallery_thumbnail":["https:\/\/ajupe.com.uy\/web\/wp-content\/uploads\/2016\/04\/p-4755-Los_Mensajes_de__4e8f7c9e90f76-100x100.jpg",100,100,true]},"post_excerpt_stackable_v2":"<p>En Muchas vidas, muchos maestros, Brian Weiss abri\u00f3 una puerta inesperada al asombroso mundo de las regresiones a otras existencias. En Lazos de amor nos mostr\u00f3 que todos tenemos almas en otras vidas que esperan reunirse con nosotros hoy en d\u00eda. Ahora, ahondando en el conocimiento de los Sabios, los gu\u00edas espirituales que dan forma a nuestros destinos, Brian Weiss nos hace conocedores de su mayor logro hasta el momento. Los mensajes de los Sabios est\u00e1n aqu\u00ed. S\u00f3lo hace falta que los escuchemos y sigamos sus consejos.<\/p>\n","category_list_v2":"","author_info_v2":{"name":"","url":""},"comments_num_v2":"0 comentarios","_links":{"self":[{"href":"https:\/\/ajupe.com.uy\/web\/wp-json\/wp\/v2\/product\/4755","targetHints":{"allow":["GET"]}}],"collection":[{"href":"https:\/\/ajupe.com.uy\/web\/wp-json\/wp\/v2\/product"}],"about":[{"href":"https:\/\/ajupe.com.uy\/web\/wp-json\/wp\/v2\/types\/product"}],"wp:featuredmedia":[{"embeddable":true,"href":"https:\/\/ajupe.com.uy\/web\/wp-json\/wp\/v2\/media\/4756"}],"wp:attachment":[{"href":"https:\/\/ajupe.com.uy\/web\/wp-json\/wp\/v2\/media?parent=4755"}],"wp:term":[{"taxonomy":"product_brand","embeddable":true,"href":"https:\/\/ajupe.com.uy\/web\/wp-json\/wp\/v2\/product_brand?post=4755"},{"taxonomy":"product_cat","embeddable":true,"href":"https:\/\/ajupe.com.uy\/web\/wp-json\/wp\/v2\/product_cat?post=4755"},{"taxonomy":"product_tag","embeddable":true,"href":"https:\/\/ajupe.com.uy\/web\/wp-json\/wp\/v2\/product_tag?post=4755"}],"curies":[{"name":"wp","href":"https:\/\/api.w.org\/{rel}","templated":true}]}}