{"id":4788,"date":"2011-10-07T22:59:35","date_gmt":"2011-10-08T01:59:35","guid":{"rendered":"http:\/\/ajupe.com.uy\/web\/?post_type=product&#038;p=4788"},"modified":"2011-10-07T22:59:35","modified_gmt":"2011-10-08T01:59:35","slug":"atila-el-azote-de-dios","status":"publish","type":"product","link":"https:\/\/ajupe.com.uy\/web\/biblioteca\/atila-el-azote-de-dios\/","title":{"rendered":"Atila. El Azote de Dios"},"content":{"rendered":"<p>Tras d\u00e9cadas de sufrir el acoso de las tribus b\u00e1rbaras, el Imperio  romano se debilita por momentos. Hacia el 449 d.de C., Atila, el rey de  los hunos -cuya ferocidad le ha ganado el t\u00edtulo de &#8216;el Azote de Dios&#8217;-  es el se\u00f1or de la guerra m\u00e1s poderoso del mundo y, al comprender que su  imperio corre el riesgo de desaparer, se dispone a atacar Occidente.<\/p>\n","protected":false},"excerpt":{"rendered":"<p>Tras d\u00e9cadas de sufrir el acoso de las tribus b\u00e1rbaras, el Imperio romano se debilita por momentos. Hacia el 449 d.de C., Atila, el rey de los hunos -cuya ferocidad le ha ganado el t\u00edtulo de &#8216;el Azote de Dios&#8217;- es el se\u00f1or de la guerra m\u00e1s poderoso del mundo y, al comprender que su [&hellip;]<\/p>\n","protected":false},"featured_media":4789,"template":"","meta":[],"product_brand":[934],"product_cat":[31],"product_tag":[],"class_list":{"0":"post-4788","1":"product","2":"type-product","3":"status-publish","4":"has-post-thumbnail","6":"product_brand-william-dietrich","7":"product_cat-historico","9":"first","10":"instock","11":"purchasable","12":"product-type-simple"},"featured_image_urls_v2":{"full":["https:\/\/ajupe.com.uy\/web\/wp-content\/uploads\/2016\/04\/p-4788-Atila._El_Azote__4e8f8457916d4.jpg",200,200,false],"thumbnail":["https:\/\/ajupe.com.uy\/web\/wp-content\/uploads\/2016\/04\/p-4788-Atila._El_Azote__4e8f8457916d4.jpg",150,150,true],"medium":["https:\/\/ajupe.com.uy\/web\/wp-content\/uploads\/2016\/04\/p-4788-Atila._El_Azote__4e8f8457916d4.jpg",300,214,true],"medium_large":["https:\/\/ajupe.com.uy\/web\/wp-content\/uploads\/2016\/04\/p-4788-Atila._El_Azote__4e8f8457916d4.jpg",200,200,false],"large":["https:\/\/ajupe.com.uy\/web\/wp-content\/uploads\/2016\/04\/p-4788-Atila._El_Azote__4e8f8457916d4.jpg",200,200,false],"1536x1536":["https:\/\/ajupe.com.uy\/web\/wp-content\/uploads\/2016\/04\/p-4788-Atila._El_Azote__4e8f8457916d4.jpg",200,200,false],"2048x2048":["https:\/\/ajupe.com.uy\/web\/wp-content\/uploads\/2016\/04\/p-4788-Atila._El_Azote__4e8f8457916d4.jpg",200,200,false],"woocommerce_archive_thumbnail":["https:\/\/ajupe.com.uy\/web\/wp-content\/uploads\/2016\/04\/p-4788-Atila._El_Azote__4e8f8457916d4.jpg",200,200,false],"woocommerce_thumbnail":["https:\/\/ajupe.com.uy\/web\/wp-content\/uploads\/2016\/04\/p-4788-Atila._El_Azote__4e8f8457916d4.jpg",200,200,false],"woocommerce_single":["https:\/\/ajupe.com.uy\/web\/wp-content\/uploads\/2016\/04\/p-4788-Atila._El_Azote__4e8f8457916d4.jpg",200,200,false],"woocommerce_gallery_thumbnail":["https:\/\/ajupe.com.uy\/web\/wp-content\/uploads\/2016\/04\/p-4788-Atila._El_Azote__4e8f8457916d4-100x100.jpg",100,100,true]},"post_excerpt_stackable_v2":"<p>Tras d\u00e9cadas de sufrir el acoso de las tribus b\u00e1rbaras, el Imperio romano se debilita por momentos. Hacia el 449 d.de C., Atila, el rey de los hunos -cuya ferocidad le ha ganado el t\u00edtulo de &#8216;el Azote de Dios&#8217;- es el se\u00f1or de la guerra m\u00e1s poderoso del mundo y, al comprender que su imperio corre el riesgo de desaparer, se dispone a atacar Occidente.<\/p>\n","category_list_v2":"","author_info_v2":{"name":"","url":""},"comments_num_v2":"0 comentarios","_links":{"self":[{"href":"https:\/\/ajupe.com.uy\/web\/wp-json\/wp\/v2\/product\/4788","targetHints":{"allow":["GET"]}}],"collection":[{"href":"https:\/\/ajupe.com.uy\/web\/wp-json\/wp\/v2\/product"}],"about":[{"href":"https:\/\/ajupe.com.uy\/web\/wp-json\/wp\/v2\/types\/product"}],"wp:featuredmedia":[{"embeddable":true,"href":"https:\/\/ajupe.com.uy\/web\/wp-json\/wp\/v2\/media\/4789"}],"wp:attachment":[{"href":"https:\/\/ajupe.com.uy\/web\/wp-json\/wp\/v2\/media?parent=4788"}],"wp:term":[{"taxonomy":"product_brand","embeddable":true,"href":"https:\/\/ajupe.com.uy\/web\/wp-json\/wp\/v2\/product_brand?post=4788"},{"taxonomy":"product_cat","embeddable":true,"href":"https:\/\/ajupe.com.uy\/web\/wp-json\/wp\/v2\/product_cat?post=4788"},{"taxonomy":"product_tag","embeddable":true,"href":"https:\/\/ajupe.com.uy\/web\/wp-json\/wp\/v2\/product_tag?post=4788"}],"curies":[{"name":"wp","href":"https:\/\/api.w.org\/{rel}","templated":true}]}}