{"id":4791,"date":"2011-10-07T23:02:50","date_gmt":"2011-10-08T02:02:50","guid":{"rendered":"http:\/\/ajupe.com.uy\/web\/?post_type=product&#038;p=4791"},"modified":"2011-10-07T23:02:50","modified_gmt":"2011-10-08T02:02:50","slug":"cenizas-de-rencor","status":"publish","type":"product","link":"https:\/\/ajupe.com.uy\/web\/biblioteca\/cenizas-de-rencor\/","title":{"rendered":"CENIZAS DE RENCOR"},"content":{"rendered":"<p>Olivia Whitelaw ha vivido su vida como polo negativo de la de su autoritaria madre: esta quer\u00eda que estudiase, pero ella dej\u00f3 el instituto y se fue a vivir con un hombre casado, quien no tard\u00f3 en dejarla a su vez. Abandonada y embarazada, su madre solo la readmiti\u00f3 en casa a condici\u00f3n de que abortase&#8230; Ahora quiz\u00e1 es demasiado tarde para enderezar su destino, pero no es as\u00ed para intentar comprender los extra\u00f1os mecanismos psicol\u00f3gicos por lo que una hija puede, a\u00fan en su rebeld\u00eda, vivir al comp\u00e1s de los caprichos de su madre. Para intentar comprender c\u00f3mo los actos de una persona pueden vivir invariablemente determinados por el criterio de otra. Y c\u00f3mo una relaci\u00f3n emocional tan enrarecida puede involucrar a otras personas e incluso dar lugar a un siniestro crimen&#8230; Por su parte, el inspector Linley tendr\u00e1 que hilar muy fino para llegar al meollo de este amargo entramado de sentimientos.<\/p>\n","protected":false},"excerpt":{"rendered":"<p>En esta historia cautivadora de pasi\u00f3n y traici\u00f3n, un joven jugador de cr\u00edquet, Kenneth Fleming, es encontrado muerto en un \u201ccottage\u201d ingl\u00e9s, v\u00edctima de un incendio. La narraci\u00f3n de la autora se alterna con la de Olivia Whitelaw, una ex prostituta que se <\/p>\n","protected":false},"featured_media":4792,"template":"","meta":[],"product_brand":[291],"product_cat":[29,30],"product_tag":[],"class_list":{"0":"post-4791","1":"product","2":"type-product","3":"status-publish","4":"has-post-thumbnail","6":"product_brand-elizabeth-george","7":"product_cat-novela","8":"product_cat-suspenso","10":"first","11":"instock","12":"purchasable","13":"product-type-simple"},"featured_image_urls_v2":{"full":["https:\/\/ajupe.com.uy\/web\/wp-content\/uploads\/2016\/04\/p-4791-CENIZAS_DE_RENCO_4e8f851ad8835.jpg",78,120,false],"thumbnail":["https:\/\/ajupe.com.uy\/web\/wp-content\/uploads\/2016\/04\/p-4791-CENIZAS_DE_RENCO_4e8f851ad8835.jpg",150,150,true],"medium":["https:\/\/ajupe.com.uy\/web\/wp-content\/uploads\/2016\/04\/p-4791-CENIZAS_DE_RENCO_4e8f851ad8835.jpg",300,214,true],"medium_large":["https:\/\/ajupe.com.uy\/web\/wp-content\/uploads\/2016\/04\/p-4791-CENIZAS_DE_RENCO_4e8f851ad8835.jpg",78,120,false],"large":["https:\/\/ajupe.com.uy\/web\/wp-content\/uploads\/2016\/04\/p-4791-CENIZAS_DE_RENCO_4e8f851ad8835.jpg",78,120,false],"1536x1536":["https:\/\/ajupe.com.uy\/web\/wp-content\/uploads\/2016\/04\/p-4791-CENIZAS_DE_RENCO_4e8f851ad8835.jpg",78,120,false],"2048x2048":["https:\/\/ajupe.com.uy\/web\/wp-content\/uploads\/2016\/04\/p-4791-CENIZAS_DE_RENCO_4e8f851ad8835.jpg",78,120,false],"woocommerce_archive_thumbnail":["https:\/\/ajupe.com.uy\/web\/wp-content\/uploads\/2016\/04\/p-4791-CENIZAS_DE_RENCO_4e8f851ad8835.jpg",78,120,false],"woocommerce_thumbnail":["https:\/\/ajupe.com.uy\/web\/wp-content\/uploads\/2016\/04\/p-4791-CENIZAS_DE_RENCO_4e8f851ad8835.jpg",78,120,false],"woocommerce_single":["https:\/\/ajupe.com.uy\/web\/wp-content\/uploads\/2016\/04\/p-4791-CENIZAS_DE_RENCO_4e8f851ad8835.jpg",78,120,false],"woocommerce_gallery_thumbnail":["https:\/\/ajupe.com.uy\/web\/wp-content\/uploads\/2016\/04\/p-4791-CENIZAS_DE_RENCO_4e8f851ad8835-78x100.jpg",78,100,true]},"post_excerpt_stackable_v2":"<p>En esta historia cautivadora de pasi\u00f3n y traici\u00f3n, un joven jugador de cr\u00edquet, Kenneth Fleming, es encontrado muerto en un \u201ccottage\u201d ingl\u00e9s, v\u00edctima de un incendio. La narraci\u00f3n de la autora se alterna con la de Olivia Whitelaw, una ex prostituta que se <\/p>\n","category_list_v2":"","author_info_v2":{"name":"","url":""},"comments_num_v2":"0 comentarios","_links":{"self":[{"href":"https:\/\/ajupe.com.uy\/web\/wp-json\/wp\/v2\/product\/4791","targetHints":{"allow":["GET"]}}],"collection":[{"href":"https:\/\/ajupe.com.uy\/web\/wp-json\/wp\/v2\/product"}],"about":[{"href":"https:\/\/ajupe.com.uy\/web\/wp-json\/wp\/v2\/types\/product"}],"wp:featuredmedia":[{"embeddable":true,"href":"https:\/\/ajupe.com.uy\/web\/wp-json\/wp\/v2\/media\/4792"}],"wp:attachment":[{"href":"https:\/\/ajupe.com.uy\/web\/wp-json\/wp\/v2\/media?parent=4791"}],"wp:term":[{"taxonomy":"product_brand","embeddable":true,"href":"https:\/\/ajupe.com.uy\/web\/wp-json\/wp\/v2\/product_brand?post=4791"},{"taxonomy":"product_cat","embeddable":true,"href":"https:\/\/ajupe.com.uy\/web\/wp-json\/wp\/v2\/product_cat?post=4791"},{"taxonomy":"product_tag","embeddable":true,"href":"https:\/\/ajupe.com.uy\/web\/wp-json\/wp\/v2\/product_tag?post=4791"}],"curies":[{"name":"wp","href":"https:\/\/api.w.org\/{rel}","templated":true}]}}