{"id":4797,"date":"2011-10-07T23:07:59","date_gmt":"2011-10-08T02:07:59","guid":{"rendered":"http:\/\/ajupe.com.uy\/web\/?post_type=product&#038;p=4797"},"modified":"2012-03-26T20:31:09","modified_gmt":"2012-03-26T23:31:09","slug":"el-ltimo-coyote","status":"publish","type":"product","link":"https:\/\/ajupe.com.uy\/web\/biblioteca\/el-ltimo-coyote\/","title":{"rendered":"El \u00daltimo Coyote"},"content":{"rendered":"<p>Un nuevo caso para el detective Harry Bosch donde su autor, Michael  Conelly, nos presenta  otra novela negra de calidad, con una trama  s\u00f3lida y buenas dosis de intriga y acci\u00f3n que la convierten en un  excelente thriller. En esta entrega, Harry investiga un crimen no  resuelto cometido en el a\u00f1o 1961, el asesinato de una prostituta, pero  en este caso la investigaci\u00f3n tiene un car\u00e1cter personal, ya que dicha  mujer era la madre del propio Bosch.<\/p>\n","protected":false},"excerpt":{"rendered":"<p>Un nuevo caso para el detective Harry Bosch donde su autor, Michael Conelly, nos presenta otra novela negra de calidad, con una trama s\u00f3lida y buenas dosis de intriga y acci\u00f3n que la convierten en un excelente thriller. En esta entrega, Harry investiga un crimen no resuelto cometido en el a\u00f1o 1961, el asesinato de [&hellip;]<\/p>\n","protected":false},"featured_media":4798,"template":"","meta":[],"product_brand":[384],"product_cat":[40,30],"product_tag":[],"class_list":{"0":"post-4797","1":"product","2":"type-product","3":"status-publish","4":"has-post-thumbnail","6":"product_brand-michael-connelly","7":"product_cat-policial","8":"product_cat-suspenso","10":"first","11":"instock","12":"purchasable","13":"product-type-simple"},"featured_image_urls_v2":{"full":["https:\/\/ajupe.com.uy\/web\/wp-content\/uploads\/2016\/04\/p-4797-El___ltimo_Coyot_4e8f864fd0b2c.jpg",117,180,false],"thumbnail":["https:\/\/ajupe.com.uy\/web\/wp-content\/uploads\/2016\/04\/p-4797-El___ltimo_Coyot_4e8f864fd0b2c.jpg",150,150,true],"medium":["https:\/\/ajupe.com.uy\/web\/wp-content\/uploads\/2016\/04\/p-4797-El___ltimo_Coyot_4e8f864fd0b2c.jpg",300,214,true],"medium_large":["https:\/\/ajupe.com.uy\/web\/wp-content\/uploads\/2016\/04\/p-4797-El___ltimo_Coyot_4e8f864fd0b2c.jpg",117,180,false],"large":["https:\/\/ajupe.com.uy\/web\/wp-content\/uploads\/2016\/04\/p-4797-El___ltimo_Coyot_4e8f864fd0b2c.jpg",117,180,false],"1536x1536":["https:\/\/ajupe.com.uy\/web\/wp-content\/uploads\/2016\/04\/p-4797-El___ltimo_Coyot_4e8f864fd0b2c.jpg",117,180,false],"2048x2048":["https:\/\/ajupe.com.uy\/web\/wp-content\/uploads\/2016\/04\/p-4797-El___ltimo_Coyot_4e8f864fd0b2c.jpg",117,180,false],"woocommerce_archive_thumbnail":["https:\/\/ajupe.com.uy\/web\/wp-content\/uploads\/2016\/04\/p-4797-El___ltimo_Coyot_4e8f864fd0b2c.jpg",117,180,false],"woocommerce_thumbnail":["https:\/\/ajupe.com.uy\/web\/wp-content\/uploads\/2016\/04\/p-4797-El___ltimo_Coyot_4e8f864fd0b2c.jpg",117,180,false],"woocommerce_single":["https:\/\/ajupe.com.uy\/web\/wp-content\/uploads\/2016\/04\/p-4797-El___ltimo_Coyot_4e8f864fd0b2c.jpg",117,180,false],"woocommerce_gallery_thumbnail":["https:\/\/ajupe.com.uy\/web\/wp-content\/uploads\/2016\/04\/p-4797-El___ltimo_Coyot_4e8f864fd0b2c-100x100.jpg",100,100,true]},"post_excerpt_stackable_v2":"<p>Un nuevo caso para el detective Harry Bosch donde su autor, Michael Conelly, nos presenta otra novela negra de calidad, con una trama s\u00f3lida y buenas dosis de intriga y acci\u00f3n que la convierten en un excelente thriller. En esta entrega, Harry investiga un crimen no resuelto cometido en el a\u00f1o 1961, el asesinato de una prostituta, pero en este caso la investigaci\u00f3n tiene un car\u00e1cter personal, ya que dicha mujer era la madre del propio Bosch.<\/p>\n","category_list_v2":"","author_info_v2":{"name":"","url":""},"comments_num_v2":"0 comentarios","_links":{"self":[{"href":"https:\/\/ajupe.com.uy\/web\/wp-json\/wp\/v2\/product\/4797","targetHints":{"allow":["GET"]}}],"collection":[{"href":"https:\/\/ajupe.com.uy\/web\/wp-json\/wp\/v2\/product"}],"about":[{"href":"https:\/\/ajupe.com.uy\/web\/wp-json\/wp\/v2\/types\/product"}],"wp:featuredmedia":[{"embeddable":true,"href":"https:\/\/ajupe.com.uy\/web\/wp-json\/wp\/v2\/media\/4798"}],"wp:attachment":[{"href":"https:\/\/ajupe.com.uy\/web\/wp-json\/wp\/v2\/media?parent=4797"}],"wp:term":[{"taxonomy":"product_brand","embeddable":true,"href":"https:\/\/ajupe.com.uy\/web\/wp-json\/wp\/v2\/product_brand?post=4797"},{"taxonomy":"product_cat","embeddable":true,"href":"https:\/\/ajupe.com.uy\/web\/wp-json\/wp\/v2\/product_cat?post=4797"},{"taxonomy":"product_tag","embeddable":true,"href":"https:\/\/ajupe.com.uy\/web\/wp-json\/wp\/v2\/product_tag?post=4797"}],"curies":[{"name":"wp","href":"https:\/\/api.w.org\/{rel}","templated":true}]}}