{"id":4802,"date":"2011-10-07T23:12:06","date_gmt":"2011-10-08T02:12:06","guid":{"rendered":"http:\/\/ajupe.com.uy\/web\/?post_type=product&#038;p=4802"},"modified":"2011-10-25T19:09:34","modified_gmt":"2011-10-25T22:09:34","slug":"la-rubia-del-hormigon","status":"publish","type":"product","link":"https:\/\/ajupe.com.uy\/web\/biblioteca\/la-rubia-del-hormigon\/","title":{"rendered":"La Rubia Del Hormig\u00f3n"},"content":{"rendered":"<p>Harry Bosch se enfrenta a un juicio interpuesto por la familia de Norman  Church. A\u00f1os atr\u00e1s, estando de servicio, Bosch mat\u00f3 a Church, a quien  cre\u00eda culpable de una serie de asesinatos. Todos los indicios indicaban  que tras \u00e9ste  se ocultaba el asesino en serie apodado el Fabricante de  Mu\u00f1ecas, un hombre que maquillaba como mu\u00f1ecas a sus v\u00edctimas, la  mayor\u00eda de ellas prostitutas.<\/p>\n","protected":false},"excerpt":{"rendered":"<p>Harry Bosch se enfrenta a un juicio interpuesto por la familia de Norman Church. A\u00f1os atr\u00e1s, estando de servicio, Bosch mat\u00f3 a Church, a quien cre\u00eda culpable de una serie de asesinatos. Todos los indicios indicaban que tras \u00e9ste se ocultaba el asesino en serie apodado el Fabricante de Mu\u00f1ecas, un hombre que maquillaba como [&hellip;]<\/p>\n","protected":false},"featured_media":4803,"template":"","meta":[],"product_brand":[384],"product_cat":[40,30],"product_tag":[],"class_list":{"0":"post-4802","1":"product","2":"type-product","3":"status-publish","4":"has-post-thumbnail","6":"product_brand-michael-connelly","7":"product_cat-policial","8":"product_cat-suspenso","10":"first","11":"instock","12":"purchasable","13":"product-type-simple"},"featured_image_urls_v2":{"full":["https:\/\/ajupe.com.uy\/web\/wp-content\/uploads\/2016\/04\/p-4802-La_Rubia_Del_Hor_4e8f8746f1453.jpg",492,748,false],"thumbnail":["https:\/\/ajupe.com.uy\/web\/wp-content\/uploads\/2016\/04\/p-4802-La_Rubia_Del_Hor_4e8f8746f1453.jpg",150,150,true],"medium":["https:\/\/ajupe.com.uy\/web\/wp-content\/uploads\/2016\/04\/p-4802-La_Rubia_Del_Hor_4e8f8746f1453.jpg",300,214,true],"medium_large":["https:\/\/ajupe.com.uy\/web\/wp-content\/uploads\/2016\/04\/p-4802-La_Rubia_Del_Hor_4e8f8746f1453.jpg",492,748,false],"large":["https:\/\/ajupe.com.uy\/web\/wp-content\/uploads\/2016\/04\/p-4802-La_Rubia_Del_Hor_4e8f8746f1453.jpg",492,748,false],"1536x1536":["https:\/\/ajupe.com.uy\/web\/wp-content\/uploads\/2016\/04\/p-4802-La_Rubia_Del_Hor_4e8f8746f1453.jpg",492,748,false],"2048x2048":["https:\/\/ajupe.com.uy\/web\/wp-content\/uploads\/2016\/04\/p-4802-La_Rubia_Del_Hor_4e8f8746f1453.jpg",492,748,false],"woocommerce_archive_thumbnail":["https:\/\/ajupe.com.uy\/web\/wp-content\/uploads\/2016\/04\/p-4802-La_Rubia_Del_Hor_4e8f8746f1453-300x450.jpg",300,450,true],"woocommerce_thumbnail":["https:\/\/ajupe.com.uy\/web\/wp-content\/uploads\/2016\/04\/p-4802-La_Rubia_Del_Hor_4e8f8746f1453-300x300.jpg",300,300,true],"woocommerce_single":["https:\/\/ajupe.com.uy\/web\/wp-content\/uploads\/2016\/04\/p-4802-La_Rubia_Del_Hor_4e8f8746f1453-300x456.jpg",300,456,true],"woocommerce_gallery_thumbnail":["https:\/\/ajupe.com.uy\/web\/wp-content\/uploads\/2016\/04\/p-4802-La_Rubia_Del_Hor_4e8f8746f1453-100x100.jpg",100,100,true]},"post_excerpt_stackable_v2":"<p>Harry Bosch se enfrenta a un juicio interpuesto por la familia de Norman Church. A\u00f1os atr\u00e1s, estando de servicio, Bosch mat\u00f3 a Church, a quien cre\u00eda culpable de una serie de asesinatos. Todos los indicios indicaban que tras \u00e9ste se ocultaba el asesino en serie apodado el Fabricante de Mu\u00f1ecas, un hombre que maquillaba como mu\u00f1ecas a sus v\u00edctimas, la mayor\u00eda de ellas prostitutas.<\/p>\n","category_list_v2":"","author_info_v2":{"name":"","url":""},"comments_num_v2":"0 comentarios","_links":{"self":[{"href":"https:\/\/ajupe.com.uy\/web\/wp-json\/wp\/v2\/product\/4802","targetHints":{"allow":["GET"]}}],"collection":[{"href":"https:\/\/ajupe.com.uy\/web\/wp-json\/wp\/v2\/product"}],"about":[{"href":"https:\/\/ajupe.com.uy\/web\/wp-json\/wp\/v2\/types\/product"}],"wp:featuredmedia":[{"embeddable":true,"href":"https:\/\/ajupe.com.uy\/web\/wp-json\/wp\/v2\/media\/4803"}],"wp:attachment":[{"href":"https:\/\/ajupe.com.uy\/web\/wp-json\/wp\/v2\/media?parent=4802"}],"wp:term":[{"taxonomy":"product_brand","embeddable":true,"href":"https:\/\/ajupe.com.uy\/web\/wp-json\/wp\/v2\/product_brand?post=4802"},{"taxonomy":"product_cat","embeddable":true,"href":"https:\/\/ajupe.com.uy\/web\/wp-json\/wp\/v2\/product_cat?post=4802"},{"taxonomy":"product_tag","embeddable":true,"href":"https:\/\/ajupe.com.uy\/web\/wp-json\/wp\/v2\/product_tag?post=4802"}],"curies":[{"name":"wp","href":"https:\/\/api.w.org\/{rel}","templated":true}]}}