{"id":4814,"date":"2011-10-07T23:27:44","date_gmt":"2011-10-08T02:27:44","guid":{"rendered":"http:\/\/ajupe.com.uy\/web\/?post_type=product&#038;p=4814"},"modified":"2011-10-12T15:20:35","modified_gmt":"2011-10-12T18:20:35","slug":"la-salamandra","status":"publish","type":"product","link":"https:\/\/ajupe.com.uy\/web\/biblioteca\/la-salamandra\/","title":{"rendered":"LA SALAMANDRA"},"content":{"rendered":"<p>En la Italia de los setenta, el general Pantaleone es asesinado. En el lugar del crimen, que las autoridades hacen pasar por suicidio, aparece una tarjeta con el s\u00edmbolo de la salamandra. El coronel Matucci de la inteligencia italiana se hace cargo del caso, descubriendo tras la trama un proyecto de golpe de Estado que abandera su propio Director. Tras enredarse en una relaci\u00f3n con Lili, la amante polaca del general asesinado, Matucci entra en contacto con la propia Salamandra, que resulta ser un enigm\u00e1tico y pr\u00f3spero industrial.<\/p>\n","protected":false},"excerpt":{"rendered":"<p>La Salamandra es un animal legendario que vive en el fuego. Es, por lo tanto, un s\u00edmbolo del superviviente. Y es, tambi\u00e9n, el nombre en clave de Bruno Manzini, poderoso industrial italiano de extra\u00f1o pasado, protagonista de una de las novelas m\u00e1s dram\u00e1tic<\/p>\n","protected":false},"featured_media":4815,"template":"","meta":[],"product_brand":[64],"product_cat":[30],"product_tag":[],"class_list":{"0":"post-4814","1":"product","2":"type-product","3":"status-publish","4":"has-post-thumbnail","6":"product_brand-morris-west","7":"product_cat-suspenso","9":"first","10":"instock","11":"purchasable","12":"product-type-simple"},"featured_image_urls_v2":{"full":["https:\/\/ajupe.com.uy\/web\/wp-content\/uploads\/2016\/04\/p-4814-LA_SALAMANDRA_4e8f8af00e841.jpg",345,500,false],"thumbnail":["https:\/\/ajupe.com.uy\/web\/wp-content\/uploads\/2016\/04\/p-4814-LA_SALAMANDRA_4e8f8af00e841.jpg",150,150,true],"medium":["https:\/\/ajupe.com.uy\/web\/wp-content\/uploads\/2016\/04\/p-4814-LA_SALAMANDRA_4e8f8af00e841.jpg",300,214,true],"medium_large":["https:\/\/ajupe.com.uy\/web\/wp-content\/uploads\/2016\/04\/p-4814-LA_SALAMANDRA_4e8f8af00e841.jpg",345,500,false],"large":["https:\/\/ajupe.com.uy\/web\/wp-content\/uploads\/2016\/04\/p-4814-LA_SALAMANDRA_4e8f8af00e841.jpg",345,500,false],"1536x1536":["https:\/\/ajupe.com.uy\/web\/wp-content\/uploads\/2016\/04\/p-4814-LA_SALAMANDRA_4e8f8af00e841.jpg",345,500,false],"2048x2048":["https:\/\/ajupe.com.uy\/web\/wp-content\/uploads\/2016\/04\/p-4814-LA_SALAMANDRA_4e8f8af00e841.jpg",345,500,false],"woocommerce_archive_thumbnail":["https:\/\/ajupe.com.uy\/web\/wp-content\/uploads\/2016\/04\/p-4814-LA_SALAMANDRA_4e8f8af00e841-300x450.jpg",300,450,true],"woocommerce_thumbnail":["https:\/\/ajupe.com.uy\/web\/wp-content\/uploads\/2016\/04\/p-4814-LA_SALAMANDRA_4e8f8af00e841-300x300.jpg",300,300,true],"woocommerce_single":["https:\/\/ajupe.com.uy\/web\/wp-content\/uploads\/2016\/04\/p-4814-LA_SALAMANDRA_4e8f8af00e841-300x435.jpg",300,435,true],"woocommerce_gallery_thumbnail":["https:\/\/ajupe.com.uy\/web\/wp-content\/uploads\/2016\/04\/p-4814-LA_SALAMANDRA_4e8f8af00e841-100x100.jpg",100,100,true]},"post_excerpt_stackable_v2":"<p>La Salamandra es un animal legendario que vive en el fuego. Es, por lo tanto, un s\u00edmbolo del superviviente. Y es, tambi\u00e9n, el nombre en clave de Bruno Manzini, poderoso industrial italiano de extra\u00f1o pasado, protagonista de una de las novelas m\u00e1s dram\u00e1tic<\/p>\n","category_list_v2":"","author_info_v2":{"name":"","url":""},"comments_num_v2":"0 comentarios","_links":{"self":[{"href":"https:\/\/ajupe.com.uy\/web\/wp-json\/wp\/v2\/product\/4814","targetHints":{"allow":["GET"]}}],"collection":[{"href":"https:\/\/ajupe.com.uy\/web\/wp-json\/wp\/v2\/product"}],"about":[{"href":"https:\/\/ajupe.com.uy\/web\/wp-json\/wp\/v2\/types\/product"}],"wp:featuredmedia":[{"embeddable":true,"href":"https:\/\/ajupe.com.uy\/web\/wp-json\/wp\/v2\/media\/4815"}],"wp:attachment":[{"href":"https:\/\/ajupe.com.uy\/web\/wp-json\/wp\/v2\/media?parent=4814"}],"wp:term":[{"taxonomy":"product_brand","embeddable":true,"href":"https:\/\/ajupe.com.uy\/web\/wp-json\/wp\/v2\/product_brand?post=4814"},{"taxonomy":"product_cat","embeddable":true,"href":"https:\/\/ajupe.com.uy\/web\/wp-json\/wp\/v2\/product_cat?post=4814"},{"taxonomy":"product_tag","embeddable":true,"href":"https:\/\/ajupe.com.uy\/web\/wp-json\/wp\/v2\/product_tag?post=4814"}],"curies":[{"name":"wp","href":"https:\/\/api.w.org\/{rel}","templated":true}]}}