{"id":4826,"date":"2011-10-07T23:38:28","date_gmt":"2011-10-08T02:38:28","guid":{"rendered":"http:\/\/ajupe.com.uy\/web\/?post_type=product&#038;p=4826"},"modified":"2011-10-07T23:38:28","modified_gmt":"2011-10-08T02:38:28","slug":"lanzarote-el-caballero-del-lago-sagrado","status":"publish","type":"product","link":"https:\/\/ajupe.com.uy\/web\/biblioteca\/lanzarote-el-caballero-del-lago-sagrado\/","title":{"rendered":"LANZAROTE, EL CABALLERO DEL LAGO SAGRADO"},"content":{"rendered":"<p>La reina Ginebra se debate entre el deber y el destino, entre su amor por Arturo y su pas\u00edon por el caballero Lanzarote, quie tambi\u00e9n se ver\u00e1 dividido entre la lealtad a su rey y el amor a su reina. Sacrificando sus sentimientos, Ginebra decidir\u00e1 finalmente que este caballero de la mesa redonda debe marcharse de Camelot. Sin embargo, cuando el reino se ve amenazado por los ataques de Morgan, madre del \u00fanico heredero del rey Arturo, y por los caballeros cristianos, que quieren acabar con la religi\u00f3n de Camelot, Ginebra reconsiderar\u00e1 su decisi\u00f3n y luchar\u00e1 por su amor a Lanzarote, en quien siempre confiar\u00e1. \u00bfPodr\u00e1 resisitrlo cuando sepa que otra mujer intenta ganarse ese amor?<\/p>\n","protected":false},"excerpt":{"rendered":"<p>La reina Ginebra se debate entre el deber y el destino, entre su amor por Arturo y su pas\u00edon por el caballero Lanzarote, quie tambi\u00e9n se ver\u00e1 dividido entre la lealtad a su rey y el amor a su reina.<\/p>\n","protected":false},"featured_media":4827,"template":"","meta":[],"product_brand":[877],"product_cat":[38,29],"product_tag":[],"class_list":{"0":"post-4826","1":"product","2":"type-product","3":"status-publish","4":"has-post-thumbnail","6":"product_brand-rosalind-miles","7":"product_cat-amor","8":"product_cat-novela","10":"first","11":"instock","12":"purchasable","13":"product-type-simple"},"featured_image_urls_v2":{"full":["https:\/\/ajupe.com.uy\/web\/wp-content\/uploads\/2016\/04\/p-4826-LANZAROTE__EL_CA_4e8f8d744f010.jpg",323,501,false],"thumbnail":["https:\/\/ajupe.com.uy\/web\/wp-content\/uploads\/2016\/04\/p-4826-LANZAROTE__EL_CA_4e8f8d744f010.jpg",150,150,true],"medium":["https:\/\/ajupe.com.uy\/web\/wp-content\/uploads\/2016\/04\/p-4826-LANZAROTE__EL_CA_4e8f8d744f010.jpg",300,214,true],"medium_large":["https:\/\/ajupe.com.uy\/web\/wp-content\/uploads\/2016\/04\/p-4826-LANZAROTE__EL_CA_4e8f8d744f010.jpg",323,501,false],"large":["https:\/\/ajupe.com.uy\/web\/wp-content\/uploads\/2016\/04\/p-4826-LANZAROTE__EL_CA_4e8f8d744f010.jpg",323,501,false],"1536x1536":["https:\/\/ajupe.com.uy\/web\/wp-content\/uploads\/2016\/04\/p-4826-LANZAROTE__EL_CA_4e8f8d744f010.jpg",323,501,false],"2048x2048":["https:\/\/ajupe.com.uy\/web\/wp-content\/uploads\/2016\/04\/p-4826-LANZAROTE__EL_CA_4e8f8d744f010.jpg",323,501,false],"woocommerce_archive_thumbnail":["https:\/\/ajupe.com.uy\/web\/wp-content\/uploads\/2016\/04\/p-4826-LANZAROTE__EL_CA_4e8f8d744f010-300x450.jpg",300,450,true],"woocommerce_thumbnail":["https:\/\/ajupe.com.uy\/web\/wp-content\/uploads\/2016\/04\/p-4826-LANZAROTE__EL_CA_4e8f8d744f010-300x300.jpg",300,300,true],"woocommerce_single":["https:\/\/ajupe.com.uy\/web\/wp-content\/uploads\/2016\/04\/p-4826-LANZAROTE__EL_CA_4e8f8d744f010-300x465.jpg",300,465,true],"woocommerce_gallery_thumbnail":["https:\/\/ajupe.com.uy\/web\/wp-content\/uploads\/2016\/04\/p-4826-LANZAROTE__EL_CA_4e8f8d744f010-100x100.jpg",100,100,true]},"post_excerpt_stackable_v2":"<p>La reina Ginebra se debate entre el deber y el destino, entre su amor por Arturo y su pas\u00edon por el caballero Lanzarote, quie tambi\u00e9n se ver\u00e1 dividido entre la lealtad a su rey y el amor a su reina.<\/p>\n","category_list_v2":"","author_info_v2":{"name":"","url":""},"comments_num_v2":"0 comentarios","_links":{"self":[{"href":"https:\/\/ajupe.com.uy\/web\/wp-json\/wp\/v2\/product\/4826","targetHints":{"allow":["GET"]}}],"collection":[{"href":"https:\/\/ajupe.com.uy\/web\/wp-json\/wp\/v2\/product"}],"about":[{"href":"https:\/\/ajupe.com.uy\/web\/wp-json\/wp\/v2\/types\/product"}],"wp:featuredmedia":[{"embeddable":true,"href":"https:\/\/ajupe.com.uy\/web\/wp-json\/wp\/v2\/media\/4827"}],"wp:attachment":[{"href":"https:\/\/ajupe.com.uy\/web\/wp-json\/wp\/v2\/media?parent=4826"}],"wp:term":[{"taxonomy":"product_brand","embeddable":true,"href":"https:\/\/ajupe.com.uy\/web\/wp-json\/wp\/v2\/product_brand?post=4826"},{"taxonomy":"product_cat","embeddable":true,"href":"https:\/\/ajupe.com.uy\/web\/wp-json\/wp\/v2\/product_cat?post=4826"},{"taxonomy":"product_tag","embeddable":true,"href":"https:\/\/ajupe.com.uy\/web\/wp-json\/wp\/v2\/product_tag?post=4826"}],"curies":[{"name":"wp","href":"https:\/\/api.w.org\/{rel}","templated":true}]}}