{"id":4829,"date":"2011-10-08T17:29:32","date_gmt":"2011-10-08T20:29:32","guid":{"rendered":"http:\/\/ajupe.com.uy\/web\/?post_type=product&#038;p=4829"},"modified":"2011-10-08T17:29:32","modified_gmt":"2011-10-08T20:29:32","slug":"una-luz-sin-sombras","status":"publish","type":"product","link":"https:\/\/ajupe.com.uy\/web\/biblioteca\/una-luz-sin-sombras\/","title":{"rendered":"UNA LUZ SIN SOMBRAS"},"content":{"rendered":"<p>Diversos son los escenarios que marcan la existencia de Luce DePeron. Hija de una escultora rusa y un abogado belga, pas\u00f3 la ni\u00f1ez en Europa antes de marchar a Estados Unidos, donde tanscurrieron su adolescencia y primera juventud. Tras dos tempranos matrimonios, a principios de los a\u00f1os cincuenta se establece en Ecuador, y all\u00ed conoce al pintor Oswaldo Guayasam\u00edn, que se convertir\u00e1 en su tercer marido. Sin embargo, la convivencia entre ambos ser\u00e1 muy conflictiva, y su uni\u00f3n acabar\u00e1 con un accidentado proceso de divorcio. Desde entonces, Luce DePeron brilla con luz propia, y se ha erigido en una importante figura del panorama cultural ecuatoriano. Casada con el conservador de arte Iv\u00e1n Cruz; su colecci\u00f3n de arte pre-colombino goza adem\u00e1s de gran prestigio internacional.<\/p>\n","protected":false},"excerpt":{"rendered":"<p>Una luz sin sombras constituye una ins\u00f3lita autobiograf\u00eda femenina. De un lado, sorprende la valent\u00eda de la autora al abordar temas tan \u00e1speros como el choque entre culturas, la tensa relaci\u00f3n con sus padres o los malos tratos conyugales.<\/p>\n","protected":false},"featured_media":4830,"template":"","meta":[],"product_brand":[785],"product_cat":[36,29],"product_tag":[],"class_list":{"0":"post-4829","1":"product","2":"type-product","3":"status-publish","4":"has-post-thumbnail","6":"product_brand-luce-deperon","7":"product_cat-autobiografico","8":"product_cat-novela","10":"first","11":"instock","12":"purchasable","13":"product-type-simple"},"featured_image_urls_v2":{"full":["https:\/\/ajupe.com.uy\/web\/wp-content\/uploads\/2016\/04\/p-4829-UNA_LUZ_SIN_SOMB_4e90887c7e493.jpg",107,155,false],"thumbnail":["https:\/\/ajupe.com.uy\/web\/wp-content\/uploads\/2016\/04\/p-4829-UNA_LUZ_SIN_SOMB_4e90887c7e493.jpg",150,150,true],"medium":["https:\/\/ajupe.com.uy\/web\/wp-content\/uploads\/2016\/04\/p-4829-UNA_LUZ_SIN_SOMB_4e90887c7e493.jpg",300,214,true],"medium_large":["https:\/\/ajupe.com.uy\/web\/wp-content\/uploads\/2016\/04\/p-4829-UNA_LUZ_SIN_SOMB_4e90887c7e493.jpg",107,155,false],"large":["https:\/\/ajupe.com.uy\/web\/wp-content\/uploads\/2016\/04\/p-4829-UNA_LUZ_SIN_SOMB_4e90887c7e493.jpg",107,155,false],"1536x1536":["https:\/\/ajupe.com.uy\/web\/wp-content\/uploads\/2016\/04\/p-4829-UNA_LUZ_SIN_SOMB_4e90887c7e493.jpg",107,155,false],"2048x2048":["https:\/\/ajupe.com.uy\/web\/wp-content\/uploads\/2016\/04\/p-4829-UNA_LUZ_SIN_SOMB_4e90887c7e493.jpg",107,155,false],"woocommerce_archive_thumbnail":["https:\/\/ajupe.com.uy\/web\/wp-content\/uploads\/2016\/04\/p-4829-UNA_LUZ_SIN_SOMB_4e90887c7e493.jpg",107,155,false],"woocommerce_thumbnail":["https:\/\/ajupe.com.uy\/web\/wp-content\/uploads\/2016\/04\/p-4829-UNA_LUZ_SIN_SOMB_4e90887c7e493.jpg",107,155,false],"woocommerce_single":["https:\/\/ajupe.com.uy\/web\/wp-content\/uploads\/2016\/04\/p-4829-UNA_LUZ_SIN_SOMB_4e90887c7e493.jpg",107,155,false],"woocommerce_gallery_thumbnail":["https:\/\/ajupe.com.uy\/web\/wp-content\/uploads\/2016\/04\/p-4829-UNA_LUZ_SIN_SOMB_4e90887c7e493-100x100.jpg",100,100,true]},"post_excerpt_stackable_v2":"<p>Una luz sin sombras constituye una ins\u00f3lita autobiograf\u00eda femenina. De un lado, sorprende la valent\u00eda de la autora al abordar temas tan \u00e1speros como el choque entre culturas, la tensa relaci\u00f3n con sus padres o los malos tratos conyugales.<\/p>\n","category_list_v2":"","author_info_v2":{"name":"","url":""},"comments_num_v2":"0 comentarios","_links":{"self":[{"href":"https:\/\/ajupe.com.uy\/web\/wp-json\/wp\/v2\/product\/4829","targetHints":{"allow":["GET"]}}],"collection":[{"href":"https:\/\/ajupe.com.uy\/web\/wp-json\/wp\/v2\/product"}],"about":[{"href":"https:\/\/ajupe.com.uy\/web\/wp-json\/wp\/v2\/types\/product"}],"wp:featuredmedia":[{"embeddable":true,"href":"https:\/\/ajupe.com.uy\/web\/wp-json\/wp\/v2\/media\/4830"}],"wp:attachment":[{"href":"https:\/\/ajupe.com.uy\/web\/wp-json\/wp\/v2\/media?parent=4829"}],"wp:term":[{"taxonomy":"product_brand","embeddable":true,"href":"https:\/\/ajupe.com.uy\/web\/wp-json\/wp\/v2\/product_brand?post=4829"},{"taxonomy":"product_cat","embeddable":true,"href":"https:\/\/ajupe.com.uy\/web\/wp-json\/wp\/v2\/product_cat?post=4829"},{"taxonomy":"product_tag","embeddable":true,"href":"https:\/\/ajupe.com.uy\/web\/wp-json\/wp\/v2\/product_tag?post=4829"}],"curies":[{"name":"wp","href":"https:\/\/api.w.org\/{rel}","templated":true}]}}