{"id":4841,"date":"2011-10-08T19:01:36","date_gmt":"2011-10-08T22:01:36","guid":{"rendered":"http:\/\/ajupe.com.uy\/web\/?post_type=product&#038;p=4841"},"modified":"2011-10-12T15:22:37","modified_gmt":"2011-10-12T18:22:37","slug":"la-mascara-de-ripley-2","status":"publish","type":"product","link":"https:\/\/ajupe.com.uy\/web\/biblioteca\/la-mascara-de-ripley-2\/","title":{"rendered":"LA MASCARA DE RIPLEY"},"content":{"rendered":"<p>\u00bfQu\u00e9 fue del joven Tom Ripley, el protagonista de El talento de Ripley, con quien Patricia Highsmith sorprendi\u00f3 tanto a los lectores como a la cr\u00edtica? \u00bfSigue siendo sospechoso de la muerte de su amigo? \u00bfO, por el contrario, vive ajeno a cualquier sentimiento de culpa? \u00bfHabr\u00e1 logrado la vida acomodada que tanto anhelaba? A todas estas preguntas responde Patricia Highsmith en La m\u00e1scara de Ripley, pero tambi\u00e9n abre nuevos interrogantes en torno a la turbulenta vida de su protagonista. Luego de salir con buen pie de su anterior crimen, encontramos a Tom en un nuevo escenario, con todas las ventajas que le otorga haber conseguido con malas ma\u00f1as, la herencia de su v\u00edctima anterior. Ahora, casado con una joven francesa de buena familia, Ripley disfruta de una vida desahogada y ociosa dedicada a sus aficiones y sin preocupaciones aparentes.<\/p>\n","protected":false},"excerpt":{"rendered":"<p>En el segundo libro de la saga de Tom Ripley, la autora nos presenta un nuevo escenario y unas nuevas circunstancias para demostrar que las talentosas habilidades de este sinverg\u00fcenza personaje, se mantienen vigentes.<\/p>\n","protected":false},"featured_media":4842,"template":"","meta":[],"product_brand":[840],"product_cat":[30],"product_tag":[],"class_list":{"0":"post-4841","1":"product","2":"type-product","3":"status-publish","4":"has-post-thumbnail","6":"product_brand-patricia-highsmith","7":"product_cat-suspenso","9":"first","10":"instock","11":"purchasable","12":"product-type-simple"},"featured_image_urls_v2":{"full":["https:\/\/ajupe.com.uy\/web\/wp-content\/uploads\/2016\/04\/p-4841-LA_MASCARA_DE_RI_4e909e10e466f.jpg",400,635,false],"thumbnail":["https:\/\/ajupe.com.uy\/web\/wp-content\/uploads\/2016\/04\/p-4841-LA_MASCARA_DE_RI_4e909e10e466f.jpg",150,150,true],"medium":["https:\/\/ajupe.com.uy\/web\/wp-content\/uploads\/2016\/04\/p-4841-LA_MASCARA_DE_RI_4e909e10e466f.jpg",300,214,true],"medium_large":["https:\/\/ajupe.com.uy\/web\/wp-content\/uploads\/2016\/04\/p-4841-LA_MASCARA_DE_RI_4e909e10e466f.jpg",400,635,false],"large":["https:\/\/ajupe.com.uy\/web\/wp-content\/uploads\/2016\/04\/p-4841-LA_MASCARA_DE_RI_4e909e10e466f.jpg",400,635,false],"1536x1536":["https:\/\/ajupe.com.uy\/web\/wp-content\/uploads\/2016\/04\/p-4841-LA_MASCARA_DE_RI_4e909e10e466f.jpg",400,635,false],"2048x2048":["https:\/\/ajupe.com.uy\/web\/wp-content\/uploads\/2016\/04\/p-4841-LA_MASCARA_DE_RI_4e909e10e466f.jpg",400,635,false],"woocommerce_archive_thumbnail":["https:\/\/ajupe.com.uy\/web\/wp-content\/uploads\/2016\/04\/p-4841-LA_MASCARA_DE_RI_4e909e10e466f-300x450.jpg",300,450,true],"woocommerce_thumbnail":["https:\/\/ajupe.com.uy\/web\/wp-content\/uploads\/2016\/04\/p-4841-LA_MASCARA_DE_RI_4e909e10e466f-300x300.jpg",300,300,true],"woocommerce_single":["https:\/\/ajupe.com.uy\/web\/wp-content\/uploads\/2016\/04\/p-4841-LA_MASCARA_DE_RI_4e909e10e466f-300x476.jpg",300,476,true],"woocommerce_gallery_thumbnail":["https:\/\/ajupe.com.uy\/web\/wp-content\/uploads\/2016\/04\/p-4841-LA_MASCARA_DE_RI_4e909e10e466f-100x100.jpg",100,100,true]},"post_excerpt_stackable_v2":"<p>En el segundo libro de la saga de Tom Ripley, la autora nos presenta un nuevo escenario y unas nuevas circunstancias para demostrar que las talentosas habilidades de este sinverg\u00fcenza personaje, se mantienen vigentes.<\/p>\n","category_list_v2":"","author_info_v2":{"name":"","url":""},"comments_num_v2":"0 comentarios","_links":{"self":[{"href":"https:\/\/ajupe.com.uy\/web\/wp-json\/wp\/v2\/product\/4841","targetHints":{"allow":["GET"]}}],"collection":[{"href":"https:\/\/ajupe.com.uy\/web\/wp-json\/wp\/v2\/product"}],"about":[{"href":"https:\/\/ajupe.com.uy\/web\/wp-json\/wp\/v2\/types\/product"}],"wp:featuredmedia":[{"embeddable":true,"href":"https:\/\/ajupe.com.uy\/web\/wp-json\/wp\/v2\/media\/4842"}],"wp:attachment":[{"href":"https:\/\/ajupe.com.uy\/web\/wp-json\/wp\/v2\/media?parent=4841"}],"wp:term":[{"taxonomy":"product_brand","embeddable":true,"href":"https:\/\/ajupe.com.uy\/web\/wp-json\/wp\/v2\/product_brand?post=4841"},{"taxonomy":"product_cat","embeddable":true,"href":"https:\/\/ajupe.com.uy\/web\/wp-json\/wp\/v2\/product_cat?post=4841"},{"taxonomy":"product_tag","embeddable":true,"href":"https:\/\/ajupe.com.uy\/web\/wp-json\/wp\/v2\/product_tag?post=4841"}],"curies":[{"name":"wp","href":"https:\/\/api.w.org\/{rel}","templated":true}]}}