{"id":4859,"date":"2011-10-08T21:04:18","date_gmt":"2011-10-09T00:04:18","guid":{"rendered":"http:\/\/ajupe.com.uy\/web\/?post_type=product&#038;p=4859"},"modified":"2011-10-08T21:04:18","modified_gmt":"2011-10-09T00:04:18","slug":"la-gesta-del-marrano","status":"publish","type":"product","link":"https:\/\/ajupe.com.uy\/web\/biblioteca\/la-gesta-del-marrano\/","title":{"rendered":"LA GESTA DEL MARRANO"},"content":{"rendered":"<p>Francisco Maldonado da Silva, cuya heroica aventura existencial novelan estas p\u00e1ginas, nace en Tucum\u00e1n en 1592, estudia en C\u00f3rdoba, se grad\u00faa en Lima y es el primer m\u00e9dico diplomado de Chile. All\u00ed llega a ser exitoso y apreciado. Visita salones y palacios, alterna con autoridades civiles y religiosas, recibe halagos por su cultura y se casa con una hermosa mujer, ahijada del gobernador. Un hombre com\u00fan no habr\u00eda alterado esta situaci\u00f3n. Pero en el esp\u00edritu de Francisco llamea un tiz\u00f3n inextinguible, una rebeli\u00f3n que asciende desde los abismos. Contra la l\u00f3gica de la conveniencia, opta por quitarse la m\u00e1scara y defender sus convicciones de manera frontal. Hasta entonces ha sido un jud\u00edo aparentemente convertido al cristianismo: lo que el populacho llama \u00abun marrano\u00bb.<br \/>\nMarcos Aguinis relata con brillo y sentimiento la doble traves\u00eda de Francisco, quien va descubriendo su verdadera identidad espiritual mientras progresa en un mundo oprimido por la sombra de la Inquisici\u00f3n. El autor nos introduce a un personaje que, por su honestidad y valent\u00eda, es un ejemplo de voluntad, lucha y fortaleza. Al mismo tiempo, su pluma crea un fresco impresionante sobre la sociedad colonial de Am\u00e9rica, cuya atm\u00f3sfera de hipocres\u00eda, autoritarismo y corrupci\u00f3n ha tenido lamentable vigencia hasta nuestros d\u00edas.<\/p>\n","protected":false},"excerpt":{"rendered":"<p>La Gesta del Marrano es, adem\u00e1s de una apasionante novela hist\u00f3rica, un himno a la libertad y una valiente denuncia contra todo tipo de discriminaci\u00f3n.<\/p>\n","protected":false},"featured_media":4860,"template":"","meta":[],"product_brand":[263],"product_cat":[31,29],"product_tag":[],"class_list":{"0":"post-4859","1":"product","2":"type-product","3":"status-publish","4":"has-post-thumbnail","6":"product_brand-marcos-aguinis","7":"product_cat-historico","8":"product_cat-novela","10":"first","11":"instock","12":"purchasable","13":"product-type-simple"},"featured_image_urls_v2":{"full":["https:\/\/ajupe.com.uy\/web\/wp-content\/uploads\/2016\/04\/p-4859-LA_GESTA_DEL_MAR_4e90bad210378.jpg",175,272,false],"thumbnail":["https:\/\/ajupe.com.uy\/web\/wp-content\/uploads\/2016\/04\/p-4859-LA_GESTA_DEL_MAR_4e90bad210378.jpg",150,150,true],"medium":["https:\/\/ajupe.com.uy\/web\/wp-content\/uploads\/2016\/04\/p-4859-LA_GESTA_DEL_MAR_4e90bad210378.jpg",300,214,true],"medium_large":["https:\/\/ajupe.com.uy\/web\/wp-content\/uploads\/2016\/04\/p-4859-LA_GESTA_DEL_MAR_4e90bad210378.jpg",175,272,false],"large":["https:\/\/ajupe.com.uy\/web\/wp-content\/uploads\/2016\/04\/p-4859-LA_GESTA_DEL_MAR_4e90bad210378.jpg",175,272,false],"1536x1536":["https:\/\/ajupe.com.uy\/web\/wp-content\/uploads\/2016\/04\/p-4859-LA_GESTA_DEL_MAR_4e90bad210378.jpg",175,272,false],"2048x2048":["https:\/\/ajupe.com.uy\/web\/wp-content\/uploads\/2016\/04\/p-4859-LA_GESTA_DEL_MAR_4e90bad210378.jpg",175,272,false],"woocommerce_archive_thumbnail":["https:\/\/ajupe.com.uy\/web\/wp-content\/uploads\/2016\/04\/p-4859-LA_GESTA_DEL_MAR_4e90bad210378.jpg",175,272,false],"woocommerce_thumbnail":["https:\/\/ajupe.com.uy\/web\/wp-content\/uploads\/2016\/04\/p-4859-LA_GESTA_DEL_MAR_4e90bad210378.jpg",175,272,false],"woocommerce_single":["https:\/\/ajupe.com.uy\/web\/wp-content\/uploads\/2016\/04\/p-4859-LA_GESTA_DEL_MAR_4e90bad210378.jpg",175,272,false],"woocommerce_gallery_thumbnail":["https:\/\/ajupe.com.uy\/web\/wp-content\/uploads\/2016\/04\/p-4859-LA_GESTA_DEL_MAR_4e90bad210378-100x100.jpg",100,100,true]},"post_excerpt_stackable_v2":"<p>La Gesta del Marrano es, adem\u00e1s de una apasionante novela hist\u00f3rica, un himno a la libertad y una valiente denuncia contra todo tipo de discriminaci\u00f3n.<\/p>\n","category_list_v2":"","author_info_v2":{"name":"","url":""},"comments_num_v2":"0 comentarios","_links":{"self":[{"href":"https:\/\/ajupe.com.uy\/web\/wp-json\/wp\/v2\/product\/4859","targetHints":{"allow":["GET"]}}],"collection":[{"href":"https:\/\/ajupe.com.uy\/web\/wp-json\/wp\/v2\/product"}],"about":[{"href":"https:\/\/ajupe.com.uy\/web\/wp-json\/wp\/v2\/types\/product"}],"wp:featuredmedia":[{"embeddable":true,"href":"https:\/\/ajupe.com.uy\/web\/wp-json\/wp\/v2\/media\/4860"}],"wp:attachment":[{"href":"https:\/\/ajupe.com.uy\/web\/wp-json\/wp\/v2\/media?parent=4859"}],"wp:term":[{"taxonomy":"product_brand","embeddable":true,"href":"https:\/\/ajupe.com.uy\/web\/wp-json\/wp\/v2\/product_brand?post=4859"},{"taxonomy":"product_cat","embeddable":true,"href":"https:\/\/ajupe.com.uy\/web\/wp-json\/wp\/v2\/product_cat?post=4859"},{"taxonomy":"product_tag","embeddable":true,"href":"https:\/\/ajupe.com.uy\/web\/wp-json\/wp\/v2\/product_tag?post=4859"}],"curies":[{"name":"wp","href":"https:\/\/api.w.org\/{rel}","templated":true}]}}