{"id":4871,"date":"2011-10-08T22:44:29","date_gmt":"2011-10-09T01:44:29","guid":{"rendered":"http:\/\/ajupe.com.uy\/web\/?post_type=product&#038;p=4871"},"modified":"2011-10-12T15:39:32","modified_gmt":"2011-10-12T18:39:32","slug":"a-pleno-sol","status":"publish","type":"product","link":"https:\/\/ajupe.com.uy\/web\/biblioteca\/a-pleno-sol\/","title":{"rendered":"A PLENO SOL"},"content":{"rendered":"<p>Herbert Greenleaf le propone a Tom Ripley que viaje a Italia para convencer a su hijo Richard de que regrese a casa. Tom acepta y una vez all\u00ed entra en contacto con \u00e9l, que est\u00e1 con una chica llamada Marge. Se inicia entre los dos una gran amistad que no es vista con buenos ojos por la chica. Pasan el tiempo viajando por el pa\u00eds, de fiesta en fiesta y durmiendo hasta tarde. Pero entonces Richard empieza a distanciarse, prefiriendo pasar m\u00e1s tiempo con Marge. Tom se siente indignado al ser dejado de lado, como si fuera un pordiosero, y por eso, en un viaje que hacen ambos a San Remo, planea matarlo.<\/p>\n","protected":false},"excerpt":{"rendered":"<p>\u00abA Pleno Sol\u00bb es una de las novelas m\u00e1s plausibles de la gran escritora de suspense Patricia Highsmith, cuya fuerza en la maquinaci\u00f3n intrigante viene determinada por la fluida narrativa, la espl\u00e9ndida representaci\u00f3n psicol\u00f3gica de sus caracteres y la pla<\/p>\n","protected":false},"featured_media":4872,"template":"","meta":[],"product_brand":[840],"product_cat":[40,30],"product_tag":[],"class_list":{"0":"post-4871","1":"product","2":"type-product","3":"status-publish","4":"has-post-thumbnail","6":"product_brand-patricia-highsmith","7":"product_cat-policial","8":"product_cat-suspenso","10":"first","11":"instock","12":"purchasable","13":"product-type-simple"},"featured_image_urls_v2":{"full":["https:\/\/ajupe.com.uy\/web\/wp-content\/uploads\/2016\/04\/p-4871-A_PLENO_SOL_4e90d24d45db8.jpg",107,150,false],"thumbnail":["https:\/\/ajupe.com.uy\/web\/wp-content\/uploads\/2016\/04\/p-4871-A_PLENO_SOL_4e90d24d45db8.jpg",150,150,true],"medium":["https:\/\/ajupe.com.uy\/web\/wp-content\/uploads\/2016\/04\/p-4871-A_PLENO_SOL_4e90d24d45db8.jpg",300,214,true],"medium_large":["https:\/\/ajupe.com.uy\/web\/wp-content\/uploads\/2016\/04\/p-4871-A_PLENO_SOL_4e90d24d45db8.jpg",107,150,false],"large":["https:\/\/ajupe.com.uy\/web\/wp-content\/uploads\/2016\/04\/p-4871-A_PLENO_SOL_4e90d24d45db8.jpg",107,150,false],"1536x1536":["https:\/\/ajupe.com.uy\/web\/wp-content\/uploads\/2016\/04\/p-4871-A_PLENO_SOL_4e90d24d45db8.jpg",107,150,false],"2048x2048":["https:\/\/ajupe.com.uy\/web\/wp-content\/uploads\/2016\/04\/p-4871-A_PLENO_SOL_4e90d24d45db8.jpg",107,150,false],"woocommerce_archive_thumbnail":["https:\/\/ajupe.com.uy\/web\/wp-content\/uploads\/2016\/04\/p-4871-A_PLENO_SOL_4e90d24d45db8.jpg",107,150,false],"woocommerce_thumbnail":["https:\/\/ajupe.com.uy\/web\/wp-content\/uploads\/2016\/04\/p-4871-A_PLENO_SOL_4e90d24d45db8.jpg",107,150,false],"woocommerce_single":["https:\/\/ajupe.com.uy\/web\/wp-content\/uploads\/2016\/04\/p-4871-A_PLENO_SOL_4e90d24d45db8.jpg",107,150,false],"woocommerce_gallery_thumbnail":["https:\/\/ajupe.com.uy\/web\/wp-content\/uploads\/2016\/04\/p-4871-A_PLENO_SOL_4e90d24d45db8-100x100.jpg",100,100,true]},"post_excerpt_stackable_v2":"<p>\u00abA Pleno Sol\u00bb es una de las novelas m\u00e1s plausibles de la gran escritora de suspense Patricia Highsmith, cuya fuerza en la maquinaci\u00f3n intrigante viene determinada por la fluida narrativa, la espl\u00e9ndida representaci\u00f3n psicol\u00f3gica de sus caracteres y la pla<\/p>\n","category_list_v2":"","author_info_v2":{"name":"","url":""},"comments_num_v2":"0 comentarios","_links":{"self":[{"href":"https:\/\/ajupe.com.uy\/web\/wp-json\/wp\/v2\/product\/4871","targetHints":{"allow":["GET"]}}],"collection":[{"href":"https:\/\/ajupe.com.uy\/web\/wp-json\/wp\/v2\/product"}],"about":[{"href":"https:\/\/ajupe.com.uy\/web\/wp-json\/wp\/v2\/types\/product"}],"wp:featuredmedia":[{"embeddable":true,"href":"https:\/\/ajupe.com.uy\/web\/wp-json\/wp\/v2\/media\/4872"}],"wp:attachment":[{"href":"https:\/\/ajupe.com.uy\/web\/wp-json\/wp\/v2\/media?parent=4871"}],"wp:term":[{"taxonomy":"product_brand","embeddable":true,"href":"https:\/\/ajupe.com.uy\/web\/wp-json\/wp\/v2\/product_brand?post=4871"},{"taxonomy":"product_cat","embeddable":true,"href":"https:\/\/ajupe.com.uy\/web\/wp-json\/wp\/v2\/product_cat?post=4871"},{"taxonomy":"product_tag","embeddable":true,"href":"https:\/\/ajupe.com.uy\/web\/wp-json\/wp\/v2\/product_tag?post=4871"}],"curies":[{"name":"wp","href":"https:\/\/api.w.org\/{rel}","templated":true}]}}