{"id":4892,"date":"2011-10-10T18:03:24","date_gmt":"2011-10-10T21:03:24","guid":{"rendered":"http:\/\/ajupe.com.uy\/web\/?post_type=product&#038;p=4892"},"modified":"2011-10-10T18:03:24","modified_gmt":"2011-10-10T21:03:24","slug":"el-honor-del-samurai","status":"publish","type":"product","link":"https:\/\/ajupe.com.uy\/web\/biblioteca\/el-honor-del-samurai\/","title":{"rendered":"El Honor del Samurai"},"content":{"rendered":"<p>Corre el a\u00f1o 1861 y Jap\u00f3n, tras dos siglos de aislamiento, se ha   visto forzado a abrir las puertas a Occidente, con el consecuente   choque entre ambas culturas. En el puerto de Edo se re\u00fanen numerosos   barcos extranjeros en busca de oportunidades en esas nuevas tierras; uno   de ellos transporta a un grupo de americanos cuyo objetivo es llevar  la  palabra de Dios al pueblo nip\u00f3n. Para dos de estos misioneros, sin   embargo, el <a href=\"http:\/\/www.lecturalia.com\/libro\/46494\/el-honor-del-samurai\" rel=\"nofollow\" style=\"color: #005f00; text-decoration: underline; border-bottom: 1px dotted;\">viaje<\/a> supone algo m\u00e1s: la joven Emily Gibson desea dejar  atr\u00e1s un pasado  inc\u00f3modo e iniciar una nueva vida; tambi\u00e9n su compa\u00f1ero  de viaje,  Matthew Stark, tiene algo que ocultar bajo su pac\u00edfica  apariencia: el  suyo es un pasado manchado de sangre. El destino de ambos  se cruza con  el de Genji, un joven samur\u00e1i heredero del clan Akaoka.  Dotado con el  poder prof\u00e9tico que caracteriza a su familia, Genji intuye  que su  futuro y el de Jap\u00f3n est\u00e1n en manos extranjeras. Su amistad con  los  for\u00e1neos despierta el recelo de otros clanes, los cuales, tras a\u00f1os  de  enfrentamientos en su ambici\u00f3n por alcanzar el shogunado, declar\u00e1n la   guerra abierta a Genji. En este escenario de luchas fratricidas, Genji,   ayudado por sus dos nuevos amigos y su amante, la geisha Heiko,   defender\u00e1 su posici\u00f3n sorteando intrigas y traiciones.<\/p>\n","protected":false},"excerpt":{"rendered":"<p>Corre el a\u00f1o 1861 y Jap\u00f3n, tras dos siglos de aislamiento, se ha visto forzado a abrir las puertas a Occidente, con el consecuente choque entre ambas culturas. En el puerto de Edo se re\u00fanen numerosos barcos extranjeros en busca de oportunidades en esas nuevas tierras; uno de ellos transporta a un grupo de americanos [&hellip;]<\/p>\n","protected":false},"featured_media":4893,"template":"","meta":[],"product_brand":[907],"product_cat":[31],"product_tag":[],"class_list":{"0":"post-4892","1":"product","2":"type-product","3":"status-publish","4":"has-post-thumbnail","6":"product_brand-takashi-matsuoka","7":"product_cat-historico","9":"first","10":"instock","11":"purchasable","12":"product-type-simple"},"featured_image_urls_v2":{"full":["https:\/\/ajupe.com.uy\/web\/wp-content\/uploads\/2016\/04\/p-4892-El_Honor_del_Sam_4e93336c90d25.jpg",160,225,false],"thumbnail":["https:\/\/ajupe.com.uy\/web\/wp-content\/uploads\/2016\/04\/p-4892-El_Honor_del_Sam_4e93336c90d25.jpg",150,150,true],"medium":["https:\/\/ajupe.com.uy\/web\/wp-content\/uploads\/2016\/04\/p-4892-El_Honor_del_Sam_4e93336c90d25.jpg",300,214,true],"medium_large":["https:\/\/ajupe.com.uy\/web\/wp-content\/uploads\/2016\/04\/p-4892-El_Honor_del_Sam_4e93336c90d25.jpg",160,225,false],"large":["https:\/\/ajupe.com.uy\/web\/wp-content\/uploads\/2016\/04\/p-4892-El_Honor_del_Sam_4e93336c90d25.jpg",160,225,false],"1536x1536":["https:\/\/ajupe.com.uy\/web\/wp-content\/uploads\/2016\/04\/p-4892-El_Honor_del_Sam_4e93336c90d25.jpg",160,225,false],"2048x2048":["https:\/\/ajupe.com.uy\/web\/wp-content\/uploads\/2016\/04\/p-4892-El_Honor_del_Sam_4e93336c90d25.jpg",160,225,false],"woocommerce_archive_thumbnail":["https:\/\/ajupe.com.uy\/web\/wp-content\/uploads\/2016\/04\/p-4892-El_Honor_del_Sam_4e93336c90d25.jpg",160,225,false],"woocommerce_thumbnail":["https:\/\/ajupe.com.uy\/web\/wp-content\/uploads\/2016\/04\/p-4892-El_Honor_del_Sam_4e93336c90d25.jpg",160,225,false],"woocommerce_single":["https:\/\/ajupe.com.uy\/web\/wp-content\/uploads\/2016\/04\/p-4892-El_Honor_del_Sam_4e93336c90d25.jpg",160,225,false],"woocommerce_gallery_thumbnail":["https:\/\/ajupe.com.uy\/web\/wp-content\/uploads\/2016\/04\/p-4892-El_Honor_del_Sam_4e93336c90d25-100x100.jpg",100,100,true]},"post_excerpt_stackable_v2":"<p>Corre el a\u00f1o 1861 y Jap\u00f3n, tras dos siglos de aislamiento, se ha visto forzado a abrir las puertas a Occidente, con el consecuente choque entre ambas culturas. En el puerto de Edo se re\u00fanen numerosos barcos extranjeros en busca de oportunidades en esas nuevas tierras; uno de ellos transporta a un grupo de americanos cuyo objetivo es llevar la palabra de Dios al pueblo nip\u00f3n. Para dos de estos misioneros, sin embargo, el viaje supone algo m\u00e1s: la joven Emily Gibson desea dejar atr\u00e1s un pasado inc\u00f3modo e iniciar una nueva vida; tambi\u00e9n su compa\u00f1ero de viaje, Matthew Stark,&hellip;<\/p>\n","category_list_v2":"","author_info_v2":{"name":"","url":""},"comments_num_v2":"0 comentarios","_links":{"self":[{"href":"https:\/\/ajupe.com.uy\/web\/wp-json\/wp\/v2\/product\/4892","targetHints":{"allow":["GET"]}}],"collection":[{"href":"https:\/\/ajupe.com.uy\/web\/wp-json\/wp\/v2\/product"}],"about":[{"href":"https:\/\/ajupe.com.uy\/web\/wp-json\/wp\/v2\/types\/product"}],"wp:featuredmedia":[{"embeddable":true,"href":"https:\/\/ajupe.com.uy\/web\/wp-json\/wp\/v2\/media\/4893"}],"wp:attachment":[{"href":"https:\/\/ajupe.com.uy\/web\/wp-json\/wp\/v2\/media?parent=4892"}],"wp:term":[{"taxonomy":"product_brand","embeddable":true,"href":"https:\/\/ajupe.com.uy\/web\/wp-json\/wp\/v2\/product_brand?post=4892"},{"taxonomy":"product_cat","embeddable":true,"href":"https:\/\/ajupe.com.uy\/web\/wp-json\/wp\/v2\/product_cat?post=4892"},{"taxonomy":"product_tag","embeddable":true,"href":"https:\/\/ajupe.com.uy\/web\/wp-json\/wp\/v2\/product_tag?post=4892"}],"curies":[{"name":"wp","href":"https:\/\/api.w.org\/{rel}","templated":true}]}}