{"id":4898,"date":"2011-10-10T18:07:48","date_gmt":"2011-10-10T21:07:48","guid":{"rendered":"http:\/\/ajupe.com.uy\/web\/?post_type=product&#038;p=4898"},"modified":"2011-10-25T19:03:23","modified_gmt":"2011-10-25T22:03:23","slug":"la-mosca-de-la-muerte","status":"publish","type":"product","link":"https:\/\/ajupe.com.uy\/web\/biblioteca\/la-mosca-de-la-muerte\/","title":{"rendered":"La Mosca de la Muerte"},"content":{"rendered":"<p>El intento por hacer una nueva vida libre. Deseosa de empezar una nueva  vida libre de los lastres del pasado, Kay Scarpetta decide cerrar su  etapa como forense en Richmond y elige Florida como destino donde  alcanzar la tan anhelada tranquilidad. Sin embargo, hay alguien que no  est\u00e1 dispuesto a que la doctora rehaga su vida: Jean-Baptiste Chandonne,  el psic\u00f3pata que la aterroriz\u00f3 tiempo atr\u00e1s, la reclama ahora desde el  corredor de la muerte. La mosca de la muerte es una novela intensa cuyos  protagonistas se ven irremediablemente abocados a enfrentarse con  fantasmas del pasado: Scarpetta con Chandonne, Pete Marino con un hombre  al que todos daban por muerto y que se oculta en Boston.<\/p>\n","protected":false},"excerpt":{"rendered":"<p>El intento por hacer una nueva vida libre. Deseosa de empezar una nueva vida libre de los lastres del pasado, Kay Scarpetta decide cerrar su etapa como forense en Richmond y elige Florida como destino donde alcanzar la tan anhelada tranquilidad. Sin embargo, hay alguien que no est\u00e1 dispuesto a que la doctora rehaga su [&hellip;]<\/p>\n","protected":false},"featured_media":4899,"template":"","meta":[],"product_brand":[244],"product_cat":[40,30],"product_tag":[],"class_list":{"0":"post-4898","1":"product","2":"type-product","3":"status-publish","4":"has-post-thumbnail","6":"product_brand-patricia-cornwell","7":"product_cat-policial","8":"product_cat-suspenso","10":"first","11":"instock","12":"purchasable","13":"product-type-simple"},"featured_image_urls_v2":{"full":["https:\/\/ajupe.com.uy\/web\/wp-content\/uploads\/2016\/04\/p-4898-La_Mosca_de_la_M_4e933474796b6.jpg",883,1324,false],"thumbnail":["https:\/\/ajupe.com.uy\/web\/wp-content\/uploads\/2016\/04\/p-4898-La_Mosca_de_la_M_4e933474796b6.jpg",150,150,true],"medium":["https:\/\/ajupe.com.uy\/web\/wp-content\/uploads\/2016\/04\/p-4898-La_Mosca_de_la_M_4e933474796b6.jpg",300,214,true],"medium_large":["https:\/\/ajupe.com.uy\/web\/wp-content\/uploads\/2016\/04\/p-4898-La_Mosca_de_la_M_4e933474796b6.jpg",768,1152,false],"large":["https:\/\/ajupe.com.uy\/web\/wp-content\/uploads\/2016\/04\/p-4898-La_Mosca_de_la_M_4e933474796b6.jpg",683,1024,false],"1536x1536":["https:\/\/ajupe.com.uy\/web\/wp-content\/uploads\/2016\/04\/p-4898-La_Mosca_de_la_M_4e933474796b6.jpg",883,1324,false],"2048x2048":["https:\/\/ajupe.com.uy\/web\/wp-content\/uploads\/2016\/04\/p-4898-La_Mosca_de_la_M_4e933474796b6.jpg",883,1324,false],"woocommerce_archive_thumbnail":["https:\/\/ajupe.com.uy\/web\/wp-content\/uploads\/2016\/04\/p-4898-La_Mosca_de_la_M_4e933474796b6-300x450.jpg",300,450,true],"woocommerce_thumbnail":["https:\/\/ajupe.com.uy\/web\/wp-content\/uploads\/2016\/04\/p-4898-La_Mosca_de_la_M_4e933474796b6-300x300.jpg",300,300,true],"woocommerce_single":["https:\/\/ajupe.com.uy\/web\/wp-content\/uploads\/2016\/04\/p-4898-La_Mosca_de_la_M_4e933474796b6-300x450.jpg",300,450,true],"woocommerce_gallery_thumbnail":["https:\/\/ajupe.com.uy\/web\/wp-content\/uploads\/2016\/04\/p-4898-La_Mosca_de_la_M_4e933474796b6-100x100.jpg",100,100,true]},"post_excerpt_stackable_v2":"<p>El intento por hacer una nueva vida libre. Deseosa de empezar una nueva vida libre de los lastres del pasado, Kay Scarpetta decide cerrar su etapa como forense en Richmond y elige Florida como destino donde alcanzar la tan anhelada tranquilidad. Sin embargo, hay alguien que no est\u00e1 dispuesto a que la doctora rehaga su vida: Jean-Baptiste Chandonne, el psic\u00f3pata que la aterroriz\u00f3 tiempo atr\u00e1s, la reclama ahora desde el corredor de la muerte. La mosca de la muerte es una novela intensa cuyos protagonistas se ven irremediablemente abocados a enfrentarse con fantasmas del pasado: Scarpetta con Chandonne, Pete Marino&hellip;<\/p>\n","category_list_v2":"","author_info_v2":{"name":"","url":""},"comments_num_v2":"0 comentarios","_links":{"self":[{"href":"https:\/\/ajupe.com.uy\/web\/wp-json\/wp\/v2\/product\/4898","targetHints":{"allow":["GET"]}}],"collection":[{"href":"https:\/\/ajupe.com.uy\/web\/wp-json\/wp\/v2\/product"}],"about":[{"href":"https:\/\/ajupe.com.uy\/web\/wp-json\/wp\/v2\/types\/product"}],"wp:featuredmedia":[{"embeddable":true,"href":"https:\/\/ajupe.com.uy\/web\/wp-json\/wp\/v2\/media\/4899"}],"wp:attachment":[{"href":"https:\/\/ajupe.com.uy\/web\/wp-json\/wp\/v2\/media?parent=4898"}],"wp:term":[{"taxonomy":"product_brand","embeddable":true,"href":"https:\/\/ajupe.com.uy\/web\/wp-json\/wp\/v2\/product_brand?post=4898"},{"taxonomy":"product_cat","embeddable":true,"href":"https:\/\/ajupe.com.uy\/web\/wp-json\/wp\/v2\/product_cat?post=4898"},{"taxonomy":"product_tag","embeddable":true,"href":"https:\/\/ajupe.com.uy\/web\/wp-json\/wp\/v2\/product_tag?post=4898"}],"curies":[{"name":"wp","href":"https:\/\/api.w.org\/{rel}","templated":true}]}}