{"id":4904,"date":"2011-10-10T18:14:38","date_gmt":"2011-10-10T21:14:38","guid":{"rendered":"http:\/\/ajupe.com.uy\/web\/?post_type=product&#038;p=4904"},"modified":"2011-10-25T19:01:28","modified_gmt":"2011-10-25T22:01:28","slug":"el-manual-del-mesias","status":"publish","type":"product","link":"https:\/\/ajupe.com.uy\/web\/biblioteca\/el-manual-del-mesias\/","title":{"rendered":"El Manual del Mes\u00edas"},"content":{"rendered":"<p>Bach, en su viejo biplano, hab\u00eda dejado atr\u00e1s el  campo en el que hab\u00eda conocido a Don Shimoda, aquel inesperado mes\u00edas.  En alg\u00fan lugar de ese campo qued\u00f3 aquel libro que tanto le hab\u00eda  apasionado y divertido, y que abandon\u00f3 en un arrebato\u00a0 de rabia tras la  muerte de su amigo.Un campesino que conoc\u00eda la historia ha encontrado el  libro perdido y se lo devuelve a su due\u00f1o. Richard coge el Manual,  formula una pregunta, abre una p\u00e1gina al azar, lee la respuesa y sonr\u00ede.<\/p>\n","protected":false},"excerpt":{"rendered":"<p>Bach, en su viejo biplano, hab\u00eda dejado atr\u00e1s el campo en el que hab\u00eda conocido a Don Shimoda, aquel inesperado mes\u00edas. En alg\u00fan lugar de ese campo qued\u00f3 aquel libro que tanto le hab\u00eda apasionado y divertido, y que abandon\u00f3 en un arrebato\u00a0 de rabia tras la muerte de su amigo.Un campesino que conoc\u00eda la [&hellip;]<\/p>\n","protected":false},"featured_media":4905,"template":"","meta":[],"product_brand":[173],"product_cat":[32],"product_tag":[],"class_list":{"0":"post-4904","1":"product","2":"type-product","3":"status-publish","4":"has-post-thumbnail","6":"product_brand-richard-bach","7":"product_cat-autoayuda","9":"first","10":"instock","11":"purchasable","12":"product-type-simple"},"featured_image_urls_v2":{"full":["https:\/\/ajupe.com.uy\/web\/wp-content\/uploads\/2016\/04\/p-4904-El_Manual_del_Me_4e93360e13214.jpg",160,225,false],"thumbnail":["https:\/\/ajupe.com.uy\/web\/wp-content\/uploads\/2016\/04\/p-4904-El_Manual_del_Me_4e93360e13214.jpg",150,150,true],"medium":["https:\/\/ajupe.com.uy\/web\/wp-content\/uploads\/2016\/04\/p-4904-El_Manual_del_Me_4e93360e13214.jpg",300,214,true],"medium_large":["https:\/\/ajupe.com.uy\/web\/wp-content\/uploads\/2016\/04\/p-4904-El_Manual_del_Me_4e93360e13214.jpg",160,225,false],"large":["https:\/\/ajupe.com.uy\/web\/wp-content\/uploads\/2016\/04\/p-4904-El_Manual_del_Me_4e93360e13214.jpg",160,225,false],"1536x1536":["https:\/\/ajupe.com.uy\/web\/wp-content\/uploads\/2016\/04\/p-4904-El_Manual_del_Me_4e93360e13214.jpg",160,225,false],"2048x2048":["https:\/\/ajupe.com.uy\/web\/wp-content\/uploads\/2016\/04\/p-4904-El_Manual_del_Me_4e93360e13214.jpg",160,225,false],"woocommerce_archive_thumbnail":["https:\/\/ajupe.com.uy\/web\/wp-content\/uploads\/2016\/04\/p-4904-El_Manual_del_Me_4e93360e13214.jpg",160,225,false],"woocommerce_thumbnail":["https:\/\/ajupe.com.uy\/web\/wp-content\/uploads\/2016\/04\/p-4904-El_Manual_del_Me_4e93360e13214.jpg",160,225,false],"woocommerce_single":["https:\/\/ajupe.com.uy\/web\/wp-content\/uploads\/2016\/04\/p-4904-El_Manual_del_Me_4e93360e13214.jpg",160,225,false],"woocommerce_gallery_thumbnail":["https:\/\/ajupe.com.uy\/web\/wp-content\/uploads\/2016\/04\/p-4904-El_Manual_del_Me_4e93360e13214-100x100.jpg",100,100,true]},"post_excerpt_stackable_v2":"<p>Bach, en su viejo biplano, hab\u00eda dejado atr\u00e1s el campo en el que hab\u00eda conocido a Don Shimoda, aquel inesperado mes\u00edas. En alg\u00fan lugar de ese campo qued\u00f3 aquel libro que tanto le hab\u00eda apasionado y divertido, y que abandon\u00f3 en un arrebato\u00a0 de rabia tras la muerte de su amigo.Un campesino que conoc\u00eda la historia ha encontrado el libro perdido y se lo devuelve a su due\u00f1o. Richard coge el Manual, formula una pregunta, abre una p\u00e1gina al azar, lee la respuesa y sonr\u00ede.<\/p>\n","category_list_v2":"","author_info_v2":{"name":"","url":""},"comments_num_v2":"0 comentarios","_links":{"self":[{"href":"https:\/\/ajupe.com.uy\/web\/wp-json\/wp\/v2\/product\/4904","targetHints":{"allow":["GET"]}}],"collection":[{"href":"https:\/\/ajupe.com.uy\/web\/wp-json\/wp\/v2\/product"}],"about":[{"href":"https:\/\/ajupe.com.uy\/web\/wp-json\/wp\/v2\/types\/product"}],"wp:featuredmedia":[{"embeddable":true,"href":"https:\/\/ajupe.com.uy\/web\/wp-json\/wp\/v2\/media\/4905"}],"wp:attachment":[{"href":"https:\/\/ajupe.com.uy\/web\/wp-json\/wp\/v2\/media?parent=4904"}],"wp:term":[{"taxonomy":"product_brand","embeddable":true,"href":"https:\/\/ajupe.com.uy\/web\/wp-json\/wp\/v2\/product_brand?post=4904"},{"taxonomy":"product_cat","embeddable":true,"href":"https:\/\/ajupe.com.uy\/web\/wp-json\/wp\/v2\/product_cat?post=4904"},{"taxonomy":"product_tag","embeddable":true,"href":"https:\/\/ajupe.com.uy\/web\/wp-json\/wp\/v2\/product_tag?post=4904"}],"curies":[{"name":"wp","href":"https:\/\/api.w.org\/{rel}","templated":true}]}}