{"id":4922,"date":"2011-10-10T18:54:09","date_gmt":"2011-10-10T21:54:09","guid":{"rendered":"http:\/\/ajupe.com.uy\/web\/?post_type=product&#038;p=4922"},"modified":"2011-10-10T18:54:09","modified_gmt":"2011-10-10T21:54:09","slug":"preguntale-a-platon","status":"publish","type":"product","link":"https:\/\/ajupe.com.uy\/web\/biblioteca\/preguntale-a-platon\/","title":{"rendered":"Preg\u00fantale a Plat\u00f3n"},"content":{"rendered":"<p>Tras la calurosa acogida en todo el mundo de M\u00e1s Plat\u00f3n y menos Prozac;  Lou Marinoff nos presenta en este libro ameno y accesible las claves  para utilizar las grandes ideas de los principales pensadores, desde la  Antig\u00fcedad hasta nuestros d\u00edas, y muestra de qu\u00e9 modo la filosof\u00eda puede  cambiar nuestra vida, transformando nuestro malestar en bienestar.<\/p>\n","protected":false},"excerpt":{"rendered":"<p>Tras la calurosa acogida en todo el mundo de M\u00e1s Plat\u00f3n y menos Prozac; Lou Marinoff nos presenta en este libro ameno y accesible las claves para utilizar las grandes ideas de los principales pensadores, desde la Antig\u00fcedad hasta nuestros d\u00edas, y muestra de qu\u00e9 modo la filosof\u00eda puede cambiar nuestra vida, transformando nuestro malestar [&hellip;]<\/p>\n","protected":false},"featured_media":4923,"template":"","meta":[],"product_brand":[377],"product_cat":[32,47],"product_tag":[],"class_list":{"0":"post-4922","1":"product","2":"type-product","3":"status-publish","4":"has-post-thumbnail","6":"product_brand-lou-marinoff","7":"product_cat-autoayuda","8":"product_cat-ensayo","10":"first","11":"instock","12":"purchasable","13":"product-type-simple"},"featured_image_urls_v2":{"full":["https:\/\/ajupe.com.uy\/web\/wp-content\/uploads\/2016\/04\/p-4922-Preg__ntale_a_Pl_4e933f5135c35.jpg",160,225,false],"thumbnail":["https:\/\/ajupe.com.uy\/web\/wp-content\/uploads\/2016\/04\/p-4922-Preg__ntale_a_Pl_4e933f5135c35.jpg",150,150,true],"medium":["https:\/\/ajupe.com.uy\/web\/wp-content\/uploads\/2016\/04\/p-4922-Preg__ntale_a_Pl_4e933f5135c35.jpg",300,214,true],"medium_large":["https:\/\/ajupe.com.uy\/web\/wp-content\/uploads\/2016\/04\/p-4922-Preg__ntale_a_Pl_4e933f5135c35.jpg",160,225,false],"large":["https:\/\/ajupe.com.uy\/web\/wp-content\/uploads\/2016\/04\/p-4922-Preg__ntale_a_Pl_4e933f5135c35.jpg",160,225,false],"1536x1536":["https:\/\/ajupe.com.uy\/web\/wp-content\/uploads\/2016\/04\/p-4922-Preg__ntale_a_Pl_4e933f5135c35.jpg",160,225,false],"2048x2048":["https:\/\/ajupe.com.uy\/web\/wp-content\/uploads\/2016\/04\/p-4922-Preg__ntale_a_Pl_4e933f5135c35.jpg",160,225,false],"woocommerce_archive_thumbnail":["https:\/\/ajupe.com.uy\/web\/wp-content\/uploads\/2016\/04\/p-4922-Preg__ntale_a_Pl_4e933f5135c35.jpg",160,225,false],"woocommerce_thumbnail":["https:\/\/ajupe.com.uy\/web\/wp-content\/uploads\/2016\/04\/p-4922-Preg__ntale_a_Pl_4e933f5135c35.jpg",160,225,false],"woocommerce_single":["https:\/\/ajupe.com.uy\/web\/wp-content\/uploads\/2016\/04\/p-4922-Preg__ntale_a_Pl_4e933f5135c35.jpg",160,225,false],"woocommerce_gallery_thumbnail":["https:\/\/ajupe.com.uy\/web\/wp-content\/uploads\/2016\/04\/p-4922-Preg__ntale_a_Pl_4e933f5135c35-100x100.jpg",100,100,true]},"post_excerpt_stackable_v2":"<p>Tras la calurosa acogida en todo el mundo de M\u00e1s Plat\u00f3n y menos Prozac; Lou Marinoff nos presenta en este libro ameno y accesible las claves para utilizar las grandes ideas de los principales pensadores, desde la Antig\u00fcedad hasta nuestros d\u00edas, y muestra de qu\u00e9 modo la filosof\u00eda puede cambiar nuestra vida, transformando nuestro malestar en bienestar.<\/p>\n","category_list_v2":"","author_info_v2":{"name":"","url":""},"comments_num_v2":"0 comentarios","_links":{"self":[{"href":"https:\/\/ajupe.com.uy\/web\/wp-json\/wp\/v2\/product\/4922","targetHints":{"allow":["GET"]}}],"collection":[{"href":"https:\/\/ajupe.com.uy\/web\/wp-json\/wp\/v2\/product"}],"about":[{"href":"https:\/\/ajupe.com.uy\/web\/wp-json\/wp\/v2\/types\/product"}],"wp:featuredmedia":[{"embeddable":true,"href":"https:\/\/ajupe.com.uy\/web\/wp-json\/wp\/v2\/media\/4923"}],"wp:attachment":[{"href":"https:\/\/ajupe.com.uy\/web\/wp-json\/wp\/v2\/media?parent=4922"}],"wp:term":[{"taxonomy":"product_brand","embeddable":true,"href":"https:\/\/ajupe.com.uy\/web\/wp-json\/wp\/v2\/product_brand?post=4922"},{"taxonomy":"product_cat","embeddable":true,"href":"https:\/\/ajupe.com.uy\/web\/wp-json\/wp\/v2\/product_cat?post=4922"},{"taxonomy":"product_tag","embeddable":true,"href":"https:\/\/ajupe.com.uy\/web\/wp-json\/wp\/v2\/product_tag?post=4922"}],"curies":[{"name":"wp","href":"https:\/\/api.w.org\/{rel}","templated":true}]}}