{"id":4925,"date":"2011-10-10T18:58:17","date_gmt":"2011-10-10T21:58:17","guid":{"rendered":"http:\/\/ajupe.com.uy\/web\/?post_type=product&#038;p=4925"},"modified":"2011-10-10T18:58:17","modified_gmt":"2011-10-10T21:58:17","slug":"avenida-del-parque-79","status":"publish","type":"product","link":"https:\/\/ajupe.com.uy\/web\/biblioteca\/avenida-del-parque-79\/","title":{"rendered":"Avenida del parque 79"},"content":{"rendered":"<p><em>79 Park Avenue<\/em> es la direcci\u00f3n de una agencia de  Modelos. Pero tras esa inocente fachada se oculta el prost\u00edbulo m\u00e1s   lujoso de Nueva York, una agencia de contactos muy especial para un   p\u00fablico muy especial: hombres poderosos dispuestos a pagar hasta 1.000   d\u00f3lares por unas pocas horas en compa\u00f1\u00eda de las m\u00e1s bellas mujeres. Al   frente del negocio se encuentra Maryann Flood, una mujer bella,   atractiva y muy inteligente que lo tiene todo para triunfar y sin   embargo se ha visto obligada a sobrevivir en un mundo depravado y banal,   un mundo corrupto del que nunca pudo escapar. <br \/> Atr\u00e1s qued\u00f3  su verdadero nombre, Marja, como atr\u00e1s quedaron los a\u00f1os 30,   posteriores a la gran depresi\u00f3n, tiempos dif\u00edciles en los que el   hambre, la pobreza y el desempleo vieron crecer a la exuberante   adolescente de ascendencia polaca. Una joven que perdi\u00f3 su inocencia   demasiado pronto, a la que no le est\u00e1 permitido amar, una mujer que no   puede cambiar su vida y se ve obligada a empezar de nuevo una y otra vez   vali\u00e9ndose siempre de las mismas armas: su cuerpo y el deseo que   suscita en los hombres. <\/p>\n<p> Esta vez se enfrenta a la que  quiz\u00e1 sea su situaci\u00f3n m\u00e1s complicada:  est\u00e1 siendo juzgada por  prostituci\u00f3n. De ser declarada culpable, su vida  se vendr\u00e1 de nuevo  abajo, pues tendr\u00e1 que pasar una larga temporada en  prisi\u00f3n. Sin  embargo, cuenta con el mejor abogado de la ciudad y guarda  un as en la manga: conoce al ayudante del fiscal del distrito desde que  eran ni\u00f1os&#8230; <strong>Harold Robbins<\/strong>, el m\u00e1s popular de los  escritores norteamericanos contempor\u00e1neos, nos da en <strong><em>79 Park Avenue<\/em> <\/strong>una  nueva muestra de su indudable capacidad narrativa. Una novela de   acci\u00f3n constante que mezcla de manera espectacular elementos del\u00a0 thriller de juicios y de la novela rom\u00e1ntica. Un relato que atrapa al  lector  desde sus primeras p\u00e1ginas gracias a su audaz tratamiento, al  talento  de Robbins y a su maestr\u00eda como narrador.<\/p>\n","protected":false},"excerpt":{"rendered":"<p>79 Park Avenue es la direcci\u00f3n de una agencia de Modelos. Pero tras esa inocente fachada se oculta el prost\u00edbulo m\u00e1s lujoso de Nueva York, una agencia de contactos muy especial para un p\u00fablico muy especial: hombres poderosos dispuestos a pagar hasta 1.000 d\u00f3lares por unas pocas horas en compa\u00f1\u00eda de las m\u00e1s bellas mujeres. [&hellip;]<\/p>\n","protected":false},"featured_media":4926,"template":"","meta":[],"product_brand":[1064],"product_cat":[29,30,48],"product_tag":[],"class_list":{"0":"post-4925","1":"product","2":"type-product","3":"status-publish","4":"has-post-thumbnail","6":"product_brand-harold-robbins","7":"product_cat-novela","8":"product_cat-suspenso","9":"product_cat-thrillers","11":"first","12":"instock","13":"purchasable","14":"product-type-simple"},"featured_image_urls_v2":{"full":["https:\/\/ajupe.com.uy\/web\/wp-content\/uploads\/2016\/04\/p-4925-_Avenida_del_par_4e9340498ba52.jpg",100,133,false],"thumbnail":["https:\/\/ajupe.com.uy\/web\/wp-content\/uploads\/2016\/04\/p-4925-_Avenida_del_par_4e9340498ba52.jpg",150,150,true],"medium":["https:\/\/ajupe.com.uy\/web\/wp-content\/uploads\/2016\/04\/p-4925-_Avenida_del_par_4e9340498ba52.jpg",300,214,true],"medium_large":["https:\/\/ajupe.com.uy\/web\/wp-content\/uploads\/2016\/04\/p-4925-_Avenida_del_par_4e9340498ba52.jpg",100,133,false],"large":["https:\/\/ajupe.com.uy\/web\/wp-content\/uploads\/2016\/04\/p-4925-_Avenida_del_par_4e9340498ba52.jpg",100,133,false],"1536x1536":["https:\/\/ajupe.com.uy\/web\/wp-content\/uploads\/2016\/04\/p-4925-_Avenida_del_par_4e9340498ba52.jpg",100,133,false],"2048x2048":["https:\/\/ajupe.com.uy\/web\/wp-content\/uploads\/2016\/04\/p-4925-_Avenida_del_par_4e9340498ba52.jpg",100,133,false],"woocommerce_archive_thumbnail":["https:\/\/ajupe.com.uy\/web\/wp-content\/uploads\/2016\/04\/p-4925-_Avenida_del_par_4e9340498ba52.jpg",100,133,false],"woocommerce_thumbnail":["https:\/\/ajupe.com.uy\/web\/wp-content\/uploads\/2016\/04\/p-4925-_Avenida_del_par_4e9340498ba52.jpg",100,133,false],"woocommerce_single":["https:\/\/ajupe.com.uy\/web\/wp-content\/uploads\/2016\/04\/p-4925-_Avenida_del_par_4e9340498ba52.jpg",100,133,false],"woocommerce_gallery_thumbnail":["https:\/\/ajupe.com.uy\/web\/wp-content\/uploads\/2016\/04\/p-4925-_Avenida_del_par_4e9340498ba52-100x100.jpg",100,100,true]},"post_excerpt_stackable_v2":"<p>79 Park Avenue es la direcci\u00f3n de una agencia de Modelos. Pero tras esa inocente fachada se oculta el prost\u00edbulo m\u00e1s lujoso de Nueva York, una agencia de contactos muy especial para un p\u00fablico muy especial: hombres poderosos dispuestos a pagar hasta 1.000 d\u00f3lares por unas pocas horas en compa\u00f1\u00eda de las m\u00e1s bellas mujeres. Al frente del negocio se encuentra Maryann Flood, una mujer bella, atractiva y muy inteligente que lo tiene todo para triunfar y sin embargo se ha visto obligada a sobrevivir en un mundo depravado y banal, un mundo corrupto del que nunca pudo escapar. Atr\u00e1s&hellip;<\/p>\n","category_list_v2":"","author_info_v2":{"name":"","url":""},"comments_num_v2":"0 comentarios","_links":{"self":[{"href":"https:\/\/ajupe.com.uy\/web\/wp-json\/wp\/v2\/product\/4925","targetHints":{"allow":["GET"]}}],"collection":[{"href":"https:\/\/ajupe.com.uy\/web\/wp-json\/wp\/v2\/product"}],"about":[{"href":"https:\/\/ajupe.com.uy\/web\/wp-json\/wp\/v2\/types\/product"}],"wp:featuredmedia":[{"embeddable":true,"href":"https:\/\/ajupe.com.uy\/web\/wp-json\/wp\/v2\/media\/4926"}],"wp:attachment":[{"href":"https:\/\/ajupe.com.uy\/web\/wp-json\/wp\/v2\/media?parent=4925"}],"wp:term":[{"taxonomy":"product_brand","embeddable":true,"href":"https:\/\/ajupe.com.uy\/web\/wp-json\/wp\/v2\/product_brand?post=4925"},{"taxonomy":"product_cat","embeddable":true,"href":"https:\/\/ajupe.com.uy\/web\/wp-json\/wp\/v2\/product_cat?post=4925"},{"taxonomy":"product_tag","embeddable":true,"href":"https:\/\/ajupe.com.uy\/web\/wp-json\/wp\/v2\/product_tag?post=4925"}],"curies":[{"name":"wp","href":"https:\/\/api.w.org\/{rel}","templated":true}]}}