{"id":4928,"date":"2011-10-10T19:01:33","date_gmt":"2011-10-10T22:01:33","guid":{"rendered":"http:\/\/ajupe.com.uy\/web\/?post_type=product&#038;p=4928"},"modified":"2011-10-10T19:01:33","modified_gmt":"2011-10-10T22:01:33","slug":"dali","status":"publish","type":"product","link":"https:\/\/ajupe.com.uy\/web\/biblioteca\/dali\/","title":{"rendered":"Dal\u00ed"},"content":{"rendered":"<p>No resulta f\u00e1cil comprender la vida, el alma y el car\u00e1cter de un genio  como Salvador Dal\u00ed, su visi\u00f3n de la evoluci\u00f3n del arte, su modo de ser y  de pensar, su vida \u00edntima; entender, en definitiva, c\u00f3mo lleg\u00f3 a  convertirse en un personaje de caracter\u00edsticas tan peculiares. En mi  libro invito al lector a emprender la maravillosa aventura de investiga  la apasionante personalidad del genio, recurriendo para ello a una  complet\u00edsima bibliograf\u00eda, as\u00ed como una propia hemeroteca.<\/p>\n","protected":false},"excerpt":{"rendered":"<p>No resulta f\u00e1cil comprender la vida, el alma y el car\u00e1cter de un genio como Salvador Dal\u00ed, su visi\u00f3n de la evoluci\u00f3n del arte, su modo de ser y de pensar, su vida \u00edntima; entender, en definitiva, c\u00f3mo lleg\u00f3 a convertirse en un personaje de caracter\u00edsticas tan peculiares. En mi libro invito al lector a [&hellip;]<\/p>\n","protected":false},"featured_media":4929,"template":"","meta":[],"product_brand":[787],"product_cat":[31],"product_tag":[],"class_list":{"0":"post-4928","1":"product","2":"type-product","3":"status-publish","4":"has-post-thumbnail","6":"product_brand-luis-llongueras","7":"product_cat-historico","9":"first","10":"instock","11":"purchasable","12":"product-type-simple"},"featured_image_urls_v2":{"full":["https:\/\/ajupe.com.uy\/web\/wp-content\/uploads\/2016\/04\/p-4928-Dal___4e93410d4e02c.jpg",140,190,false],"thumbnail":["https:\/\/ajupe.com.uy\/web\/wp-content\/uploads\/2016\/04\/p-4928-Dal___4e93410d4e02c.jpg",150,150,true],"medium":["https:\/\/ajupe.com.uy\/web\/wp-content\/uploads\/2016\/04\/p-4928-Dal___4e93410d4e02c.jpg",300,214,true],"medium_large":["https:\/\/ajupe.com.uy\/web\/wp-content\/uploads\/2016\/04\/p-4928-Dal___4e93410d4e02c.jpg",140,190,false],"large":["https:\/\/ajupe.com.uy\/web\/wp-content\/uploads\/2016\/04\/p-4928-Dal___4e93410d4e02c.jpg",140,190,false],"1536x1536":["https:\/\/ajupe.com.uy\/web\/wp-content\/uploads\/2016\/04\/p-4928-Dal___4e93410d4e02c.jpg",140,190,false],"2048x2048":["https:\/\/ajupe.com.uy\/web\/wp-content\/uploads\/2016\/04\/p-4928-Dal___4e93410d4e02c.jpg",140,190,false],"woocommerce_archive_thumbnail":["https:\/\/ajupe.com.uy\/web\/wp-content\/uploads\/2016\/04\/p-4928-Dal___4e93410d4e02c.jpg",140,190,false],"woocommerce_thumbnail":["https:\/\/ajupe.com.uy\/web\/wp-content\/uploads\/2016\/04\/p-4928-Dal___4e93410d4e02c.jpg",140,190,false],"woocommerce_single":["https:\/\/ajupe.com.uy\/web\/wp-content\/uploads\/2016\/04\/p-4928-Dal___4e93410d4e02c.jpg",140,190,false],"woocommerce_gallery_thumbnail":["https:\/\/ajupe.com.uy\/web\/wp-content\/uploads\/2016\/04\/p-4928-Dal___4e93410d4e02c-100x100.jpg",100,100,true]},"post_excerpt_stackable_v2":"<p>No resulta f\u00e1cil comprender la vida, el alma y el car\u00e1cter de un genio como Salvador Dal\u00ed, su visi\u00f3n de la evoluci\u00f3n del arte, su modo de ser y de pensar, su vida \u00edntima; entender, en definitiva, c\u00f3mo lleg\u00f3 a convertirse en un personaje de caracter\u00edsticas tan peculiares. En mi libro invito al lector a emprender la maravillosa aventura de investiga la apasionante personalidad del genio, recurriendo para ello a una complet\u00edsima bibliograf\u00eda, as\u00ed como una propia hemeroteca.<\/p>\n","category_list_v2":"","author_info_v2":{"name":"","url":""},"comments_num_v2":"0 comentarios","_links":{"self":[{"href":"https:\/\/ajupe.com.uy\/web\/wp-json\/wp\/v2\/product\/4928","targetHints":{"allow":["GET"]}}],"collection":[{"href":"https:\/\/ajupe.com.uy\/web\/wp-json\/wp\/v2\/product"}],"about":[{"href":"https:\/\/ajupe.com.uy\/web\/wp-json\/wp\/v2\/types\/product"}],"wp:featuredmedia":[{"embeddable":true,"href":"https:\/\/ajupe.com.uy\/web\/wp-json\/wp\/v2\/media\/4929"}],"wp:attachment":[{"href":"https:\/\/ajupe.com.uy\/web\/wp-json\/wp\/v2\/media?parent=4928"}],"wp:term":[{"taxonomy":"product_brand","embeddable":true,"href":"https:\/\/ajupe.com.uy\/web\/wp-json\/wp\/v2\/product_brand?post=4928"},{"taxonomy":"product_cat","embeddable":true,"href":"https:\/\/ajupe.com.uy\/web\/wp-json\/wp\/v2\/product_cat?post=4928"},{"taxonomy":"product_tag","embeddable":true,"href":"https:\/\/ajupe.com.uy\/web\/wp-json\/wp\/v2\/product_tag?post=4928"}],"curies":[{"name":"wp","href":"https:\/\/api.w.org\/{rel}","templated":true}]}}