{"id":4946,"date":"2011-10-10T19:31:41","date_gmt":"2011-10-10T22:31:41","guid":{"rendered":"http:\/\/ajupe.com.uy\/web\/?post_type=product&#038;p=4946"},"modified":"2011-10-10T19:31:41","modified_gmt":"2011-10-10T22:31:41","slug":"las-mujeres-que-aman-demasiado","status":"publish","type":"product","link":"https:\/\/ajupe.com.uy\/web\/biblioteca\/las-mujeres-que-aman-demasiado\/","title":{"rendered":"Las Mujeres que Aman Demasiado"},"content":{"rendered":"<p>Las mujeres que aman demasiado es un cl\u00e1sico entre los libros de  autoayuda. Desde su publicaci\u00f3n en 1986 se han vendido m\u00e1s de tres  millones de ejemplares, y sigue siendo un best-s\u00e9ller. Robin Norwood  escribi\u00f3 esta gu\u00eda pr\u00e1ctica para ayudar a las mujeres que sufren por su  adicci\u00f3n a hombres que las maltratan, desprecian o tiranizan,  ense\u00f1\u00e1ndoles a reconocer y cambiar su propia manera de amar. A trav\u00e9s de  historias reveladoras y de un programa de recuperaci\u00f3n, ofrece un  camino para que consigan amarse a s\u00ed mismas y establecer una relaci\u00f3n de  pareja sana, feliz y duradera.<\/p>\n","protected":false},"excerpt":{"rendered":"<p>Las mujeres que aman demasiado es un cl\u00e1sico entre los libros de autoayuda. Desde su publicaci\u00f3n en 1986 se han vendido m\u00e1s de tres millones de ejemplares, y sigue siendo un best-s\u00e9ller. Robin Norwood escribi\u00f3 esta gu\u00eda pr\u00e1ctica para ayudar a las mujeres que sufren por su adicci\u00f3n a hombres que las maltratan, desprecian o [&hellip;]<\/p>\n","protected":false},"featured_media":4947,"template":"","meta":[],"product_brand":[872],"product_cat":[32],"product_tag":[],"class_list":{"0":"post-4946","1":"product","2":"type-product","3":"status-publish","4":"has-post-thumbnail","6":"product_brand-robin-norwood","7":"product_cat-autoayuda","9":"first","10":"instock","11":"purchasable","12":"product-type-simple"},"featured_image_urls_v2":{"full":["https:\/\/ajupe.com.uy\/web\/wp-content\/uploads\/2016\/04\/p-4946-Las_Mujeres_que__4e93481dcc0ee.jpg",110,174,false],"thumbnail":["https:\/\/ajupe.com.uy\/web\/wp-content\/uploads\/2016\/04\/p-4946-Las_Mujeres_que__4e93481dcc0ee.jpg",150,150,true],"medium":["https:\/\/ajupe.com.uy\/web\/wp-content\/uploads\/2016\/04\/p-4946-Las_Mujeres_que__4e93481dcc0ee.jpg",300,214,true],"medium_large":["https:\/\/ajupe.com.uy\/web\/wp-content\/uploads\/2016\/04\/p-4946-Las_Mujeres_que__4e93481dcc0ee.jpg",110,174,false],"large":["https:\/\/ajupe.com.uy\/web\/wp-content\/uploads\/2016\/04\/p-4946-Las_Mujeres_que__4e93481dcc0ee.jpg",110,174,false],"1536x1536":["https:\/\/ajupe.com.uy\/web\/wp-content\/uploads\/2016\/04\/p-4946-Las_Mujeres_que__4e93481dcc0ee.jpg",110,174,false],"2048x2048":["https:\/\/ajupe.com.uy\/web\/wp-content\/uploads\/2016\/04\/p-4946-Las_Mujeres_que__4e93481dcc0ee.jpg",110,174,false],"woocommerce_archive_thumbnail":["https:\/\/ajupe.com.uy\/web\/wp-content\/uploads\/2016\/04\/p-4946-Las_Mujeres_que__4e93481dcc0ee.jpg",110,174,false],"woocommerce_thumbnail":["https:\/\/ajupe.com.uy\/web\/wp-content\/uploads\/2016\/04\/p-4946-Las_Mujeres_que__4e93481dcc0ee.jpg",110,174,false],"woocommerce_single":["https:\/\/ajupe.com.uy\/web\/wp-content\/uploads\/2016\/04\/p-4946-Las_Mujeres_que__4e93481dcc0ee.jpg",110,174,false],"woocommerce_gallery_thumbnail":["https:\/\/ajupe.com.uy\/web\/wp-content\/uploads\/2016\/04\/p-4946-Las_Mujeres_que__4e93481dcc0ee-100x100.jpg",100,100,true]},"post_excerpt_stackable_v2":"<p>Las mujeres que aman demasiado es un cl\u00e1sico entre los libros de autoayuda. Desde su publicaci\u00f3n en 1986 se han vendido m\u00e1s de tres millones de ejemplares, y sigue siendo un best-s\u00e9ller. Robin Norwood escribi\u00f3 esta gu\u00eda pr\u00e1ctica para ayudar a las mujeres que sufren por su adicci\u00f3n a hombres que las maltratan, desprecian o tiranizan, ense\u00f1\u00e1ndoles a reconocer y cambiar su propia manera de amar. A trav\u00e9s de historias reveladoras y de un programa de recuperaci\u00f3n, ofrece un camino para que consigan amarse a s\u00ed mismas y establecer una relaci\u00f3n de pareja sana, feliz y duradera.<\/p>\n","category_list_v2":"","author_info_v2":{"name":"","url":""},"comments_num_v2":"0 comentarios","_links":{"self":[{"href":"https:\/\/ajupe.com.uy\/web\/wp-json\/wp\/v2\/product\/4946","targetHints":{"allow":["GET"]}}],"collection":[{"href":"https:\/\/ajupe.com.uy\/web\/wp-json\/wp\/v2\/product"}],"about":[{"href":"https:\/\/ajupe.com.uy\/web\/wp-json\/wp\/v2\/types\/product"}],"wp:featuredmedia":[{"embeddable":true,"href":"https:\/\/ajupe.com.uy\/web\/wp-json\/wp\/v2\/media\/4947"}],"wp:attachment":[{"href":"https:\/\/ajupe.com.uy\/web\/wp-json\/wp\/v2\/media?parent=4946"}],"wp:term":[{"taxonomy":"product_brand","embeddable":true,"href":"https:\/\/ajupe.com.uy\/web\/wp-json\/wp\/v2\/product_brand?post=4946"},{"taxonomy":"product_cat","embeddable":true,"href":"https:\/\/ajupe.com.uy\/web\/wp-json\/wp\/v2\/product_cat?post=4946"},{"taxonomy":"product_tag","embeddable":true,"href":"https:\/\/ajupe.com.uy\/web\/wp-json\/wp\/v2\/product_tag?post=4946"}],"curies":[{"name":"wp","href":"https:\/\/api.w.org\/{rel}","templated":true}]}}