{"id":4961,"date":"2011-10-10T20:02:37","date_gmt":"2011-10-10T23:02:37","guid":{"rendered":"http:\/\/ajupe.com.uy\/web\/?post_type=product&#038;p=4961"},"modified":"2011-10-25T18:31:32","modified_gmt":"2011-10-25T21:31:32","slug":"el-principe-oscuro","status":"publish","type":"product","link":"https:\/\/ajupe.com.uy\/web\/biblioteca\/el-principe-oscuro\/","title":{"rendered":"El pr\u00edncipe oscuro"},"content":{"rendered":"<p>Incluso para Mihail, pr\u00edncipe de la legendaria raza de los carpatianos,  la soledad se vuelve insoportable con el paso de los siglos. Como todos  los hombres de su especie, necesita encontrar a la mujer destinada a ser  su compa\u00f1era eterna, para no ceder a las tinieblas y engrosar las filas  de los que se han convertido en depredadores. Por eso su alegr\u00eda es  inmensa cuando contacta telep\u00e1ticamente con una mujer excepcional.  Alguien que puede leer la mente, como los carpatianos. Pero su sorpresa  es inmensa al conocer que se trata de una humana. Raven es hermosa,  valiente, decidida\u2026 y enseguida queda prendada del majestuoso poder de  Mihail. Pero \u00bfpodr\u00e1 aceptar la realidad de una raza tan parecida a los  vampiros de las leyendas? Para saberlo, tendr\u00e1n que sobrevivir tanto a  la oscura amenaza de los seres de la noche como a la violencia de un  grupo de fan\u00e1ticos humanos.<\/p>\n","protected":false},"excerpt":{"rendered":"<p>Incluso para Mihail, pr\u00edncipe de la legendaria raza de los carpatianos, la soledad se vuelve insoportable con el paso de los siglos. Como todos los hombres de su especie, necesita encontrar a la mujer destinada a ser su compa\u00f1era eterna, para no ceder a las tinieblas y engrosar las filas de los que se han [&hellip;]<\/p>\n","protected":false},"featured_media":4962,"template":"","meta":[],"product_brand":[606],"product_cat":[37,29],"product_tag":[],"class_list":{"0":"post-4961","1":"product","2":"type-product","3":"status-publish","4":"has-post-thumbnail","6":"product_brand-christine-feehan","7":"product_cat-ficcion","8":"product_cat-novela","10":"first","11":"instock","12":"purchasable","13":"product-type-simple"},"featured_image_urls_v2":{"full":["https:\/\/ajupe.com.uy\/web\/wp-content\/uploads\/2016\/04\/p-4961-El_pr__ncipe_osc_4e934f5d4e4a5.jpg",170,270,false],"thumbnail":["https:\/\/ajupe.com.uy\/web\/wp-content\/uploads\/2016\/04\/p-4961-El_pr__ncipe_osc_4e934f5d4e4a5.jpg",150,150,true],"medium":["https:\/\/ajupe.com.uy\/web\/wp-content\/uploads\/2016\/04\/p-4961-El_pr__ncipe_osc_4e934f5d4e4a5.jpg",300,214,true],"medium_large":["https:\/\/ajupe.com.uy\/web\/wp-content\/uploads\/2016\/04\/p-4961-El_pr__ncipe_osc_4e934f5d4e4a5.jpg",170,270,false],"large":["https:\/\/ajupe.com.uy\/web\/wp-content\/uploads\/2016\/04\/p-4961-El_pr__ncipe_osc_4e934f5d4e4a5.jpg",170,270,false],"1536x1536":["https:\/\/ajupe.com.uy\/web\/wp-content\/uploads\/2016\/04\/p-4961-El_pr__ncipe_osc_4e934f5d4e4a5.jpg",170,270,false],"2048x2048":["https:\/\/ajupe.com.uy\/web\/wp-content\/uploads\/2016\/04\/p-4961-El_pr__ncipe_osc_4e934f5d4e4a5.jpg",170,270,false],"woocommerce_archive_thumbnail":["https:\/\/ajupe.com.uy\/web\/wp-content\/uploads\/2016\/04\/p-4961-El_pr__ncipe_osc_4e934f5d4e4a5.jpg",170,270,false],"woocommerce_thumbnail":["https:\/\/ajupe.com.uy\/web\/wp-content\/uploads\/2016\/04\/p-4961-El_pr__ncipe_osc_4e934f5d4e4a5.jpg",170,270,false],"woocommerce_single":["https:\/\/ajupe.com.uy\/web\/wp-content\/uploads\/2016\/04\/p-4961-El_pr__ncipe_osc_4e934f5d4e4a5.jpg",170,270,false],"woocommerce_gallery_thumbnail":["https:\/\/ajupe.com.uy\/web\/wp-content\/uploads\/2016\/04\/p-4961-El_pr__ncipe_osc_4e934f5d4e4a5-100x100.jpg",100,100,true]},"post_excerpt_stackable_v2":"<p>Incluso para Mihail, pr\u00edncipe de la legendaria raza de los carpatianos, la soledad se vuelve insoportable con el paso de los siglos. Como todos los hombres de su especie, necesita encontrar a la mujer destinada a ser su compa\u00f1era eterna, para no ceder a las tinieblas y engrosar las filas de los que se han convertido en depredadores. Por eso su alegr\u00eda es inmensa cuando contacta telep\u00e1ticamente con una mujer excepcional. Alguien que puede leer la mente, como los carpatianos. Pero su sorpresa es inmensa al conocer que se trata de una humana. Raven es hermosa, valiente, decidida\u2026 y enseguida&hellip;<\/p>\n","category_list_v2":"","author_info_v2":{"name":"","url":""},"comments_num_v2":"0 comentarios","_links":{"self":[{"href":"https:\/\/ajupe.com.uy\/web\/wp-json\/wp\/v2\/product\/4961","targetHints":{"allow":["GET"]}}],"collection":[{"href":"https:\/\/ajupe.com.uy\/web\/wp-json\/wp\/v2\/product"}],"about":[{"href":"https:\/\/ajupe.com.uy\/web\/wp-json\/wp\/v2\/types\/product"}],"wp:featuredmedia":[{"embeddable":true,"href":"https:\/\/ajupe.com.uy\/web\/wp-json\/wp\/v2\/media\/4962"}],"wp:attachment":[{"href":"https:\/\/ajupe.com.uy\/web\/wp-json\/wp\/v2\/media?parent=4961"}],"wp:term":[{"taxonomy":"product_brand","embeddable":true,"href":"https:\/\/ajupe.com.uy\/web\/wp-json\/wp\/v2\/product_brand?post=4961"},{"taxonomy":"product_cat","embeddable":true,"href":"https:\/\/ajupe.com.uy\/web\/wp-json\/wp\/v2\/product_cat?post=4961"},{"taxonomy":"product_tag","embeddable":true,"href":"https:\/\/ajupe.com.uy\/web\/wp-json\/wp\/v2\/product_tag?post=4961"}],"curies":[{"name":"wp","href":"https:\/\/api.w.org\/{rel}","templated":true}]}}