{"id":4967,"date":"2011-10-10T20:06:57","date_gmt":"2011-10-10T23:06:57","guid":{"rendered":"http:\/\/ajupe.com.uy\/web\/?post_type=product&#038;p=4967"},"modified":"2011-10-25T18:32:08","modified_gmt":"2011-10-25T21:32:08","slug":"la-fortaleza-digital","status":"publish","type":"product","link":"https:\/\/ajupe.com.uy\/web\/biblioteca\/la-fortaleza-digital\/","title":{"rendered":"La fortaleza digital"},"content":{"rendered":"<p>Susan Fletcher, la cript\u00f3grafa estrella de la ultrasecreta Agencia de Seguridad Nacional (NSA) no puede dar cr\u00e9dito a sus o\u00eddos cuando su  jefe, el subdirector de la Agencia, le informa de que han interceptado  un c\u00f3digo que ni siquiera la mayor supercomputadora conocida puede  descifrar. La \u00fanica pista para romper el letal c\u00f3digo parece estar  oculta en el cad\u00e1ver de un hombre que ha fallecido en Espa\u00f1a, donde ha  sido enviado David, el prometido de Susan. Mientras \u00e9ste intenta hallar  la clave y sobrevivir a la persecuci\u00f3n de un met\u00f3dico e implacable  asesino a sueldo en las calles de Sevilla, Susan se enfrentar\u00e1 a su  propio drama en las instalaciones de m\u00e1xima seguridad de la NSA, durante  una larga noche en la que la mentira y el asesinato acechan tras cada  puerta.<\/p>\n","protected":false},"excerpt":{"rendered":"<p>Susan Fletcher, la cript\u00f3grafa estrella de la ultrasecreta Agencia de Seguridad Nacional (NSA) no puede dar cr\u00e9dito a sus o\u00eddos cuando su jefe, el subdirector de la Agencia, le informa de que han interceptado un c\u00f3digo que ni siquiera la mayor supercomputadora conocida puede descifrar. La \u00fanica pista para romper el letal c\u00f3digo parece estar [&hellip;]<\/p>\n","protected":false},"featured_media":4968,"template":"","meta":[],"product_brand":[382],"product_cat":[40,30],"product_tag":[],"class_list":{"0":"post-4967","1":"product","2":"type-product","3":"status-publish","4":"has-post-thumbnail","6":"product_brand-dan-brown","7":"product_cat-policial","8":"product_cat-suspenso","10":"first","11":"instock","12":"purchasable","13":"product-type-simple"},"featured_image_urls_v2":{"full":["https:\/\/ajupe.com.uy\/web\/wp-content\/uploads\/2016\/04\/p-4967-La_fortaleza_dig_4e935061a44ea.jpg",181,278,false],"thumbnail":["https:\/\/ajupe.com.uy\/web\/wp-content\/uploads\/2016\/04\/p-4967-La_fortaleza_dig_4e935061a44ea.jpg",150,150,true],"medium":["https:\/\/ajupe.com.uy\/web\/wp-content\/uploads\/2016\/04\/p-4967-La_fortaleza_dig_4e935061a44ea.jpg",300,214,true],"medium_large":["https:\/\/ajupe.com.uy\/web\/wp-content\/uploads\/2016\/04\/p-4967-La_fortaleza_dig_4e935061a44ea.jpg",181,278,false],"large":["https:\/\/ajupe.com.uy\/web\/wp-content\/uploads\/2016\/04\/p-4967-La_fortaleza_dig_4e935061a44ea.jpg",181,278,false],"1536x1536":["https:\/\/ajupe.com.uy\/web\/wp-content\/uploads\/2016\/04\/p-4967-La_fortaleza_dig_4e935061a44ea.jpg",181,278,false],"2048x2048":["https:\/\/ajupe.com.uy\/web\/wp-content\/uploads\/2016\/04\/p-4967-La_fortaleza_dig_4e935061a44ea.jpg",181,278,false],"woocommerce_archive_thumbnail":["https:\/\/ajupe.com.uy\/web\/wp-content\/uploads\/2016\/04\/p-4967-La_fortaleza_dig_4e935061a44ea.jpg",181,278,false],"woocommerce_thumbnail":["https:\/\/ajupe.com.uy\/web\/wp-content\/uploads\/2016\/04\/p-4967-La_fortaleza_dig_4e935061a44ea.jpg",181,278,false],"woocommerce_single":["https:\/\/ajupe.com.uy\/web\/wp-content\/uploads\/2016\/04\/p-4967-La_fortaleza_dig_4e935061a44ea.jpg",181,278,false],"woocommerce_gallery_thumbnail":["https:\/\/ajupe.com.uy\/web\/wp-content\/uploads\/2016\/04\/p-4967-La_fortaleza_dig_4e935061a44ea-100x100.jpg",100,100,true]},"post_excerpt_stackable_v2":"<p>Susan Fletcher, la cript\u00f3grafa estrella de la ultrasecreta Agencia de Seguridad Nacional (NSA) no puede dar cr\u00e9dito a sus o\u00eddos cuando su jefe, el subdirector de la Agencia, le informa de que han interceptado un c\u00f3digo que ni siquiera la mayor supercomputadora conocida puede descifrar. La \u00fanica pista para romper el letal c\u00f3digo parece estar oculta en el cad\u00e1ver de un hombre que ha fallecido en Espa\u00f1a, donde ha sido enviado David, el prometido de Susan. Mientras \u00e9ste intenta hallar la clave y sobrevivir a la persecuci\u00f3n de un met\u00f3dico e implacable asesino a sueldo en las calles de Sevilla,&hellip;<\/p>\n","category_list_v2":"","author_info_v2":{"name":"","url":""},"comments_num_v2":"0 comentarios","_links":{"self":[{"href":"https:\/\/ajupe.com.uy\/web\/wp-json\/wp\/v2\/product\/4967","targetHints":{"allow":["GET"]}}],"collection":[{"href":"https:\/\/ajupe.com.uy\/web\/wp-json\/wp\/v2\/product"}],"about":[{"href":"https:\/\/ajupe.com.uy\/web\/wp-json\/wp\/v2\/types\/product"}],"wp:featuredmedia":[{"embeddable":true,"href":"https:\/\/ajupe.com.uy\/web\/wp-json\/wp\/v2\/media\/4968"}],"wp:attachment":[{"href":"https:\/\/ajupe.com.uy\/web\/wp-json\/wp\/v2\/media?parent=4967"}],"wp:term":[{"taxonomy":"product_brand","embeddable":true,"href":"https:\/\/ajupe.com.uy\/web\/wp-json\/wp\/v2\/product_brand?post=4967"},{"taxonomy":"product_cat","embeddable":true,"href":"https:\/\/ajupe.com.uy\/web\/wp-json\/wp\/v2\/product_cat?post=4967"},{"taxonomy":"product_tag","embeddable":true,"href":"https:\/\/ajupe.com.uy\/web\/wp-json\/wp\/v2\/product_tag?post=4967"}],"curies":[{"name":"wp","href":"https:\/\/api.w.org\/{rel}","templated":true}]}}