{"id":4979,"date":"2011-10-10T20:24:44","date_gmt":"2011-10-10T23:24:44","guid":{"rendered":"http:\/\/ajupe.com.uy\/web\/?post_type=product&#038;p=4979"},"modified":"2011-10-25T18:49:17","modified_gmt":"2011-10-25T21:49:17","slug":"tierra-tierra","status":"publish","type":"product","link":"https:\/\/ajupe.com.uy\/web\/biblioteca\/tierra-tierra\/","title":{"rendered":"\u00a1Tierra, Tierra!"},"content":{"rendered":"<p><strong><\/strong>\u00a1Tierra, tierra!, segunda obra autobiogr\u00e1fica de S\u00e1ndor  M\u00e1rai tras Confesiones de un burgu\u00e9s, sit\u00faa al lector como testigo  directo de la agon\u00eda de la cultura europea, del proceso brutal de  bolchevizaci\u00f3n emprendido por Rusia y de la indiferencia de Occidente  hacia la suerte de cien millones de europeos deesa \u00abperiferia\u00bb que  formaba el antiguo imperio austroh\u00fangaro.<\/p>\n","protected":false},"excerpt":{"rendered":"<p>\u00a1Tierra, tierra!, segunda obra autobiogr\u00e1fica de S\u00e1ndor M\u00e1rai tras Confesiones de un burgu\u00e9s, sit\u00faa al lector como testigo directo de la agon\u00eda de la cultura europea, del proceso brutal de bolchevizaci\u00f3n emprendido por Rusia y de la indiferencia de Occidente hacia la suerte de cien millones de europeos deesa \u00abperiferia\u00bb que formaba el antiguo imperio [&hellip;]<\/p>\n","protected":false},"featured_media":4980,"template":"","meta":[],"product_brand":[793],"product_cat":[29],"product_tag":[],"class_list":{"0":"post-4979","1":"product","2":"type-product","3":"status-publish","4":"has-post-thumbnail","6":"product_brand-marai-sandor","7":"product_cat-novela","9":"first","10":"instock","11":"purchasable","12":"product-type-simple"},"featured_image_urls_v2":{"full":["https:\/\/ajupe.com.uy\/web\/wp-content\/uploads\/2016\/04\/p-4979-__Tierra__Tierra_4e93548c1624f.jpg",425,679,false],"thumbnail":["https:\/\/ajupe.com.uy\/web\/wp-content\/uploads\/2016\/04\/p-4979-__Tierra__Tierra_4e93548c1624f.jpg",150,150,true],"medium":["https:\/\/ajupe.com.uy\/web\/wp-content\/uploads\/2016\/04\/p-4979-__Tierra__Tierra_4e93548c1624f.jpg",300,214,true],"medium_large":["https:\/\/ajupe.com.uy\/web\/wp-content\/uploads\/2016\/04\/p-4979-__Tierra__Tierra_4e93548c1624f.jpg",425,679,false],"large":["https:\/\/ajupe.com.uy\/web\/wp-content\/uploads\/2016\/04\/p-4979-__Tierra__Tierra_4e93548c1624f.jpg",425,679,false],"1536x1536":["https:\/\/ajupe.com.uy\/web\/wp-content\/uploads\/2016\/04\/p-4979-__Tierra__Tierra_4e93548c1624f.jpg",425,679,false],"2048x2048":["https:\/\/ajupe.com.uy\/web\/wp-content\/uploads\/2016\/04\/p-4979-__Tierra__Tierra_4e93548c1624f.jpg",425,679,false],"woocommerce_archive_thumbnail":["https:\/\/ajupe.com.uy\/web\/wp-content\/uploads\/2016\/04\/p-4979-__Tierra__Tierra_4e93548c1624f-300x450.jpg",300,450,true],"woocommerce_thumbnail":["https:\/\/ajupe.com.uy\/web\/wp-content\/uploads\/2016\/04\/p-4979-__Tierra__Tierra_4e93548c1624f-300x300.jpg",300,300,true],"woocommerce_single":["https:\/\/ajupe.com.uy\/web\/wp-content\/uploads\/2016\/04\/p-4979-__Tierra__Tierra_4e93548c1624f-300x479.jpg",300,479,true],"woocommerce_gallery_thumbnail":["https:\/\/ajupe.com.uy\/web\/wp-content\/uploads\/2016\/04\/p-4979-__Tierra__Tierra_4e93548c1624f-100x100.jpg",100,100,true]},"post_excerpt_stackable_v2":"<p>\u00a1Tierra, tierra!, segunda obra autobiogr\u00e1fica de S\u00e1ndor M\u00e1rai tras Confesiones de un burgu\u00e9s, sit\u00faa al lector como testigo directo de la agon\u00eda de la cultura europea, del proceso brutal de bolchevizaci\u00f3n emprendido por Rusia y de la indiferencia de Occidente hacia la suerte de cien millones de europeos deesa \u00abperiferia\u00bb que formaba el antiguo imperio austroh\u00fangaro.<\/p>\n","category_list_v2":"","author_info_v2":{"name":"","url":""},"comments_num_v2":"0 comentarios","_links":{"self":[{"href":"https:\/\/ajupe.com.uy\/web\/wp-json\/wp\/v2\/product\/4979","targetHints":{"allow":["GET"]}}],"collection":[{"href":"https:\/\/ajupe.com.uy\/web\/wp-json\/wp\/v2\/product"}],"about":[{"href":"https:\/\/ajupe.com.uy\/web\/wp-json\/wp\/v2\/types\/product"}],"wp:featuredmedia":[{"embeddable":true,"href":"https:\/\/ajupe.com.uy\/web\/wp-json\/wp\/v2\/media\/4980"}],"wp:attachment":[{"href":"https:\/\/ajupe.com.uy\/web\/wp-json\/wp\/v2\/media?parent=4979"}],"wp:term":[{"taxonomy":"product_brand","embeddable":true,"href":"https:\/\/ajupe.com.uy\/web\/wp-json\/wp\/v2\/product_brand?post=4979"},{"taxonomy":"product_cat","embeddable":true,"href":"https:\/\/ajupe.com.uy\/web\/wp-json\/wp\/v2\/product_cat?post=4979"},{"taxonomy":"product_tag","embeddable":true,"href":"https:\/\/ajupe.com.uy\/web\/wp-json\/wp\/v2\/product_tag?post=4979"}],"curies":[{"name":"wp","href":"https:\/\/api.w.org\/{rel}","templated":true}]}}