{"id":5000,"date":"2011-10-10T20:55:17","date_gmt":"2011-10-10T23:55:17","guid":{"rendered":"http:\/\/ajupe.com.uy\/web\/?post_type=product&#038;p=5000"},"modified":"2011-10-25T18:48:08","modified_gmt":"2011-10-25T21:48:08","slug":"aurora-boreal-2","status":"publish","type":"product","link":"https:\/\/ajupe.com.uy\/web\/biblioteca\/aurora-boreal-2\/","title":{"rendered":"Aurora Boreal"},"content":{"rendered":"<p>Romance y suspense combinados con la habitual maestr\u00eda que caracteriza  todas las novelas de la superventas Nora Roberts . En la presente  historia un ex detective abandona la gran ciudad para trabajar de jefe  de polic\u00eda en una remota localidad de Alaska. El proceso de adaptaci\u00f3n  del hombre urbano requiere tiempo, pero comienza a ganarse la confianza  de los peculiares habitantes de Lunacy. Un d\u00eda, buscando a unos j\u00f3venes  perdidos en una tormenta, hallan el cad\u00e1ver de un hombre en una cueva. Y  ese no ser\u00e1 el \u00fanico asesinato&#8230;<\/p>\n","protected":false},"excerpt":{"rendered":"<p>Romance y suspense combinados con la habitual maestr\u00eda que caracteriza todas las novelas de la superventas Nora Roberts . En la presente historia un ex detective abandona la gran ciudad para trabajar de jefe de polic\u00eda en una remota localidad de Alaska. El proceso de adaptaci\u00f3n del hombre urbano requiere tiempo, pero comienza a ganarse [&hellip;]<\/p>\n","protected":false},"featured_media":5001,"template":"","meta":[],"product_brand":[267],"product_cat":[38,29],"product_tag":[],"class_list":{"0":"post-5000","1":"product","2":"type-product","3":"status-publish","4":"has-post-thumbnail","6":"product_brand-nora-roberts","7":"product_cat-amor","8":"product_cat-novela","10":"first","11":"instock","12":"purchasable","13":"product-type-simple"},"featured_image_urls_v2":{"full":["https:\/\/ajupe.com.uy\/web\/wp-content\/uploads\/2016\/04\/p-5000-Aurora_Boreal_4e935bb53a3ab.jpg",150,225,false],"thumbnail":["https:\/\/ajupe.com.uy\/web\/wp-content\/uploads\/2016\/04\/p-5000-Aurora_Boreal_4e935bb53a3ab.jpg",150,150,true],"medium":["https:\/\/ajupe.com.uy\/web\/wp-content\/uploads\/2016\/04\/p-5000-Aurora_Boreal_4e935bb53a3ab.jpg",300,214,true],"medium_large":["https:\/\/ajupe.com.uy\/web\/wp-content\/uploads\/2016\/04\/p-5000-Aurora_Boreal_4e935bb53a3ab.jpg",150,225,false],"large":["https:\/\/ajupe.com.uy\/web\/wp-content\/uploads\/2016\/04\/p-5000-Aurora_Boreal_4e935bb53a3ab.jpg",150,225,false],"1536x1536":["https:\/\/ajupe.com.uy\/web\/wp-content\/uploads\/2016\/04\/p-5000-Aurora_Boreal_4e935bb53a3ab.jpg",150,225,false],"2048x2048":["https:\/\/ajupe.com.uy\/web\/wp-content\/uploads\/2016\/04\/p-5000-Aurora_Boreal_4e935bb53a3ab.jpg",150,225,false],"woocommerce_archive_thumbnail":["https:\/\/ajupe.com.uy\/web\/wp-content\/uploads\/2016\/04\/p-5000-Aurora_Boreal_4e935bb53a3ab.jpg",150,225,false],"woocommerce_thumbnail":["https:\/\/ajupe.com.uy\/web\/wp-content\/uploads\/2016\/04\/p-5000-Aurora_Boreal_4e935bb53a3ab.jpg",150,225,false],"woocommerce_single":["https:\/\/ajupe.com.uy\/web\/wp-content\/uploads\/2016\/04\/p-5000-Aurora_Boreal_4e935bb53a3ab.jpg",150,225,false],"woocommerce_gallery_thumbnail":["https:\/\/ajupe.com.uy\/web\/wp-content\/uploads\/2016\/04\/p-5000-Aurora_Boreal_4e935bb53a3ab-100x100.jpg",100,100,true]},"post_excerpt_stackable_v2":"<p>Romance y suspense combinados con la habitual maestr\u00eda que caracteriza todas las novelas de la superventas Nora Roberts . En la presente historia un ex detective abandona la gran ciudad para trabajar de jefe de polic\u00eda en una remota localidad de Alaska. El proceso de adaptaci\u00f3n del hombre urbano requiere tiempo, pero comienza a ganarse la confianza de los peculiares habitantes de Lunacy. Un d\u00eda, buscando a unos j\u00f3venes perdidos en una tormenta, hallan el cad\u00e1ver de un hombre en una cueva. Y ese no ser\u00e1 el \u00fanico asesinato&#8230;<\/p>\n","category_list_v2":"","author_info_v2":{"name":"","url":""},"comments_num_v2":"0 comentarios","_links":{"self":[{"href":"https:\/\/ajupe.com.uy\/web\/wp-json\/wp\/v2\/product\/5000","targetHints":{"allow":["GET"]}}],"collection":[{"href":"https:\/\/ajupe.com.uy\/web\/wp-json\/wp\/v2\/product"}],"about":[{"href":"https:\/\/ajupe.com.uy\/web\/wp-json\/wp\/v2\/types\/product"}],"wp:featuredmedia":[{"embeddable":true,"href":"https:\/\/ajupe.com.uy\/web\/wp-json\/wp\/v2\/media\/5001"}],"wp:attachment":[{"href":"https:\/\/ajupe.com.uy\/web\/wp-json\/wp\/v2\/media?parent=5000"}],"wp:term":[{"taxonomy":"product_brand","embeddable":true,"href":"https:\/\/ajupe.com.uy\/web\/wp-json\/wp\/v2\/product_brand?post=5000"},{"taxonomy":"product_cat","embeddable":true,"href":"https:\/\/ajupe.com.uy\/web\/wp-json\/wp\/v2\/product_cat?post=5000"},{"taxonomy":"product_tag","embeddable":true,"href":"https:\/\/ajupe.com.uy\/web\/wp-json\/wp\/v2\/product_tag?post=5000"}],"curies":[{"name":"wp","href":"https:\/\/api.w.org\/{rel}","templated":true}]}}