{"id":5003,"date":"2011-10-10T20:56:51","date_gmt":"2011-10-10T23:56:51","guid":{"rendered":"http:\/\/ajupe.com.uy\/web\/?post_type=product&#038;p=5003"},"modified":"2011-10-25T18:34:16","modified_gmt":"2011-10-25T21:34:16","slug":"cronica-desaforada","status":"publish","type":"product","link":"https:\/\/ajupe.com.uy\/web\/biblioteca\/cronica-desaforada\/","title":{"rendered":"Cr\u00f3nica desaforada"},"content":{"rendered":"<p><span style=\"margin-top: 0pt; margin-bottom: 0pt;\">Esta  historia no pretende ser imparcial, al contrario, pronto borra toda  sospecha de asepsia. Es comprometida, controversial, informada hasta la  exageraci\u00f3n, descubre las tramas secretas del poder y las expone a luz:  muestra impiadosamente la desnudez del rey a contrapelo de quienes le  dicen que est\u00e1 lujosamente engalanado. Con un ritmo chispeante recorre  los \u00faltimos 56 a\u00f1os de nuestro pa\u00eds y el mundo. Le agrega soltura  period\u00edstica, desenfado, ingenio e iron\u00eda que lleva al lector a veces,  al borde de la risa. Es un libro para querer y disfrutar\u2026o para enojarse  y odiarlo. Nadie quedar\u00e1 indiferente con su lectura. Estas son algunas  de las innumerables preguntas que Jos\u00e9 Luis Baumgartner responde: \u00bfLuis  Batlle Berres fue un hombre de izquierda? Sanguinetti y Jorge Batlle,  \u00bfson batllistas? \u00bfSeregni fue un l\u00edder inventado? \u00bfCu\u00e1ndo empez\u00f3 el  sector exportador a presionar por un ajuste en el tipo de cambio? \u00bfQu\u00e9  pretend\u00eda el MLN? \u00bfFueron terroristas? \u00bfQui\u00e9n era realmente Jorge  Pacheco Areco? \u00bfC\u00f3mo se form\u00f3 el Frente Amplio? \u00bfC\u00f3mo se dirimi\u00f3 el  forcejeo por las listas en 1971? \u00bfQui\u00e9n fue Nelson Bardesio, actual  predicador religioso? \u00bfC\u00f3mo se vivi\u00f3 el A\u00f1o de la Orientalidad? \u00bfC\u00f3mo  los militares saldaron cuentas con la marmoler\u00eda proveedora del Mausoleo  de Artigas? \u00bfWilson Ferreira Aldunate fue s\u00f3lo un ansioso por llegar?<\/span><\/p>\n","protected":false},"excerpt":{"rendered":"<p>Esta historia no pretende ser imparcial, al contrario, pronto borra toda sospecha de asepsia. Es comprometida, controversial, informada hasta la exageraci\u00f3n, descubre las tramas secretas del poder y las expone a luz: muestra impiadosamente la desnudez del rey a contrapelo de quienes le dicen que est\u00e1 lujosamente engalanado. Con un ritmo chispeante recorre los \u00faltimos [&hellip;]<\/p>\n","protected":false},"featured_media":5004,"template":"","meta":[],"product_brand":[750],"product_cat":[47,45],"product_tag":[],"class_list":{"0":"post-5003","1":"product","2":"type-product","3":"status-publish","4":"has-post-thumbnail","6":"product_brand-jose-luis-baumgartner","7":"product_cat-ensayo","8":"product_cat-uruguayo","10":"first","11":"instock","12":"purchasable","13":"product-type-simple"},"featured_image_urls_v2":{"full":["https:\/\/ajupe.com.uy\/web\/wp-content\/uploads\/2016\/04\/p-5003-Cr__nica_desafor_4e935c139ff8c.jpg",191,263,false],"thumbnail":["https:\/\/ajupe.com.uy\/web\/wp-content\/uploads\/2016\/04\/p-5003-Cr__nica_desafor_4e935c139ff8c.jpg",150,150,true],"medium":["https:\/\/ajupe.com.uy\/web\/wp-content\/uploads\/2016\/04\/p-5003-Cr__nica_desafor_4e935c139ff8c.jpg",300,214,true],"medium_large":["https:\/\/ajupe.com.uy\/web\/wp-content\/uploads\/2016\/04\/p-5003-Cr__nica_desafor_4e935c139ff8c.jpg",191,263,false],"large":["https:\/\/ajupe.com.uy\/web\/wp-content\/uploads\/2016\/04\/p-5003-Cr__nica_desafor_4e935c139ff8c.jpg",191,263,false],"1536x1536":["https:\/\/ajupe.com.uy\/web\/wp-content\/uploads\/2016\/04\/p-5003-Cr__nica_desafor_4e935c139ff8c.jpg",191,263,false],"2048x2048":["https:\/\/ajupe.com.uy\/web\/wp-content\/uploads\/2016\/04\/p-5003-Cr__nica_desafor_4e935c139ff8c.jpg",191,263,false],"woocommerce_archive_thumbnail":["https:\/\/ajupe.com.uy\/web\/wp-content\/uploads\/2016\/04\/p-5003-Cr__nica_desafor_4e935c139ff8c.jpg",191,263,false],"woocommerce_thumbnail":["https:\/\/ajupe.com.uy\/web\/wp-content\/uploads\/2016\/04\/p-5003-Cr__nica_desafor_4e935c139ff8c.jpg",191,263,false],"woocommerce_single":["https:\/\/ajupe.com.uy\/web\/wp-content\/uploads\/2016\/04\/p-5003-Cr__nica_desafor_4e935c139ff8c.jpg",191,263,false],"woocommerce_gallery_thumbnail":["https:\/\/ajupe.com.uy\/web\/wp-content\/uploads\/2016\/04\/p-5003-Cr__nica_desafor_4e935c139ff8c-100x100.jpg",100,100,true]},"post_excerpt_stackable_v2":"<p>Esta historia no pretende ser imparcial, al contrario, pronto borra toda sospecha de asepsia. Es comprometida, controversial, informada hasta la exageraci\u00f3n, descubre las tramas secretas del poder y las expone a luz: muestra impiadosamente la desnudez del rey a contrapelo de quienes le dicen que est\u00e1 lujosamente engalanado. Con un ritmo chispeante recorre los \u00faltimos 56 a\u00f1os de nuestro pa\u00eds y el mundo. Le agrega soltura period\u00edstica, desenfado, ingenio e iron\u00eda que lleva al lector a veces, al borde de la risa. Es un libro para querer y disfrutar\u2026o para enojarse y odiarlo. Nadie quedar\u00e1 indiferente con su lectura. Estas&hellip;<\/p>\n","category_list_v2":"","author_info_v2":{"name":"","url":""},"comments_num_v2":"0 comentarios","_links":{"self":[{"href":"https:\/\/ajupe.com.uy\/web\/wp-json\/wp\/v2\/product\/5003","targetHints":{"allow":["GET"]}}],"collection":[{"href":"https:\/\/ajupe.com.uy\/web\/wp-json\/wp\/v2\/product"}],"about":[{"href":"https:\/\/ajupe.com.uy\/web\/wp-json\/wp\/v2\/types\/product"}],"wp:featuredmedia":[{"embeddable":true,"href":"https:\/\/ajupe.com.uy\/web\/wp-json\/wp\/v2\/media\/5004"}],"wp:attachment":[{"href":"https:\/\/ajupe.com.uy\/web\/wp-json\/wp\/v2\/media?parent=5003"}],"wp:term":[{"taxonomy":"product_brand","embeddable":true,"href":"https:\/\/ajupe.com.uy\/web\/wp-json\/wp\/v2\/product_brand?post=5003"},{"taxonomy":"product_cat","embeddable":true,"href":"https:\/\/ajupe.com.uy\/web\/wp-json\/wp\/v2\/product_cat?post=5003"},{"taxonomy":"product_tag","embeddable":true,"href":"https:\/\/ajupe.com.uy\/web\/wp-json\/wp\/v2\/product_tag?post=5003"}],"curies":[{"name":"wp","href":"https:\/\/api.w.org\/{rel}","templated":true}]}}